{"id":6503,"date":"2024-08-01T19:27:33","date_gmt":"2024-08-01T19:27:33","guid":{"rendered":"https:\/\/silvertactical.hu\/?page_id=6503"},"modified":"2024-08-01T19:45:14","modified_gmt":"2024-08-01T19:45:14","slug":"shipping","status":"publish","type":"page","link":"https:\/\/silvertactical.hu\/hu\/shipping\/","title":{"rendered":"Sz\u00e1ll\u00edt\u00e1s"},"content":{"rendered":"<div data-elementor-type=\"wp-page\" data-elementor-id=\"6503\" class=\"elementor elementor-6503\" data-elementor-post-type=\"page\">\n\t\t\t\t<div class=\"elementor-element elementor-element-9e60b7e e-flex e-con-boxed e-con e-parent\" data-id=\"9e60b7e\" data-element_type=\"container\">\n\t\t\t\t\t<div class=\"e-con-inner\">\n\t\t\t\t<div class=\"elementor-element elementor-element-22dc115 elementor-widget elementor-widget-text-editor\" data-id=\"22dc115\" data-element_type=\"widget\" data-widget_type=\"text-editor.default\">\n\t\t\t\t<div class=\"elementor-widget-container\">\n\t\t\t\t\t\t\t<div id=\"tab_contactshipping_content\" class=\"page_tab_content\" style=\"display: block;\"><div id=\"page_contact_shipping_502742\" class=\"page_contact_mod_1 mb-5\"><div class=\"page-contact-subtitle font-s font-sm-m title--theme-2\"><span style=\"vertical-align: inherit;\"><span style=\"vertical-align: inherit;\">GLS Courier Service<\/span><\/span><\/div><div class=\"page-contact-content\"><div class=\"page_contact_shipping_spec_pic mb-3\"><img decoding=\"async\" src=\"https:\/\/silvertactical.hu\/shop_ordered\/97411\/pic\/icon\/shipping_502742.png\" alt=\"GLS Courier Service\" \/><\/div><div class=\"page-contact-text font-s mb-3\"><span style=\"vertical-align: inherit;\"><span style=\"vertical-align: inherit;\">GLS offers a high level of package delivery. One of the largest courier services on the European market, all with reliable turnaround time and package management, user-friendly, modern IT support and flexible, individual solutions.<\/span><\/span><\/div><div class=\"page_contact_mod_table_outer mb-3 font-s font-sm-m\"><p><!--has shipping cost on admin--><\/p><div class=\"table shipping-cost-table\"><div class=\"th shipping-cost__header bg-8\"><div class=\"td td-2x shipping-cost__type-text\"><div class=\"td-inner\"><p>Order total<\/p><\/div><\/div><div class=\"td shipping-cost__cost-text\"><div class=\"td-inner\"><span style=\"vertical-align: inherit;\"><span style=\"vertical-align: inherit;\">Shipping cost<\/span><\/span><\/div><\/div><\/div><div class=\"clear\">\u00a0<\/div><div class=\"tb shipping-cost__body\"><div class=\"tr\"><div class=\"td shipping-cost__col-from\"><div class=\"td-inner\"><p><span style=\"vertical-align: inherit;\"><span class=\"shipping-cost__currency-type\"><span style=\"vertical-align: inherit;\">\u00a0HUF <\/span><\/span><span class=\"shipping-cost__from\"><span style=\"vertical-align: inherit;\">0<\/span><\/span><\/span><\/p><\/div><\/div><div class=\"td shipping-cost__col-to\"><div class=\"td-inner\"><p>\u2013<\/p><\/div><\/div><div class=\"td shipping-cost__col-cost font-weight-700\"><div class=\"td-inner\"><span class=\"shipping-cost__text-free\"><span style=\"vertical-align: inherit;\"><span style=\"vertical-align: inherit;\">free<\/span><\/span><\/span><\/div><\/div><\/div><div class=\"clear\">\u00a0<\/div><\/div><\/div><\/div><\/div><\/div><div id=\"page_contact_shipping_633589\" class=\"page_contact_mod_1 mb-5\"><div class=\"page-contact-subtitle font-s font-sm-m title--theme-2\"><span style=\"vertical-align: inherit;\"><span style=\"vertical-align: inherit;\">GLS ParcelPoint<\/span><\/span><\/div><div class=\"page-contact-content\"><div class=\"page_contact_shipping_spec_pic mb-3\"><img decoding=\"async\" src=\"https:\/\/silvertactical.hu\/shop_ordered\/97411\/pic\/icon\/shipping_633589.png\" alt=\"GLS ParcelPoint\" \/><\/div><div class=\"page-contact-text font-s mb-3\"><span style=\"vertical-align: inherit;\"><span style=\"vertical-align: inherit;\">Please WRITE IN THE COMMENT FIELD WHICH PARCEL POINT YOU REQUEST YOUR ORDER FOR! <\/span><\/span><br \/><br \/><span style=\"vertical-align: inherit;\"><span style=\"vertical-align: inherit;\">You can pick up the ordered goods at a place and time that suits you at more than 800 points in more than 350 settlements in the country. Cash on delivery is available at all collection points, and you can also pay by bank card in many shops whose addresses are included in the GLS Parcel Point list: https:\/\/ www.p\u00e4kk.hu\/p\u00e4kkpont-kereso<\/span><\/span><\/div><div class=\"page_contact_mod_table_outer mb-3 font-s font-sm-m\"><p><!--has shipping cost on admin--><\/p><div class=\"table shipping-cost-table\"><div class=\"th shipping-cost__header bg-8\"><div class=\"td td-2x shipping-cost__type-text\"><div class=\"td-inner\"><p>Order total<\/p><\/div><\/div><div class=\"td shipping-cost__cost-text\"><div class=\"td-inner\"><span style=\"vertical-align: inherit;\"><span style=\"vertical-align: inherit;\">Shipping cost<\/span><\/span><\/div><\/div><\/div><div class=\"clear\">\u00a0<\/div><div class=\"tb shipping-cost__body\"><div class=\"tr\"><div class=\"td shipping-cost__col-from\"><div class=\"td-inner\"><p><span style=\"vertical-align: inherit;\"><span class=\"shipping-cost__currency-type\"><span style=\"vertical-align: inherit;\">\u00a0HUF <\/span><\/span><span class=\"shipping-cost__from\"><span style=\"vertical-align: inherit;\">0<\/span><\/span><\/span><\/p><\/div><\/div><div class=\"td shipping-cost__col-to\"><div class=\"td-inner\"><p>\u2013<\/p><\/div><\/div><div class=\"td shipping-cost__col-cost font-weight-700\"><div class=\"td-inner\"><span class=\"shipping-cost__text-free\"><span style=\"vertical-align: inherit;\"><span style=\"vertical-align: inherit;\">free<\/span><\/span><\/span><\/div><\/div><\/div><div class=\"clear\">\u00a0<\/div><\/div><\/div><\/div><\/div><\/div><div id=\"page_contact_shipping_502748\" class=\"page_contact_mod_1 mb-5\"><div class=\"page-contact-subtitle font-s font-sm-m title--theme-2\"><span style=\"vertical-align: inherit;\"><span style=\"vertical-align: inherit;\">Personal collection in our store<\/span><\/span><\/div><div class=\"page-contact-content\"><div class=\"page_contact_shipping_spec_pic mb-3\"><img decoding=\"async\" src=\"https:\/\/silvertactical.hu\/shop_ordered\/97411\/pic\/icon\/shipping_502748.png\" alt=\"Personal collection in our store\" \/><\/div><div class=\"page_contact_mod_table_outer mb-3 font-s font-sm-m\">\u00a0<\/div><\/div><\/div><div id=\"page_contact_shipping_3736784\" class=\"page_contact_mod_1 mb-5\"><div class=\"page-contact-subtitle font-s font-sm-m title--theme-2\"><span style=\"vertical-align: inherit;\"><span style=\"vertical-align: inherit;\">International Shipping<\/span><\/span><\/div><div class=\"page-contact-content\"><div class=\"page-contact-text font-s mb-3\"><span style=\"vertical-align: inherit;\"><span style=\"vertical-align: inherit;\">International shipping available only over 50\u20ac on the checkout<\/span><\/span><\/div><div class=\"page_contact_mod_table_outer mb-3 font-s font-sm-m\"><p><!--has shipping cost on admin--><\/p><div class=\"table shipping-cost-table\"><div class=\"th shipping-cost__header bg-8\"><div class=\"td td-2x shipping-cost__type-text\"><div class=\"td-inner\"><p>Order total<\/p><\/div><\/div><div class=\"td shipping-cost__cost-text\"><div class=\"td-inner\"><span style=\"vertical-align: inherit;\"><span style=\"vertical-align: inherit;\">Shipping cost<\/span><\/span><\/div><\/div><\/div><div class=\"clear\">\u00a0<\/div><div class=\"tb shipping-cost__body\"><div class=\"tr\"><div class=\"td shipping-cost__col-from\"><div class=\"td-inner\"><p><span style=\"vertical-align: inherit;\"><span class=\"shipping-cost__currency-type\"><span style=\"vertical-align: inherit;\">\u00a0HUF <\/span><\/span><span class=\"shipping-cost__from\"><span style=\"vertical-align: inherit;\">0<\/span><\/span><\/span><\/p><\/div><\/div><div class=\"td shipping-cost__col-to\"><div class=\"td-inner\"><p>\u2013<\/p><\/div><\/div><div class=\"td shipping-cost__col-cost font-weight-700\"><div class=\"td-inner\"><span class=\"shipping-cost__price\"><span style=\"vertical-align: inherit;\"><span style=\"vertical-align: inherit;\">HUF 3,963<\/span><\/span><\/span><\/div><\/div><\/div><\/div><\/div><\/div><\/div><\/div><\/div>\t\t\t\t\t\t<\/div>\n\t\t\t\t<\/div>\n\t\t\t\t\t<\/div>\n\t\t\t\t<\/div>\n\t\t\t\t<\/div>","protected":false},"excerpt":{"rendered":"<p>GLS Courier ServiceGLS offers a high level of package delivery. One of the largest courier services on the European market, all with reliable turnaround time and package management, user-friendly, modern IT support and flexible, individual solutions. Order total Shipping cost\u00a0 \u00a0HUF 0 \u2013 free\u00a0GLS ParcelPointPlease WRITE IN THE COMMENT FIELD WHICH PARCEL POINT YOU REQUEST &hellip;<\/p>\n<p class=\"read-more\"> <a class=\"\" href=\"https:\/\/silvertactical.hu\/hu\/shipping\/\"> <span class=\"screen-reader-text\">Sz\u00e1ll\u00edt\u00e1s<\/span> Read More &raquo;<\/a><\/p>","protected":false},"author":1,"featured_media":0,"parent":0,"menu_order":0,"comment_status":"closed","ping_status":"closed","template":"","meta":{"site-sidebar-layout":"no-sidebar","site-content-layout":"page-builder","ast-site-content-layout":"full-width-container","site-content-style":"default","site-sidebar-style":"default","ast-global-header-display":"","ast-banner-title-visibility":"","ast-main-header-display":"","ast-hfb-above-header-display":"","ast-hfb-below-header-display":"","ast-hfb-mobile-header-display":"","site-post-title":"disabled","ast-breadcrumbs-content":"","ast-featured-img":"disabled","footer-sml-layout":"","theme-transparent-header-meta":"","adv-header-id-meta":"","stick-header-meta":"","header-above-stick-meta":"","header-main-stick-meta":"","header-below-stick-meta":"","astra-migrate-meta-layouts":"set","ast-page-background-enabled":"default","ast-page-background-meta":{"desktop":{"background-color":"","background-image":"","background-repeat":"repeat","background-position":"center center","background-size":"auto","background-attachment":"scroll","background-type":"","background-media":"","overlay-type":"","overlay-color":"","overlay-gradient":""},"tablet":{"background-color":"","background-image":"","background-repeat":"repeat","background-position":"center center","background-size":"auto","background-attachment":"scroll","background-type":"","background-media":"","overlay-type":"","overlay-color":"","overlay-gradient":""},"mobile":{"background-color":"","background-image":"","background-repeat":"repeat","background-position":"center center","background-size":"auto","background-attachment":"scroll","background-type":"","background-media":"","overlay-type":"","overlay-color":"","overlay-gradient":""}},"ast-content-background-meta":{"desktop":{"background-color":"var(--ast-global-color-5)","background-image":"","background-repeat":"repeat","background-position":"center center","background-size":"auto","background-attachment":"scroll","background-type":"","background-media":"","overlay-type":"","overlay-color":"","overlay-gradient":""},"tablet":{"background-color":"var(--ast-global-color-5)","background-image":"","background-repeat":"repeat","background-position":"center center","background-size":"auto","background-attachment":"scroll","background-type":"","background-media":"","overlay-type":"","overlay-color":"","overlay-gradient":""},"mobile":{"background-color":"var(--ast-global-color-5)","background-image":"","background-repeat":"repeat","background-position":"center center","background-size":"auto","background-attachment":"scroll","background-type":"","background-media":"","overlay-type":"","overlay-color":"","overlay-gradient":""}},"footnotes":""},"_links":{"self":[{"href":"https:\/\/silvertactical.hu\/hu\/wp-json\/wp\/v2\/pages\/6503"}],"collection":[{"href":"https:\/\/silvertactical.hu\/hu\/wp-json\/wp\/v2\/pages"}],"about":[{"href":"https:\/\/silvertactical.hu\/hu\/wp-json\/wp\/v2\/types\/page"}],"author":[{"embeddable":true,"href":"https:\/\/silvertactical.hu\/hu\/wp-json\/wp\/v2\/users\/1"}],"replies":[{"embeddable":true,"href":"https:\/\/silvertactical.hu\/hu\/wp-json\/wp\/v2\/comments?post=6503"}],"version-history":[{"count":10,"href":"https:\/\/silvertactical.hu\/hu\/wp-json\/wp\/v2\/pages\/6503\/revisions"}],"predecessor-version":[{"id":6513,"href":"https:\/\/silvertactical.hu\/hu\/wp-json\/wp\/v2\/pages\/6503\/revisions\/6513"}],"wp:attachment":[{"href":"https:\/\/silvertactical.hu\/hu\/wp-json\/wp\/v2\/media?parent=6503"}],"curies":[{"name":"wp","href":"https:\/\/api.w.org\/{rel}","templated":true}]}}