{"id":1191,"date":"2023-11-27T11:46:19","date_gmt":"2023-11-27T11:46:19","guid":{"rendered":"https:\/\/silvertactical.wordwiseme.com\/?post_type=product&#038;p=1191"},"modified":"2024-10-02T08:44:07","modified_gmt":"2024-10-02T08:44:07","slug":"green-mil-tec-hunting-pants","status":"publish","type":"product","link":"https:\/\/silvertactical.hu\/hu\/item\/green-mil-tec-hunting-pants\/","title":{"rendered":"GREEN MIL-TEC\u00ae HUNTING PANTS"},"content":{"rendered":"<p>Fels\u0151 r\u00e9sz: 85% poli\u00e9szter, 15% Nylon<\/p>\n<p>Lining: 100% Polyester<\/p>\n<p>&#8211; csendes, k\u00e9nyelmes nadr\u00e1g<\/p>\n<p>&#8211; 2 oldalzseb<\/p>\n<p>&#8211; 4,5 cm sz\u00e9les \u00f6vb\u00fajtat\u00f3<\/p>\n<p>&#8211; elasztikus korc<\/p>\n<p>&#8211; 2 cipz\u00e1ros, hajt\u00f3k\u00e1s h\u00e1ts\u00f3 z\u00e1rhat\u00f3 zseb<\/p>\n<p>&#8211; 2 nagy patentes combzseb<\/p>\n<p>&#8211; gombbal \u00e1ll\u00edthat\u00f3 l\u00e1bsz\u00e1r<\/p>","protected":false},"excerpt":{"rendered":"<p>Fels\u0151 r\u00e9sz: 85% poli\u00e9szter, 15% Nylon<\/p>\n<p>Lining: 100% Polyester<\/p>\n<p>&#8211; csendes, k\u00e9nyelmes nadr\u00e1g<\/p>\n<p>&#8211; 2 oldalzseb<\/p>\n<p>&#8211; 4,5 cm sz\u00e9les \u00f6vb\u00fajtat\u00f3<\/p>\n<p>&#8211; elasztikus korc<\/p>\n<p>&#8211; 2 cipz\u00e1ros, hajt\u00f3k\u00e1s h\u00e1ts\u00f3 z\u00e1rhat\u00f3 zseb<\/p>\n<p>&#8211; 2 nagy patentes combzseb<\/p>\n<p>&#8211; gombbal \u00e1ll\u00edthat\u00f3 l\u00e1bsz\u00e1r<\/p>","protected":false},"featured_media":5888,"template":"","meta":{"site-sidebar-layout":"default","site-content-layout":"","ast-site-content-layout":"default","site-content-style":"default","site-sidebar-style":"default","ast-global-header-display":"","ast-banner-title-visibility":"","ast-main-header-display":"","ast-hfb-above-header-display":"","ast-hfb-below-header-display":"","ast-hfb-mobile-header-display":"","site-post-title":"","ast-breadcrumbs-content":"","ast-featured-img":"","footer-sml-layout":"","theme-transparent-header-meta":"default","adv-header-id-meta":"","stick-header-meta":"","header-above-stick-meta":"","header-main-stick-meta":"","header-below-stick-meta":"","astra-migrate-meta-layouts":"set","ast-page-background-enabled":"default","ast-page-background-meta":{"desktop":{"background-color":"","background-image":"","background-repeat":"repeat","background-position":"center center","background-size":"auto","background-attachment":"scroll","background-type":"","background-media":"","overlay-type":"","overlay-color":"","overlay-gradient":""},"tablet":{"background-color":"","background-image":"","background-repeat":"repeat","background-position":"center center","background-size":"auto","background-attachment":"scroll","background-type":"","background-media":"","overlay-type":"","overlay-color":"","overlay-gradient":""},"mobile":{"background-color":"","background-image":"","background-repeat":"repeat","background-position":"center center","background-size":"auto","background-attachment":"scroll","background-type":"","background-media":"","overlay-type":"","overlay-color":"","overlay-gradient":""}},"ast-content-background-meta":{"desktop":{"background-color":"var(--ast-global-color-5)","background-image":"","background-repeat":"repeat","background-position":"center center","background-size":"auto","background-attachment":"scroll","background-type":"","background-media":"","overlay-type":"","overlay-color":"","overlay-gradient":""},"tablet":{"background-color":"var(--ast-global-color-5)","background-image":"","background-repeat":"repeat","background-position":"center center","background-size":"auto","background-attachment":"scroll","background-type":"","background-media":"","overlay-type":"","overlay-color":"","overlay-gradient":""},"mobile":{"background-color":"var(--ast-global-color-5)","background-image":"","background-repeat":"repeat","background-position":"center center","background-size":"auto","background-attachment":"scroll","background-type":"","background-media":"","overlay-type":"","overlay-color":"","overlay-gradient":""}}},"product_cat":[47],"product_tag":[],"_links":{"self":[{"href":"https:\/\/silvertactical.hu\/hu\/wp-json\/wp\/v2\/product\/1191"}],"collection":[{"href":"https:\/\/silvertactical.hu\/hu\/wp-json\/wp\/v2\/product"}],"about":[{"href":"https:\/\/silvertactical.hu\/hu\/wp-json\/wp\/v2\/types\/product"}],"version-history":[{"count":4,"href":"https:\/\/silvertactical.hu\/hu\/wp-json\/wp\/v2\/product\/1191\/revisions"}],"predecessor-version":[{"id":6761,"href":"https:\/\/silvertactical.hu\/hu\/wp-json\/wp\/v2\/product\/1191\/revisions\/6761"}],"wp:featuredmedia":[{"embeddable":true,"href":"https:\/\/silvertactical.hu\/hu\/wp-json\/wp\/v2\/media\/5888"}],"wp:attachment":[{"href":"https:\/\/silvertactical.hu\/hu\/wp-json\/wp\/v2\/media?parent=1191"}],"wp:term":[{"taxonomy":"product_cat","embeddable":true,"href":"https:\/\/silvertactical.hu\/hu\/wp-json\/wp\/v2\/product_cat?post=1191"},{"taxonomy":"product_tag","embeddable":true,"href":"https:\/\/silvertactical.hu\/hu\/wp-json\/wp\/v2\/product_tag?post=1191"}],"curies":[{"name":"wp","href":"https:\/\/api.w.org\/{rel}","templated":true}]}}