{"id":1207,"date":"2023-11-27T11:46:20","date_gmt":"2023-11-27T11:46:20","guid":{"rendered":"https:\/\/silvertactical.wordwiseme.com\/?post_type=product&#038;p=1207"},"modified":"2024-10-02T08:44:12","modified_gmt":"2024-10-02T08:44:12","slug":"helikon-tex-defender-jacket-fleece","status":"publish","type":"product","link":"https:\/\/silvertactical.hu\/hu\/item\/helikon-tex-defender-jacket-fleece\/","title":{"rendered":"Helikon-Tex\u00ae &#8211; DEFENDER Jacket &#8211; Fleece"},"content":{"rendered":"<div id=\"artdet__short-descrition\" class=\"artdet__short-descripton my-4\">\n<div class=\"artdet__short-descripton-content js-short-descripton__content font-s font-sm-m\">High insulation<\/p>\n<p>Main two-way YKK\u00ae zipper with a wind flap and chin guard<\/p>\n<p>Napoleon pocket with wiring eyelet and device slot<\/p>\n<p>Two bottom side slash pockets with zipper closure<\/p>\n<p>Reinforced shoulders and elbows<\/p>\n<p>Quick Side Access\u2122 system<\/p>\n<p>Hidden ID panels for Law Enforcement personalization (Front: 12 cm wide x 7,5 cm high, Back: 26 cm wide x 10 cm high)<\/p>\n<p>Adjustable hook and loop cuffs<\/p>\n<p>Elastic corded bottom with quick-locks for individual fit<\/p>\n<p>WooJin\u00ae bucklesAnyaga: 100% polyester, Double Fleece 330g\/m2<\/p>\n<p>S\u00falya: 1100 g<\/p>\n<p>&nbsp;<\/p>\n<p>A Defender egy gyapj\u00fakab\u00e1t, amely csak fekete sz\u00ednben kaphat\u00f3. Ezt a ruh\u00e1t a rend\u00e9szeti, \u00e9s biztons\u00e1gi szerepl\u0151k sz\u00e1m\u00e1ra sz\u00e1nj\u00e1k. A kialak\u00edt\u00e1s h\u00e1rom alapzsebb\u0151l \u00e1ll, v\u00e1ll- \u00e9s k\u00f6ny\u00f6k meger\u0151s\u00edt\u00e9ssel. A konstrukci\u00f3 h\u00e1rom rejtegethet\u0151 azonos\u00edt\u00f3 panellel van felszerelve. K\u00e9t \u00fcres azonos\u00edt\u00f3 panelt tartalmaz, amelyek lehet\u0151v\u00e9 teszik a felhaszn\u00e1l\u00f3 testreszab\u00e1s\u00e1t. A Composed Quick Side Access \u2122 seg\u00edts\u00e9g\u00e9vel k\u00f6nny\u0171 megragadni a pisztolyt \u00e9s az egy\u00e9b, \u00f6vre szerelt felszerel\u00e9st.<\/p>\n<p>A Quick Side Access \u2122 (QSA \u2122) egy egyed\u00fcl\u00e1ll\u00f3 rendszer, amely garant\u00e1lja a der\u00e9kra szerelt \u00f6sszes taktikai kieg\u00e9sz\u00edt\u0151 gyors, \u00e9s k\u00e9nyelmes el\u00e9r\u00e9s\u00e9t. A QSA \u2122 rendszerben alkalmazott ergon\u00f3miai megold\u00e1soknak k\u00f6sz\u00f6nhet\u0151en egy sima mozdulattal pisztolyt, vagy b\u00e1rmilyen m\u00e1s kieg\u00e9sz\u00edt\u0151t el\u00e9rhet, amely jelent\u0151sen ler\u00f6vid\u00edti a reakci\u00f3id\u0151t v\u00e9szhelyzet eset\u00e9n. Ezen fel\u00fcl, a polg\u00e1ri megjelen\u00e9snek, \u00e9s a megfelel\u0151 elhelyez\u00e9snek k\u00f6sz\u00f6nhet\u0151en a Quick Side Access \u2122 (QSA \u2122) t\u00f6k\u00e9letesen alkalmas a v\u00e1rosi k\u00f6rnyezetben v\u00e9gzett tev\u00e9kenys\u00e9gekre.<\/p>\n<p>Magas szigetel\u00e9s<\/p>\n<p>K\u00e9tir\u00e1ny\u00fa YKK\u00ae zipz\u00e1r<\/p>\n<p>Mellkasi zseb<\/p>\n<p>K\u00e9t als\u00f3 oldals\u00f3 zseb zipz\u00e1rral<\/p>\n<p>Meger\u0151s\u00edtett v\u00e1ll, \u00e9s k\u00f6ny\u00f6k<\/p>\n<p>Quick Side Access \u2122 rendszer<\/p>\n<p>Rejtett azonos\u00edt\u00f3 panelek a rend\u00e9szeti szem\u00e9lyre szab\u00e1shoz (el\u00f6l: 12 cm sz\u00e9les x 7,5 cm magas, h\u00e1tul: 26 cm sz\u00e9les x 10 cm magas)<\/p>\n<p>Rugalmas vezet\u00e9kkel \u00e1ll\u00edthat\u00f3 als\u00f3 r\u00e9sz<\/p>\n<p>WooJin\u00ae csatok<\/p>\n<p><iframe src=\"https:\/\/www.youtube.com\/embed\/sLQQoFj4IUk\" width=\"560\" height=\"315\" frameborder=\"0\" allowfullscreen=\"allowfullscreen\" data-mce-fragment=\"1\"><\/iframe><\/p>\n<\/div>\n<\/div>\n<div id=\"artdet__subscribe\" class=\"artdet__subscribe-cart-outer mb-4 mb-lg-5\">\n<div class=\"artdet__subscribe-cart-inner\"><\/div>\n<\/div>\n<div id=\"artdet__functions\" class=\"artdet__function d-flex justify-content-center mx-auto py-4 border-top\">\n<div class=\"artdet__function-outer artdet-func-favourites page_artdet_func_favourites_outer_STBL__unas__DEH__unas__HF\"><\/div>\n<\/div>","protected":false},"excerpt":{"rendered":"<div id=\"artdet__short-descrition\" class=\"artdet__short-descripton my-4\">\n<div class=\"artdet__short-descripton-content js-short-descripton__content font-s font-sm-m\">High insulation<\/p>\n<p>Main two-way YKK\u00ae zipper with a wind flap and chin guard<\/p>\n<p>Napoleon pocket with wiring eyelet and device slot<\/p>\n<p>Two bottom side slash pockets with zipper closure<\/p>\n<p>Reinforced shoulders and elbows<\/p>\n<p>Quick Side Access\u2122 system<\/p>\n<p>Hidden ID panels for Law Enforcement personalization (Front: 12 cm wide x 7,5 cm high, Back: 26 cm wide x 10 cm high)<\/p>\n<p>Adjustable hook and loop cuffs<\/p>\n<p>Elastic corded bottom with quick-locks for individual fit<\/p>\n<p>WooJin\u00ae bucklesAnyaga: 100% polyester, Double Fleece 330g\/m2<\/p>\n<p>S\u00falya: 1100 g<\/p>\n<p>&nbsp;<\/p>\n<p>A Defender egy gyapj\u00fakab\u00e1t, amely csak fekete sz\u00ednben kaphat\u00f3. Ezt a ruh\u00e1t a rend\u00e9szeti, \u00e9s biztons\u00e1gi szerepl\u0151k sz\u00e1m\u00e1ra sz\u00e1nj\u00e1k. A kialak\u00edt\u00e1s h\u00e1rom alapzsebb\u0151l \u00e1ll, v\u00e1ll- \u00e9s k\u00f6ny\u00f6k meger\u0151s\u00edt\u00e9ssel. A konstrukci\u00f3 h\u00e1rom rejtegethet\u0151 azonos\u00edt\u00f3 panellel van felszerelve. K\u00e9t \u00fcres azonos\u00edt\u00f3 panelt tartalmaz, amelyek lehet\u0151v\u00e9 teszik a felhaszn\u00e1l\u00f3 testreszab\u00e1s\u00e1t. A Composed Quick Side Access \u2122 seg\u00edts\u00e9g\u00e9vel k\u00f6nny\u0171 megragadni a pisztolyt \u00e9s az egy\u00e9b, \u00f6vre szerelt felszerel\u00e9st.<\/p>\n<p>A Quick Side Access \u2122 (QSA \u2122) egy egyed\u00fcl\u00e1ll\u00f3 rendszer, amely garant\u00e1lja a der\u00e9kra szerelt \u00f6sszes taktikai kieg\u00e9sz\u00edt\u0151 gyors, \u00e9s k\u00e9nyelmes el\u00e9r\u00e9s\u00e9t. A QSA \u2122 rendszerben alkalmazott ergon\u00f3miai megold\u00e1soknak k\u00f6sz\u00f6nhet\u0151en egy sima mozdulattal pisztolyt, vagy b\u00e1rmilyen m\u00e1s kieg\u00e9sz\u00edt\u0151t el\u00e9rhet, amely jelent\u0151sen ler\u00f6vid\u00edti a reakci\u00f3id\u0151t v\u00e9szhelyzet eset\u00e9n. Ezen fel\u00fcl, a polg\u00e1ri megjelen\u00e9snek, \u00e9s a megfelel\u0151 elhelyez\u00e9snek k\u00f6sz\u00f6nhet\u0151en a Quick Side Access \u2122 (QSA \u2122) t\u00f6k\u00e9letesen alkalmas a v\u00e1rosi k\u00f6rnyezetben v\u00e9gzett tev\u00e9kenys\u00e9gekre.<\/p>\n<p>Magas szigetel\u00e9s<\/p>\n<p>K\u00e9tir\u00e1ny\u00fa YKK\u00ae zipz\u00e1r<\/p>\n<p>Mellkasi zseb<\/p>\n<p>K\u00e9t als\u00f3 oldals\u00f3 zseb zipz\u00e1rral<\/p>\n<p>Meger\u0151s\u00edtett v\u00e1ll, \u00e9s k\u00f6ny\u00f6k<\/p>\n<p>Quick Side Access \u2122 rendszer<\/p>\n<p>Rejtett azonos\u00edt\u00f3 panelek a rend\u00e9szeti szem\u00e9lyre szab\u00e1shoz (el\u00f6l: 12 cm sz\u00e9les x 7,5 cm magas, h\u00e1tul: 26 cm sz\u00e9les x 10 cm magas)<\/p>\n<p>Rugalmas vezet\u00e9kkel \u00e1ll\u00edthat\u00f3 als\u00f3 r\u00e9sz<\/p>\n<p>WooJin\u00ae csatok<\/p>\n<p><iframe src=\"https:\/\/www.youtube.com\/embed\/sLQQoFj4IUk\" width=\"560\" height=\"315\" frameborder=\"0\" allowfullscreen=\"allowfullscreen\" data-mce-fragment=\"1\"><\/iframe><\/p>\n<\/div>\n<\/div>\n<div id=\"artdet__subscribe\" class=\"artdet__subscribe-cart-outer mb-4 mb-lg-5\">\n<div class=\"artdet__subscribe-cart-inner\"><\/div>\n<\/div>\n<div id=\"artdet__functions\" class=\"artdet__function d-flex justify-content-center mx-auto py-4 border-top\">\n<div class=\"artdet__function-outer artdet-func-favourites page_artdet_func_favourites_outer_STBL__unas__DEH__unas__HF\"><\/div>\n<\/div>","protected":false},"featured_media":3255,"template":"","meta":{"site-sidebar-layout":"default","site-content-layout":"","ast-site-content-layout":"default","site-content-style":"default","site-sidebar-style":"default","ast-global-header-display":"","ast-banner-title-visibility":"","ast-main-header-display":"","ast-hfb-above-header-display":"","ast-hfb-below-header-display":"","ast-hfb-mobile-header-display":"","site-post-title":"","ast-breadcrumbs-content":"","ast-featured-img":"","footer-sml-layout":"","theme-transparent-header-meta":"default","adv-header-id-meta":"","stick-header-meta":"","header-above-stick-meta":"","header-main-stick-meta":"","header-below-stick-meta":"","astra-migrate-meta-layouts":"set","ast-page-background-enabled":"default","ast-page-background-meta":{"desktop":{"background-color":"","background-image":"","background-repeat":"repeat","background-position":"center center","background-size":"auto","background-attachment":"scroll","background-type":"","background-media":"","overlay-type":"","overlay-color":"","overlay-gradient":""},"tablet":{"background-color":"","background-image":"","background-repeat":"repeat","background-position":"center center","background-size":"auto","background-attachment":"scroll","background-type":"","background-media":"","overlay-type":"","overlay-color":"","overlay-gradient":""},"mobile":{"background-color":"","background-image":"","background-repeat":"repeat","background-position":"center center","background-size":"auto","background-attachment":"scroll","background-type":"","background-media":"","overlay-type":"","overlay-color":"","overlay-gradient":""}},"ast-content-background-meta":{"desktop":{"background-color":"var(--ast-global-color-5)","background-image":"","background-repeat":"repeat","background-position":"center center","background-size":"auto","background-attachment":"scroll","background-type":"","background-media":"","overlay-type":"","overlay-color":"","overlay-gradient":""},"tablet":{"background-color":"var(--ast-global-color-5)","background-image":"","background-repeat":"repeat","background-position":"center center","background-size":"auto","background-attachment":"scroll","background-type":"","background-media":"","overlay-type":"","overlay-color":"","overlay-gradient":""},"mobile":{"background-color":"var(--ast-global-color-5)","background-image":"","background-repeat":"repeat","background-position":"center center","background-size":"auto","background-attachment":"scroll","background-type":"","background-media":"","overlay-type":"","overlay-color":"","overlay-gradient":""}}},"product_cat":[101],"product_tag":[],"_links":{"self":[{"href":"https:\/\/silvertactical.hu\/hu\/wp-json\/wp\/v2\/product\/1207"}],"collection":[{"href":"https:\/\/silvertactical.hu\/hu\/wp-json\/wp\/v2\/product"}],"about":[{"href":"https:\/\/silvertactical.hu\/hu\/wp-json\/wp\/v2\/types\/product"}],"version-history":[{"count":3,"href":"https:\/\/silvertactical.hu\/hu\/wp-json\/wp\/v2\/product\/1207\/revisions"}],"predecessor-version":[{"id":3259,"href":"https:\/\/silvertactical.hu\/hu\/wp-json\/wp\/v2\/product\/1207\/revisions\/3259"}],"wp:featuredmedia":[{"embeddable":true,"href":"https:\/\/silvertactical.hu\/hu\/wp-json\/wp\/v2\/media\/3255"}],"wp:attachment":[{"href":"https:\/\/silvertactical.hu\/hu\/wp-json\/wp\/v2\/media?parent=1207"}],"wp:term":[{"taxonomy":"product_cat","embeddable":true,"href":"https:\/\/silvertactical.hu\/hu\/wp-json\/wp\/v2\/product_cat?post=1207"},{"taxonomy":"product_tag","embeddable":true,"href":"https:\/\/silvertactical.hu\/hu\/wp-json\/wp\/v2\/product_tag?post=1207"}],"curies":[{"name":"wp","href":"https:\/\/api.w.org\/{rel}","templated":true}]}}