{"id":1209,"date":"2023-11-27T11:46:20","date_gmt":"2023-11-27T11:46:20","guid":{"rendered":"https:\/\/silvertactical.wordwiseme.com\/?post_type=product&#038;p=1209"},"modified":"2024-10-02T08:44:13","modified_gmt":"2024-10-02T08:44:13","slug":"helikon-tex-patriot-jacket-double-fleece","status":"publish","type":"product","link":"https:\/\/silvertactical.hu\/hu\/item\/helikon-tex-patriot-jacket-double-fleece\/","title":{"rendered":"Helikon-Tex\u00ae &#8211; PATRIOT Jacket &#8211; Double Fleece"},"content":{"rendered":"<p>Patriot Heavy Fleece Jacket is the most advanced of our fleece jackets offer. It is designed for tactical use in extreme weather. The jacket features an adjustable, small- visored hood, for additional protection, as well as a set of pockets for tactical essentials. Breast pockets have wiring eyelets and small devices organizers. Three external pockets in easily reachable areas \u2013 on either upper and left lower sleeve \u2013 would allow additional storage. Elbows are reinforced for additional wear and tear resistance. Jacket can be individually adjusted by Velcro-adjustable cuffs, and elastic drawstrings in hood and jacket bottom. Patriot is a versatile and durable upper apparel suitable for cold climes.<\/p>\n<p>&nbsp;<\/p>\n<div class=\"product-additional\">\n<table id=\"product-attribute-specs-table\" class=\"data-table\">\n<tbody>\n<tr class=\"odd even\">\n<th class=\"label\">Weight [g]<\/th>\n<td class=\"data last\" data-attr-name=\"weight\">1117<\/td>\n<\/tr>\n<tr class=\"even odd\">\n<th class=\"label\">Designation<\/th>\n<td class=\"data last\" data-attr-name=\"destiny_en\">Combat Hoodie heavy fleece jacket<\/td>\n<\/tr>\n<tr class=\"odd even\">\n<th class=\"label\">Essential product features<\/th>\n<td class=\"data last\" data-attr-name=\"features_en4\">\u00c1ll\u00edthat\u00f3 kapucni<\/p>\n<p>Reinforced elbows<\/p>\n<p>6 pockets<\/p>\n<p>High insulation<\/td>\n<\/tr>\n<tr class=\"even odd\">\n<th class=\"label\">Feature<\/th>\n<td class=\"data last\" data-attr-name=\"features_en\">6 pockets<\/td>\n<\/tr>\n<tr class=\"odd even\">\n<th class=\"label\">Fit<\/th>\n<td class=\"data last\" data-attr-name=\"fit_en\">Adjustable bottom, collar and cuffs<\/td>\n<\/tr>\n<tr class=\"even odd\">\n<th class=\"label\">Style<\/th>\n<td class=\"data last\" data-attr-name=\"style_en\">Straight, comfortable cut<\/td>\n<\/tr>\n<tr class=\"odd even\">\n<th class=\"label\">Material<\/th>\n<td class=\"data last\" data-attr-name=\"material_en\">100% Polyester<\/td>\n<\/tr>\n<tr class=\"even odd\">\n<th class=\"label\">Grammage [g\/m2]<\/th>\n<td class=\"data last\" data-attr-name=\"grammage\">390<\/td>\n<\/tr>\n<tr class=\"last odd even\">\n<th class=\"label\"><\/th>\n<td class=\"data last\" data-attr-name=\"washing_principles_en5\"><\/td>\n<\/tr>\n<\/tbody>\n<\/table>\n<\/div>\n<div class=\"product-additional sm--logo-container\">\n<div class=\"sm--logo-wrapper\"><img decoding=\"async\" src=\"https:\/\/dfr4rssi07fv7.cloudfront.net\/htx\/images\/technology\/jpg\/390g.jpg\" \/>\u00a0<img decoding=\"async\" src=\"https:\/\/dfr4rssi07fv7.cloudfront.net\/htx\/images\/technology\/jpg\/ykk.jpg\" \/><\/div>\n<\/div>","protected":false},"excerpt":{"rendered":"<p>Patriot Heavy Fleece Jacket is the most advanced of our fleece jackets offer. It is designed for tactical use in extreme weather. The jacket features an adjustable, small- visored hood, for additional protection, as well as a set of pockets for tactical essentials. Breast pockets have wiring eyelets and small devices organizers. Three external pockets in easily reachable areas \u2013 on either upper and left lower sleeve \u2013 would allow additional storage. Elbows are reinforced for additional wear and tear resistance. Jacket can be individually adjusted by Velcro-adjustable cuffs, and elastic drawstrings in hood and jacket bottom. Patriot is a versatile and durable upper apparel suitable for cold climes.<\/p>\n<p>&nbsp;<\/p>\n<div class=\"product-additional\">\n<table id=\"product-attribute-specs-table\" class=\"data-table\">\n<tbody>\n<tr class=\"odd even\">\n<th class=\"label\">Weight [g]<\/th>\n<td class=\"data last\" data-attr-name=\"weight\">1117<\/td>\n<\/tr>\n<tr class=\"even odd\">\n<th class=\"label\">Designation<\/th>\n<td class=\"data last\" data-attr-name=\"destiny_en\">Combat Hoodie heavy fleece jacket<\/td>\n<\/tr>\n<tr class=\"odd even\">\n<th class=\"label\">Essential product features<\/th>\n<td class=\"data last\" data-attr-name=\"features_en4\">\u00c1ll\u00edthat\u00f3 kapucni<\/p>\n<p>Reinforced elbows<\/p>\n<p>6 pockets<\/p>\n<p>High insulation<\/td>\n<\/tr>\n<tr class=\"even odd\">\n<th class=\"label\">Feature<\/th>\n<td class=\"data last\" data-attr-name=\"features_en\">6 pockets<\/td>\n<\/tr>\n<tr class=\"odd even\">\n<th class=\"label\">Fit<\/th>\n<td class=\"data last\" data-attr-name=\"fit_en\">Adjustable bottom, collar and cuffs<\/td>\n<\/tr>\n<tr class=\"even odd\">\n<th class=\"label\">Style<\/th>\n<td class=\"data last\" data-attr-name=\"style_en\">Straight, comfortable cut<\/td>\n<\/tr>\n<tr class=\"odd even\">\n<th class=\"label\">Material<\/th>\n<td class=\"data last\" data-attr-name=\"material_en\">100% Polyester<\/td>\n<\/tr>\n<tr class=\"even odd\">\n<th class=\"label\">Grammage [g\/m2]<\/th>\n<td class=\"data last\" data-attr-name=\"grammage\">390<\/td>\n<\/tr>\n<tr class=\"last odd even\">\n<th class=\"label\"><\/th>\n<td class=\"data last\" data-attr-name=\"washing_principles_en5\"><\/td>\n<\/tr>\n<\/tbody>\n<\/table>\n<\/div>\n<div class=\"product-additional sm--logo-container\">\n<div class=\"sm--logo-wrapper\"><img decoding=\"async\" src=\"https:\/\/dfr4rssi07fv7.cloudfront.net\/htx\/images\/technology\/jpg\/390g.jpg\" \/>\u00a0<img decoding=\"async\" src=\"https:\/\/dfr4rssi07fv7.cloudfront.net\/htx\/images\/technology\/jpg\/ykk.jpg\" \/><\/div>\n<\/div>","protected":false},"featured_media":3213,"template":"","meta":{"site-sidebar-layout":"default","site-content-layout":"","ast-site-content-layout":"default","site-content-style":"default","site-sidebar-style":"default","ast-global-header-display":"","ast-banner-title-visibility":"","ast-main-header-display":"","ast-hfb-above-header-display":"","ast-hfb-below-header-display":"","ast-hfb-mobile-header-display":"","site-post-title":"","ast-breadcrumbs-content":"","ast-featured-img":"","footer-sml-layout":"","theme-transparent-header-meta":"default","adv-header-id-meta":"","stick-header-meta":"","header-above-stick-meta":"","header-main-stick-meta":"","header-below-stick-meta":"","astra-migrate-meta-layouts":"set","ast-page-background-enabled":"default","ast-page-background-meta":{"desktop":{"background-color":"","background-image":"","background-repeat":"repeat","background-position":"center center","background-size":"auto","background-attachment":"scroll","background-type":"","background-media":"","overlay-type":"","overlay-color":"","overlay-gradient":""},"tablet":{"background-color":"","background-image":"","background-repeat":"repeat","background-position":"center center","background-size":"auto","background-attachment":"scroll","background-type":"","background-media":"","overlay-type":"","overlay-color":"","overlay-gradient":""},"mobile":{"background-color":"","background-image":"","background-repeat":"repeat","background-position":"center center","background-size":"auto","background-attachment":"scroll","background-type":"","background-media":"","overlay-type":"","overlay-color":"","overlay-gradient":""}},"ast-content-background-meta":{"desktop":{"background-color":"var(--ast-global-color-5)","background-image":"","background-repeat":"repeat","background-position":"center center","background-size":"auto","background-attachment":"scroll","background-type":"","background-media":"","overlay-type":"","overlay-color":"","overlay-gradient":""},"tablet":{"background-color":"var(--ast-global-color-5)","background-image":"","background-repeat":"repeat","background-position":"center center","background-size":"auto","background-attachment":"scroll","background-type":"","background-media":"","overlay-type":"","overlay-color":"","overlay-gradient":""},"mobile":{"background-color":"var(--ast-global-color-5)","background-image":"","background-repeat":"repeat","background-position":"center center","background-size":"auto","background-attachment":"scroll","background-type":"","background-media":"","overlay-type":"","overlay-color":"","overlay-gradient":""}}},"product_cat":[101],"product_tag":[],"_links":{"self":[{"href":"https:\/\/silvertactical.hu\/hu\/wp-json\/wp\/v2\/product\/1209"}],"collection":[{"href":"https:\/\/silvertactical.hu\/hu\/wp-json\/wp\/v2\/product"}],"about":[{"href":"https:\/\/silvertactical.hu\/hu\/wp-json\/wp\/v2\/types\/product"}],"version-history":[{"count":2,"href":"https:\/\/silvertactical.hu\/hu\/wp-json\/wp\/v2\/product\/1209\/revisions"}],"predecessor-version":[{"id":3219,"href":"https:\/\/silvertactical.hu\/hu\/wp-json\/wp\/v2\/product\/1209\/revisions\/3219"}],"wp:featuredmedia":[{"embeddable":true,"href":"https:\/\/silvertactical.hu\/hu\/wp-json\/wp\/v2\/media\/3213"}],"wp:attachment":[{"href":"https:\/\/silvertactical.hu\/hu\/wp-json\/wp\/v2\/media?parent=1209"}],"wp:term":[{"taxonomy":"product_cat","embeddable":true,"href":"https:\/\/silvertactical.hu\/hu\/wp-json\/wp\/v2\/product_cat?post=1209"},{"taxonomy":"product_tag","embeddable":true,"href":"https:\/\/silvertactical.hu\/hu\/wp-json\/wp\/v2\/product_tag?post=1209"}],"curies":[{"name":"wp","href":"https:\/\/api.w.org\/{rel}","templated":true}]}}