{"id":1212,"date":"2023-11-27T11:46:20","date_gmt":"2023-11-27T11:46:20","guid":{"rendered":"https:\/\/silvertactical.wordwiseme.com\/?post_type=product&#038;p=1212"},"modified":"2024-10-02T08:44:14","modified_gmt":"2024-10-02T08:44:14","slug":"helikon-tex-urban-tactical-hoodie-lite-fullzip","status":"publish","type":"product","link":"https:\/\/silvertactical.hu\/hu\/item\/helikon-tex-urban-tactical-hoodie-lite-fullzip\/","title":{"rendered":"Helikon-Tex\u00ae &#8211; Urban Tactical Hoodie Lite (FullZip)\u00ae"},"content":{"rendered":"<p>Anyaga: 51% pamut, 49% polyester<\/p>\n<p>S\u00falya: 765 g<\/p>\n<p>Vastag, rugalmas pamut kever\u00e9kb\u0151l k\u00e9sz\u00fclt<\/p>\n<p>\u00c1ll\u00edthat\u00f3 kapucni<\/p>\n<p>Rugalmas ujj\u00fa mandzsetta<\/p>\n<p>YKK\u00ae cipz\u00e1r<\/p>\n<p>K\u00e9t klasszikus els\u0151 zseb<\/p>\n<p>K\u00e9t bels\u0151 h\u00e1l\u00f3s zseb<\/p>\n<p>A Urban Tactical Hoodie Lite\u00ae egy k\u00f6nny\u0171, teljes cipz\u00e1ras kapucnis kab\u00e1t.<\/p>\n<p>Az egyszer\u0171, \u00e9s rugalmas anyag teszi ezt a kab\u00e1tot t\u00f6k\u00e9letesnek minden v\u00e1rosi tev\u00e9kenys\u00e9ghez.<\/p>\n<p>K\u00e9t klasszikus el\u00fcls\u0151 zsebben elf\u00e9r minden olyan fontos dolog, amelyhez gyorsan \u00e9s k\u00f6nnyen hozz\u00e1 szeretne f\u00e9rni, de a hideg napokban k\u00e9zmeleg\u00edt\u0151 zsebk\u00e9nt is m\u0171k\u00f6dhet.<\/p>\n<p>A k\u00e9t bels\u0151 h\u00e1l\u00f3s zsebben elf\u00e9r a p\u00e9nzt\u00e1rc\u00e1ja vagy az iratai, megakad\u00e1lyozva hogy ellopj\u00e1k, vagy elvesz\u00edtse \u0151ket.<\/p>\n<p><iframe src=\"https:\/\/www.youtube.com\/embed\/AArzXqZLr2w\" width=\"560\" height=\"315\" frameborder=\"0\" allowfullscreen=\"allowfullscreen\"><\/iframe><\/p>","protected":false},"excerpt":{"rendered":"<p>Anyaga: 51% pamut, 49% polyester<\/p>\n<p>S\u00falya: 765 g<\/p>\n<p>Vastag, rugalmas pamut kever\u00e9kb\u0151l k\u00e9sz\u00fclt<\/p>\n<p>\u00c1ll\u00edthat\u00f3 kapucni<\/p>\n<p>Rugalmas ujj\u00fa mandzsetta<\/p>\n<p>YKK\u00ae cipz\u00e1r<\/p>\n<p>K\u00e9t klasszikus els\u0151 zseb<\/p>\n<p>K\u00e9t bels\u0151 h\u00e1l\u00f3s zseb<\/p>\n<p>A Urban Tactical Hoodie Lite\u00ae egy k\u00f6nny\u0171, teljes cipz\u00e1ras kapucnis kab\u00e1t.<\/p>\n<p>Az egyszer\u0171, \u00e9s rugalmas anyag teszi ezt a kab\u00e1tot t\u00f6k\u00e9letesnek minden v\u00e1rosi tev\u00e9kenys\u00e9ghez.<\/p>\n<p>K\u00e9t klasszikus el\u00fcls\u0151 zsebben elf\u00e9r minden olyan fontos dolog, amelyhez gyorsan \u00e9s k\u00f6nnyen hozz\u00e1 szeretne f\u00e9rni, de a hideg napokban k\u00e9zmeleg\u00edt\u0151 zsebk\u00e9nt is m\u0171k\u00f6dhet.<\/p>\n<p>A k\u00e9t bels\u0151 h\u00e1l\u00f3s zsebben elf\u00e9r a p\u00e9nzt\u00e1rc\u00e1ja vagy az iratai, megakad\u00e1lyozva hogy ellopj\u00e1k, vagy elvesz\u00edtse \u0151ket.<\/p>\n<p><iframe src=\"https:\/\/www.youtube.com\/embed\/AArzXqZLr2w\" width=\"560\" height=\"315\" frameborder=\"0\" allowfullscreen=\"allowfullscreen\"><\/iframe><\/p>","protected":false},"featured_media":3269,"template":"","meta":{"site-sidebar-layout":"default","site-content-layout":"","ast-site-content-layout":"default","site-content-style":"default","site-sidebar-style":"default","ast-global-header-display":"","ast-banner-title-visibility":"","ast-main-header-display":"","ast-hfb-above-header-display":"","ast-hfb-below-header-display":"","ast-hfb-mobile-header-display":"","site-post-title":"","ast-breadcrumbs-content":"","ast-featured-img":"","footer-sml-layout":"","theme-transparent-header-meta":"default","adv-header-id-meta":"","stick-header-meta":"","header-above-stick-meta":"","header-main-stick-meta":"","header-below-stick-meta":"","astra-migrate-meta-layouts":"set","ast-page-background-enabled":"default","ast-page-background-meta":{"desktop":{"background-color":"","background-image":"","background-repeat":"repeat","background-position":"center center","background-size":"auto","background-attachment":"scroll","background-type":"","background-media":"","overlay-type":"","overlay-color":"","overlay-gradient":""},"tablet":{"background-color":"","background-image":"","background-repeat":"repeat","background-position":"center center","background-size":"auto","background-attachment":"scroll","background-type":"","background-media":"","overlay-type":"","overlay-color":"","overlay-gradient":""},"mobile":{"background-color":"","background-image":"","background-repeat":"repeat","background-position":"center center","background-size":"auto","background-attachment":"scroll","background-type":"","background-media":"","overlay-type":"","overlay-color":"","overlay-gradient":""}},"ast-content-background-meta":{"desktop":{"background-color":"var(--ast-global-color-5)","background-image":"","background-repeat":"repeat","background-position":"center center","background-size":"auto","background-attachment":"scroll","background-type":"","background-media":"","overlay-type":"","overlay-color":"","overlay-gradient":""},"tablet":{"background-color":"var(--ast-global-color-5)","background-image":"","background-repeat":"repeat","background-position":"center center","background-size":"auto","background-attachment":"scroll","background-type":"","background-media":"","overlay-type":"","overlay-color":"","overlay-gradient":""},"mobile":{"background-color":"var(--ast-global-color-5)","background-image":"","background-repeat":"repeat","background-position":"center center","background-size":"auto","background-attachment":"scroll","background-type":"","background-media":"","overlay-type":"","overlay-color":"","overlay-gradient":""}}},"product_cat":[101],"product_tag":[],"_links":{"self":[{"href":"https:\/\/silvertactical.hu\/hu\/wp-json\/wp\/v2\/product\/1212"}],"collection":[{"href":"https:\/\/silvertactical.hu\/hu\/wp-json\/wp\/v2\/product"}],"about":[{"href":"https:\/\/silvertactical.hu\/hu\/wp-json\/wp\/v2\/types\/product"}],"version-history":[{"count":2,"href":"https:\/\/silvertactical.hu\/hu\/wp-json\/wp\/v2\/product\/1212\/revisions"}],"predecessor-version":[{"id":3273,"href":"https:\/\/silvertactical.hu\/hu\/wp-json\/wp\/v2\/product\/1212\/revisions\/3273"}],"wp:featuredmedia":[{"embeddable":true,"href":"https:\/\/silvertactical.hu\/hu\/wp-json\/wp\/v2\/media\/3269"}],"wp:attachment":[{"href":"https:\/\/silvertactical.hu\/hu\/wp-json\/wp\/v2\/media?parent=1212"}],"wp:term":[{"taxonomy":"product_cat","embeddable":true,"href":"https:\/\/silvertactical.hu\/hu\/wp-json\/wp\/v2\/product_cat?post=1212"},{"taxonomy":"product_tag","embeddable":true,"href":"https:\/\/silvertactical.hu\/hu\/wp-json\/wp\/v2\/product_tag?post=1212"}],"curies":[{"name":"wp","href":"https:\/\/api.w.org\/{rel}","templated":true}]}}