{"id":1426,"date":"2023-11-27T11:46:30","date_gmt":"2023-11-27T11:46:30","guid":{"rendered":"https:\/\/silvertactical.wordwiseme.com\/?post_type=product&#038;p=1426"},"modified":"2024-10-02T08:45:26","modified_gmt":"2024-10-02T08:45:26","slug":"pe-nightstick-baton","status":"publish","type":"product","link":"https:\/\/silvertactical.hu\/hu\/item\/pe-nightstick-baton\/","title":{"rendered":"PE NIGHTSTICK (BATON)"},"content":{"rendered":"","protected":false},"excerpt":{"rendered":"<p>Anyaga: PE kompozit<br \/>\nHossza: 59 cm<\/p>\n<p>A vev\u0151 felel\u0151s az orsz\u00e1g\u00e1ban hat\u00e1lyos jogszab\u00e1lyok betart\u00e1s\u00e1ra!<br \/>\nV\u00e1s\u00e1rl\u00e1s 18 \u00e9ves kort\u00f3l.<\/p>\n<p>\u00dcgyeljen arra, hogy haszn\u00e1lata s\u00falyos s\u00e9r\u00fcl\u00e9st okozhat!<br \/>\nAz eszk\u00f6z fel\u00e9p\u00edt\u00e9se egyszer\u0171, de haszn\u00e1lata k\u00e9pz\u00e9st ig\u00e9nyel!<\/p>","protected":false},"featured_media":5594,"template":"","meta":{"site-sidebar-layout":"default","site-content-layout":"","ast-site-content-layout":"default","site-content-style":"default","site-sidebar-style":"default","ast-global-header-display":"","ast-banner-title-visibility":"","ast-main-header-display":"","ast-hfb-above-header-display":"","ast-hfb-below-header-display":"","ast-hfb-mobile-header-display":"","site-post-title":"","ast-breadcrumbs-content":"","ast-featured-img":"","footer-sml-layout":"","theme-transparent-header-meta":"default","adv-header-id-meta":"","stick-header-meta":"","header-above-stick-meta":"","header-main-stick-meta":"","header-below-stick-meta":"","astra-migrate-meta-layouts":"set","ast-page-background-enabled":"default","ast-page-background-meta":{"desktop":{"background-color":"","background-image":"","background-repeat":"repeat","background-position":"center center","background-size":"auto","background-attachment":"scroll","background-type":"","background-media":"","overlay-type":"","overlay-color":"","overlay-gradient":""},"tablet":{"background-color":"","background-image":"","background-repeat":"repeat","background-position":"center center","background-size":"auto","background-attachment":"scroll","background-type":"","background-media":"","overlay-type":"","overlay-color":"","overlay-gradient":""},"mobile":{"background-color":"","background-image":"","background-repeat":"repeat","background-position":"center center","background-size":"auto","background-attachment":"scroll","background-type":"","background-media":"","overlay-type":"","overlay-color":"","overlay-gradient":""}},"ast-content-background-meta":{"desktop":{"background-color":"var(--ast-global-color-5)","background-image":"","background-repeat":"repeat","background-position":"center center","background-size":"auto","background-attachment":"scroll","background-type":"","background-media":"","overlay-type":"","overlay-color":"","overlay-gradient":""},"tablet":{"background-color":"var(--ast-global-color-5)","background-image":"","background-repeat":"repeat","background-position":"center center","background-size":"auto","background-attachment":"scroll","background-type":"","background-media":"","overlay-type":"","overlay-color":"","overlay-gradient":""},"mobile":{"background-color":"var(--ast-global-color-5)","background-image":"","background-repeat":"repeat","background-position":"center center","background-size":"auto","background-attachment":"scroll","background-type":"","background-media":"","overlay-type":"","overlay-color":"","overlay-gradient":""}}},"product_cat":[144],"product_tag":[],"_links":{"self":[{"href":"https:\/\/silvertactical.hu\/hu\/wp-json\/wp\/v2\/product\/1426"}],"collection":[{"href":"https:\/\/silvertactical.hu\/hu\/wp-json\/wp\/v2\/product"}],"about":[{"href":"https:\/\/silvertactical.hu\/hu\/wp-json\/wp\/v2\/types\/product"}],"version-history":[{"count":2,"href":"https:\/\/silvertactical.hu\/hu\/wp-json\/wp\/v2\/product\/1426\/revisions"}],"predecessor-version":[{"id":5595,"href":"https:\/\/silvertactical.hu\/hu\/wp-json\/wp\/v2\/product\/1426\/revisions\/5595"}],"wp:featuredmedia":[{"embeddable":true,"href":"https:\/\/silvertactical.hu\/hu\/wp-json\/wp\/v2\/media\/5594"}],"wp:attachment":[{"href":"https:\/\/silvertactical.hu\/hu\/wp-json\/wp\/v2\/media?parent=1426"}],"wp:term":[{"taxonomy":"product_cat","embeddable":true,"href":"https:\/\/silvertactical.hu\/hu\/wp-json\/wp\/v2\/product_cat?post=1426"},{"taxonomy":"product_tag","embeddable":true,"href":"https:\/\/silvertactical.hu\/hu\/wp-json\/wp\/v2\/product_tag?post=1426"}],"curies":[{"name":"wp","href":"https:\/\/api.w.org\/{rel}","templated":true}]}}