{"id":1493,"date":"2023-11-27T11:46:33","date_gmt":"2023-11-27T11:46:33","guid":{"rendered":"https:\/\/silvertactical.wordwiseme.com\/?post_type=product&#038;p=1493"},"modified":"2024-10-02T08:45:48","modified_gmt":"2024-10-02T08:45:48","slug":"helikon-tex-mistral-anorak-jacket-soft-shell","status":"publish","type":"product","link":"https:\/\/silvertactical.hu\/hu\/item\/helikon-tex-mistral-anorak-jacket-soft-shell\/","title":{"rendered":"Helikon-Tex\u00ae &#8211; MISTRAL Anorak Jacket\u00ae &#8211; Soft Shell"},"content":{"rendered":"<p>Made of StormStretch\u00ae fabric<\/p>\n<p>Loop panel for personalization<\/p>\n<p>Large kangaroo pocket with internal organizer<\/p>\n<p>\u00c1ll\u00edthat\u00f3 kapucni<\/p>\n<p>Bicep pockets<\/p>\n<p>Elbow reinforcements<\/p>\n<p>Ventilation zippers in armpits<\/p>\n<p>YKK\u00ae cipz\u00e1r<\/p>\n<p>&nbsp;<\/p>\n<p>Jacket that is perfect for backpack hiking. The lack of front zipper makes the jacket more windproof. Easy access to the large front pocket to have all your necessities at reach. Inside the pocket there is a simple organizer to keep everything in place. Additionally the jacket has two hip pockets and two bicep pockets. Reinforcement of elbows provide durability. The jacket has adjustable hood. StormStretch\u00ae fabric protects against wind, light rain or snow, but still maintaining great breathability.<\/p>\n<p>&nbsp;<\/p>\n<div class=\"product-additional\">\n<table id=\"product-attribute-specs-table\" class=\"data-table\">\n<tbody>\n<tr class=\"odd even\">\n<th class=\"label\">Weight [g]<\/th>\n<td class=\"data last\" data-attr-name=\"weight\">640<\/td>\n<\/tr>\n<tr class=\"even odd\">\n<th class=\"label\">Material<\/th>\n<td class=\"data last\" data-attr-name=\"material_en\">Shell: Nylon-98%, Elastane-2%\/Lining: Polyester-100%<\/td>\n<\/tr>\n<tr class=\"odd even\">\n<th class=\"label\">Grammage [g\/m2]<\/th>\n<td class=\"data last\" data-attr-name=\"grammage\">145<\/td>\n<\/tr>\n<tr class=\"even odd\">\n<th class=\"label\">EUROPEAN PATENT No<\/th>\n<td class=\"data last\" data-attr-name=\"product_eu_patent_no\">005308384-0001<\/td>\n<\/tr>\n<tr class=\"last odd even\">\n<th class=\"label\"><\/th>\n<td class=\"data last\" data-attr-name=\"washing_principles_en5\"><\/td>\n<\/tr>\n<\/tbody>\n<\/table>\n<\/div>\n<div class=\"product-additional sm--logo-container\">\n<div class=\"sm--logo-wrapper\"><a href=\"https:\/\/www.helikon-tex.com\/en_eur\/product-lines\/outback-line.html\"><img decoding=\"async\" src=\"https:\/\/dfr4rssi07fv7.cloudfront.net\/htx\/images\/technology\/jpg\/outback-line.jpg\" \/><\/a>\u00a0<img decoding=\"async\" src=\"https:\/\/dfr4rssi07fv7.cloudfront.net\/htx\/images\/technology\/jpg\/stormstretch.jpg\" \/>\u00a0<img decoding=\"async\" src=\"https:\/\/dfr4rssi07fv7.cloudfront.net\/htx\/images\/technology\/jpg\/ykk.jpg\" \/>\u00a0<img decoding=\"async\" src=\"https:\/\/dfr4rssi07fv7.cloudfront.net\/htx\/images\/technology\/jpg\/du-pont-teflon.jpg\" \/>\u00a0<img decoding=\"async\" src=\"https:\/\/dfr4rssi07fv7.cloudfront.net\/htx\/images\/technology\/jpg\/2way-elastic.jpg\" \/><img decoding=\"async\" src=\"https:\/\/dfr4rssi07fv7.cloudfront.net\/htx\/images\/technology\/jpg\/survival-tech.jpg\" \/><\/div>\n<\/div>","protected":false},"excerpt":{"rendered":"<p>Made of StormStretch\u00ae fabric<\/p>\n<p>Loop panel for personalization<\/p>\n<p>Large kangaroo pocket with internal organizer<\/p>\n<p>\u00c1ll\u00edthat\u00f3 kapucni<\/p>\n<p>Bicep pockets<\/p>\n<p>Elbow reinforcements<\/p>\n<p>Ventilation zippers in armpits<\/p>\n<p>YKK\u00ae cipz\u00e1r<\/p>\n<p>&nbsp;<\/p>\n<p>Jacket that is perfect for backpack hiking. The lack of front zipper makes the jacket more windproof. Easy access to the large front pocket to have all your necessities at reach. Inside the pocket there is a simple organizer to keep everything in place. Additionally the jacket has two hip pockets and two bicep pockets. Reinforcement of elbows provide durability. The jacket has adjustable hood. StormStretch\u00ae fabric protects against wind, light rain or snow, but still maintaining great breathability.<\/p>\n<p>&nbsp;<\/p>\n<div class=\"product-additional\">\n<table id=\"product-attribute-specs-table\" class=\"data-table\">\n<tbody>\n<tr class=\"odd even\">\n<th class=\"label\">Weight [g]<\/th>\n<td class=\"data last\" data-attr-name=\"weight\">640<\/td>\n<\/tr>\n<tr class=\"even odd\">\n<th class=\"label\">Material<\/th>\n<td class=\"data last\" data-attr-name=\"material_en\">Shell: Nylon-98%, Elastane-2%\/Lining: Polyester-100%<\/td>\n<\/tr>\n<tr class=\"odd even\">\n<th class=\"label\">Grammage [g\/m2]<\/th>\n<td class=\"data last\" data-attr-name=\"grammage\">145<\/td>\n<\/tr>\n<tr class=\"even odd\">\n<th class=\"label\">EUROPEAN PATENT No<\/th>\n<td class=\"data last\" data-attr-name=\"product_eu_patent_no\">005308384-0001<\/td>\n<\/tr>\n<tr class=\"last odd even\">\n<th class=\"label\"><\/th>\n<td class=\"data last\" data-attr-name=\"washing_principles_en5\"><\/td>\n<\/tr>\n<\/tbody>\n<\/table>\n<\/div>\n<div class=\"product-additional sm--logo-container\">\n<div class=\"sm--logo-wrapper\"><a href=\"https:\/\/www.helikon-tex.com\/en_eur\/product-lines\/outback-line.html\"><img decoding=\"async\" src=\"https:\/\/dfr4rssi07fv7.cloudfront.net\/htx\/images\/technology\/jpg\/outback-line.jpg\" \/><\/a>\u00a0<img decoding=\"async\" src=\"https:\/\/dfr4rssi07fv7.cloudfront.net\/htx\/images\/technology\/jpg\/stormstretch.jpg\" \/>\u00a0<img decoding=\"async\" src=\"https:\/\/dfr4rssi07fv7.cloudfront.net\/htx\/images\/technology\/jpg\/ykk.jpg\" \/>\u00a0<img decoding=\"async\" src=\"https:\/\/dfr4rssi07fv7.cloudfront.net\/htx\/images\/technology\/jpg\/du-pont-teflon.jpg\" \/>\u00a0<img decoding=\"async\" src=\"https:\/\/dfr4rssi07fv7.cloudfront.net\/htx\/images\/technology\/jpg\/2way-elastic.jpg\" \/><img decoding=\"async\" src=\"https:\/\/dfr4rssi07fv7.cloudfront.net\/htx\/images\/technology\/jpg\/survival-tech.jpg\" \/><\/div>\n<\/div>","protected":false},"featured_media":3630,"template":"","meta":{"site-sidebar-layout":"default","site-content-layout":"","ast-site-content-layout":"default","site-content-style":"default","site-sidebar-style":"default","ast-global-header-display":"","ast-banner-title-visibility":"","ast-main-header-display":"","ast-hfb-above-header-display":"","ast-hfb-below-header-display":"","ast-hfb-mobile-header-display":"","site-post-title":"","ast-breadcrumbs-content":"","ast-featured-img":"","footer-sml-layout":"","theme-transparent-header-meta":"default","adv-header-id-meta":"","stick-header-meta":"","header-above-stick-meta":"","header-main-stick-meta":"","header-below-stick-meta":"","astra-migrate-meta-layouts":"set","ast-page-background-enabled":"default","ast-page-background-meta":{"desktop":{"background-color":"","background-image":"","background-repeat":"repeat","background-position":"center center","background-size":"auto","background-attachment":"scroll","background-type":"","background-media":"","overlay-type":"","overlay-color":"","overlay-gradient":""},"tablet":{"background-color":"","background-image":"","background-repeat":"repeat","background-position":"center center","background-size":"auto","background-attachment":"scroll","background-type":"","background-media":"","overlay-type":"","overlay-color":"","overlay-gradient":""},"mobile":{"background-color":"","background-image":"","background-repeat":"repeat","background-position":"center center","background-size":"auto","background-attachment":"scroll","background-type":"","background-media":"","overlay-type":"","overlay-color":"","overlay-gradient":""}},"ast-content-background-meta":{"desktop":{"background-color":"var(--ast-global-color-5)","background-image":"","background-repeat":"repeat","background-position":"center center","background-size":"auto","background-attachment":"scroll","background-type":"","background-media":"","overlay-type":"","overlay-color":"","overlay-gradient":""},"tablet":{"background-color":"var(--ast-global-color-5)","background-image":"","background-repeat":"repeat","background-position":"center center","background-size":"auto","background-attachment":"scroll","background-type":"","background-media":"","overlay-type":"","overlay-color":"","overlay-gradient":""},"mobile":{"background-color":"var(--ast-global-color-5)","background-image":"","background-repeat":"repeat","background-position":"center center","background-size":"auto","background-attachment":"scroll","background-type":"","background-media":"","overlay-type":"","overlay-color":"","overlay-gradient":""}}},"product_cat":[38],"product_tag":[],"_links":{"self":[{"href":"https:\/\/silvertactical.hu\/hu\/wp-json\/wp\/v2\/product\/1493"}],"collection":[{"href":"https:\/\/silvertactical.hu\/hu\/wp-json\/wp\/v2\/product"}],"about":[{"href":"https:\/\/silvertactical.hu\/hu\/wp-json\/wp\/v2\/types\/product"}],"version-history":[{"count":3,"href":"https:\/\/silvertactical.hu\/hu\/wp-json\/wp\/v2\/product\/1493\/revisions"}],"predecessor-version":[{"id":3636,"href":"https:\/\/silvertactical.hu\/hu\/wp-json\/wp\/v2\/product\/1493\/revisions\/3636"}],"wp:featuredmedia":[{"embeddable":true,"href":"https:\/\/silvertactical.hu\/hu\/wp-json\/wp\/v2\/media\/3630"}],"wp:attachment":[{"href":"https:\/\/silvertactical.hu\/hu\/wp-json\/wp\/v2\/media?parent=1493"}],"wp:term":[{"taxonomy":"product_cat","embeddable":true,"href":"https:\/\/silvertactical.hu\/hu\/wp-json\/wp\/v2\/product_cat?post=1493"},{"taxonomy":"product_tag","embeddable":true,"href":"https:\/\/silvertactical.hu\/hu\/wp-json\/wp\/v2\/product_tag?post=1493"}],"curies":[{"name":"wp","href":"https:\/\/api.w.org\/{rel}","templated":true}]}}