{"id":1496,"date":"2023-11-27T11:46:33","date_gmt":"2023-11-27T11:46:33","guid":{"rendered":"https:\/\/silvertactical.wordwiseme.com\/?post_type=product&#038;p=1496"},"modified":"2024-10-02T08:45:49","modified_gmt":"2024-10-02T08:45:49","slug":"helikon-tex-woodsman-anorak-jacket","status":"publish","type":"product","link":"https:\/\/silvertactical.hu\/hu\/item\/helikon-tex-woodsman-anorak-jacket\/","title":{"rendered":"Helikon-Tex\u00ae &#8211; WOODSMAN Anorak Jacket\u00ae"},"content":{"rendered":"<p lang=\"en-US\" align=\"JUSTIFY\">Made of DuraCanvas\u00ae fabric<\/p>\n<p>Additional gussets made of StormStretch\u00ae fabric<\/p>\n<p>Large kangaroo pocket with internal organizer<\/p>\n<p>\u00c1ll\u00edthat\u00f3 kapucni<\/p>\n<p>Adjustable cuffs with hook&amp;loops<\/p>\n<p>Ventilation zippers in armpits<\/p>\n<p>YKK\u00ae cipz\u00e1r<\/p>\n<p>Designed by Survivaltech.pl<\/p>\n<p lang=\"en-US\" align=\"JUSTIFY\">\n<p lang=\"en-US\" align=\"JUSTIFY\">Based on the Mistral Anorak, Woodsman Anorak jacket is made of DuraCanvas\u00ae &#8211; the fabrics more suitable for outdoor and camping. The front is made of DuraCanvas\u00ae fabric, therefore it is fire-spark resistant and durable enough not to be damaged by sharp objects and branches. The back of the jacket was made of StormStretch\u00ae fabric, to provide higher breathability and better freedom of movement. The whole jacket is highly wind resistant. Woodsman anorak has three pockets, including one kangaroo on the front with internal organizer. Sides are fully zippered up to the arm pits to provide easy don and doff. The side zippers can also be used as ventilation. Additionally the jacket has adjustable, hood with visor.<\/p>\n<p lang=\"en-US\" align=\"JUSTIFY\">\n<div class=\"product-additional\">\n<table id=\"product-attribute-specs-table\" class=\"data-table\">\n<tbody>\n<tr>\n<th class=\"label\">EAN<\/th>\n<td class=\"data last\" data-attr-name=\"ean\">5908218730267<\/td>\n<\/tr>\n<tr class=\"odd even\">\n<th class=\"label\">Weight [g]<\/th>\n<td class=\"data last\" data-attr-name=\"weight\">792<\/td>\n<\/tr>\n<tr class=\"even odd\">\n<th class=\"label\">Material<\/th>\n<td class=\"data last\" data-attr-name=\"material_en\">55% Polyester, 23% Cotton, 19% Nylon, 3% Elastane<\/td>\n<\/tr>\n<tr class=\"odd even\">\n<th class=\"label\">Grammage [g\/m2]<\/th>\n<td class=\"data last\" data-attr-name=\"grammage\">230<\/td>\n<\/tr>\n<tr class=\"even odd\">\n<th class=\"label\">EUROPEAN PATENT No<\/th>\n<td class=\"data last\" data-attr-name=\"product_eu_patent_no\">005308384-0002<\/td>\n<\/tr>\n<tr class=\"last odd even\">\n<th class=\"label\"><\/th>\n<td class=\"data last\" data-attr-name=\"washing_principles_en5\"><\/td>\n<\/tr>\n<\/tbody>\n<\/table>\n<\/div>\n<div class=\"product-additional sm--logo-container\">\n<div class=\"sm--logo-wrapper\"><a href=\"https:\/\/www.helikon-tex.com\/en_eur\/product-lines\/bushcraft-line.html\"><img decoding=\"async\" src=\"https:\/\/dfr4rssi07fv7.cloudfront.net\/htx\/images\/technology\/jpg\/bushcraft-line.jpg\" \/><\/a>\u00a0<img decoding=\"async\" src=\"https:\/\/dfr4rssi07fv7.cloudfront.net\/htx\/images\/technology\/jpg\/duracanvas.jpg\" \/>\u00a0<img decoding=\"async\" src=\"https:\/\/dfr4rssi07fv7.cloudfront.net\/htx\/images\/technology\/jpg\/prym.jpg\" \/>\u00a0<img decoding=\"async\" src=\"https:\/\/dfr4rssi07fv7.cloudfront.net\/htx\/images\/technology\/jpg\/stormstretch.jpg\" \/>\u00a0<img decoding=\"async\" src=\"https:\/\/dfr4rssi07fv7.cloudfront.net\/htx\/images\/technology\/jpg\/survival-tech.jpg\" \/><\/div>\n<div class=\"sm--logo-wrapper\"><img decoding=\"async\" src=\"https:\/\/dfr4rssi07fv7.cloudfront.net\/htx\/images\/technology\/jpg\/woojin-plastic.jpg\" \/>\u00a0<img decoding=\"async\" src=\"https:\/\/dfr4rssi07fv7.cloudfront.net\/htx\/images\/technology\/jpg\/ykk.jpg\" \/><\/div>\n<\/div>","protected":false},"excerpt":{"rendered":"<p lang=\"en-US\" align=\"JUSTIFY\">Made of DuraCanvas\u00ae fabric<\/p>\n<p>Additional gussets made of StormStretch\u00ae fabric<\/p>\n<p>Large kangaroo pocket with internal organizer<\/p>\n<p>\u00c1ll\u00edthat\u00f3 kapucni<\/p>\n<p>Adjustable cuffs with hook&amp;loops<\/p>\n<p>Ventilation zippers in armpits<\/p>\n<p>YKK\u00ae cipz\u00e1r<\/p>\n<p>Designed by Survivaltech.pl<\/p>\n<p lang=\"en-US\" align=\"JUSTIFY\">\n<p lang=\"en-US\" align=\"JUSTIFY\">Based on the Mistral Anorak, Woodsman Anorak jacket is made of DuraCanvas\u00ae &#8211; the fabrics more suitable for outdoor and camping. The front is made of DuraCanvas\u00ae fabric, therefore it is fire-spark resistant and durable enough not to be damaged by sharp objects and branches. The back of the jacket was made of StormStretch\u00ae fabric, to provide higher breathability and better freedom of movement. The whole jacket is highly wind resistant. Woodsman anorak has three pockets, including one kangaroo on the front with internal organizer. Sides are fully zippered up to the arm pits to provide easy don and doff. The side zippers can also be used as ventilation. Additionally the jacket has adjustable, hood with visor.<\/p>\n<p lang=\"en-US\" align=\"JUSTIFY\">\n<div class=\"product-additional\">\n<table id=\"product-attribute-specs-table\" class=\"data-table\">\n<tbody>\n<tr>\n<th class=\"label\">EAN<\/th>\n<td class=\"data last\" data-attr-name=\"ean\">5908218730267<\/td>\n<\/tr>\n<tr class=\"odd even\">\n<th class=\"label\">Weight [g]<\/th>\n<td class=\"data last\" data-attr-name=\"weight\">792<\/td>\n<\/tr>\n<tr class=\"even odd\">\n<th class=\"label\">Material<\/th>\n<td class=\"data last\" data-attr-name=\"material_en\">55% Polyester, 23% Cotton, 19% Nylon, 3% Elastane<\/td>\n<\/tr>\n<tr class=\"odd even\">\n<th class=\"label\">Grammage [g\/m2]<\/th>\n<td class=\"data last\" data-attr-name=\"grammage\">230<\/td>\n<\/tr>\n<tr class=\"even odd\">\n<th class=\"label\">EUROPEAN PATENT No<\/th>\n<td class=\"data last\" data-attr-name=\"product_eu_patent_no\">005308384-0002<\/td>\n<\/tr>\n<tr class=\"last odd even\">\n<th class=\"label\"><\/th>\n<td class=\"data last\" data-attr-name=\"washing_principles_en5\"><\/td>\n<\/tr>\n<\/tbody>\n<\/table>\n<\/div>\n<div class=\"product-additional sm--logo-container\">\n<div class=\"sm--logo-wrapper\"><a href=\"https:\/\/www.helikon-tex.com\/en_eur\/product-lines\/bushcraft-line.html\"><img decoding=\"async\" src=\"https:\/\/dfr4rssi07fv7.cloudfront.net\/htx\/images\/technology\/jpg\/bushcraft-line.jpg\" \/><\/a>\u00a0<img decoding=\"async\" src=\"https:\/\/dfr4rssi07fv7.cloudfront.net\/htx\/images\/technology\/jpg\/duracanvas.jpg\" \/>\u00a0<img decoding=\"async\" src=\"https:\/\/dfr4rssi07fv7.cloudfront.net\/htx\/images\/technology\/jpg\/prym.jpg\" \/>\u00a0<img decoding=\"async\" src=\"https:\/\/dfr4rssi07fv7.cloudfront.net\/htx\/images\/technology\/jpg\/stormstretch.jpg\" \/>\u00a0<img decoding=\"async\" src=\"https:\/\/dfr4rssi07fv7.cloudfront.net\/htx\/images\/technology\/jpg\/survival-tech.jpg\" \/><\/div>\n<div class=\"sm--logo-wrapper\"><img decoding=\"async\" src=\"https:\/\/dfr4rssi07fv7.cloudfront.net\/htx\/images\/technology\/jpg\/woojin-plastic.jpg\" \/>\u00a0<img decoding=\"async\" src=\"https:\/\/dfr4rssi07fv7.cloudfront.net\/htx\/images\/technology\/jpg\/ykk.jpg\" \/><\/div>\n<\/div>","protected":false},"featured_media":3626,"template":"","meta":{"site-sidebar-layout":"default","site-content-layout":"","ast-site-content-layout":"default","site-content-style":"default","site-sidebar-style":"default","ast-global-header-display":"","ast-banner-title-visibility":"","ast-main-header-display":"","ast-hfb-above-header-display":"","ast-hfb-below-header-display":"","ast-hfb-mobile-header-display":"","site-post-title":"","ast-breadcrumbs-content":"","ast-featured-img":"","footer-sml-layout":"","theme-transparent-header-meta":"default","adv-header-id-meta":"","stick-header-meta":"","header-above-stick-meta":"","header-main-stick-meta":"","header-below-stick-meta":"","astra-migrate-meta-layouts":"set","ast-page-background-enabled":"default","ast-page-background-meta":{"desktop":{"background-color":"","background-image":"","background-repeat":"repeat","background-position":"center center","background-size":"auto","background-attachment":"scroll","background-type":"","background-media":"","overlay-type":"","overlay-color":"","overlay-gradient":""},"tablet":{"background-color":"","background-image":"","background-repeat":"repeat","background-position":"center center","background-size":"auto","background-attachment":"scroll","background-type":"","background-media":"","overlay-type":"","overlay-color":"","overlay-gradient":""},"mobile":{"background-color":"","background-image":"","background-repeat":"repeat","background-position":"center center","background-size":"auto","background-attachment":"scroll","background-type":"","background-media":"","overlay-type":"","overlay-color":"","overlay-gradient":""}},"ast-content-background-meta":{"desktop":{"background-color":"var(--ast-global-color-5)","background-image":"","background-repeat":"repeat","background-position":"center center","background-size":"auto","background-attachment":"scroll","background-type":"","background-media":"","overlay-type":"","overlay-color":"","overlay-gradient":""},"tablet":{"background-color":"var(--ast-global-color-5)","background-image":"","background-repeat":"repeat","background-position":"center center","background-size":"auto","background-attachment":"scroll","background-type":"","background-media":"","overlay-type":"","overlay-color":"","overlay-gradient":""},"mobile":{"background-color":"var(--ast-global-color-5)","background-image":"","background-repeat":"repeat","background-position":"center center","background-size":"auto","background-attachment":"scroll","background-type":"","background-media":"","overlay-type":"","overlay-color":"","overlay-gradient":""}}},"product_cat":[38],"product_tag":[],"_links":{"self":[{"href":"https:\/\/silvertactical.hu\/hu\/wp-json\/wp\/v2\/product\/1496"}],"collection":[{"href":"https:\/\/silvertactical.hu\/hu\/wp-json\/wp\/v2\/product"}],"about":[{"href":"https:\/\/silvertactical.hu\/hu\/wp-json\/wp\/v2\/types\/product"}],"version-history":[{"count":2,"href":"https:\/\/silvertactical.hu\/hu\/wp-json\/wp\/v2\/product\/1496\/revisions"}],"predecessor-version":[{"id":3629,"href":"https:\/\/silvertactical.hu\/hu\/wp-json\/wp\/v2\/product\/1496\/revisions\/3629"}],"wp:featuredmedia":[{"embeddable":true,"href":"https:\/\/silvertactical.hu\/hu\/wp-json\/wp\/v2\/media\/3626"}],"wp:attachment":[{"href":"https:\/\/silvertactical.hu\/hu\/wp-json\/wp\/v2\/media?parent=1496"}],"wp:term":[{"taxonomy":"product_cat","embeddable":true,"href":"https:\/\/silvertactical.hu\/hu\/wp-json\/wp\/v2\/product_cat?post=1496"},{"taxonomy":"product_tag","embeddable":true,"href":"https:\/\/silvertactical.hu\/hu\/wp-json\/wp\/v2\/product_tag?post=1496"}],"curies":[{"name":"wp","href":"https:\/\/api.w.org\/{rel}","templated":true}]}}