{"id":1544,"date":"2023-11-27T11:46:36","date_gmt":"2023-11-27T11:46:36","guid":{"rendered":"https:\/\/silvertactical.wordwiseme.com\/?post_type=product&#038;p=1544"},"modified":"2024-10-02T08:46:07","modified_gmt":"2024-10-02T08:46:07","slug":"black-ma1-boots","status":"publish","type":"product","link":"https:\/\/silvertactical.hu\/hu\/item\/black-ma1-boots\/","title":{"rendered":"BLACK MA1\u00ae BOOTS"},"content":{"rendered":"<p>L\u00e1bsz\u00e1r: M\u0171b\u0151r, Cordura<br \/>\nB\u00e9l\u00e9s: Cambrelle<br \/>\nTalp: gumi<\/p>\n<p>&#8211; narancss\u00e1rga sz\u00edn\u0171 b\u00e9l\u00e9s<br \/>\n&#8211; kicsi cipz\u00e1ras zseb (v\u00e1lt\u00e1shoz, kulcshoz stb.)<br \/>\n&#8211; 2 tolldug\u00f3 mindk\u00e9t bakancs sz\u00e1ron<br \/>\n&#8211; nyolcszem\u0171 k\u00f6t\u00e9s gyorsf\u0171z\u0151 rendszerrel<br \/>\n&#8211; meger\u0151s\u00edtett sarokfel\u00fclet<br \/>\n&#8211; ac\u00e9l orrfed\u00e9l<\/p>\n<p>&#8211; EU-m\u00e9ret<\/p>","protected":false},"excerpt":{"rendered":"<p>L\u00e1bsz\u00e1r: M\u0171b\u0151r, Cordura<br \/>\nB\u00e9l\u00e9s: Cambrelle<br \/>\nTalp: gumi<\/p>\n<p>&#8211; narancss\u00e1rga sz\u00edn\u0171 b\u00e9l\u00e9s<br \/>\n&#8211; kicsi cipz\u00e1ras zseb (v\u00e1lt\u00e1shoz, kulcshoz stb.)<br \/>\n&#8211; 2 tolldug\u00f3 mindk\u00e9t bakancs sz\u00e1ron<br \/>\n&#8211; nyolcszem\u0171 k\u00f6t\u00e9s gyorsf\u0171z\u0151 rendszerrel<br \/>\n&#8211; meger\u0151s\u00edtett sarokfel\u00fclet<br \/>\n&#8211; ac\u00e9l orrfed\u00e9l<\/p>\n<p>&#8211; EU-m\u00e9ret<\/p>","protected":false},"featured_media":5715,"template":"","meta":{"site-sidebar-layout":"default","site-content-layout":"","ast-site-content-layout":"default","site-content-style":"default","site-sidebar-style":"default","ast-global-header-display":"","ast-banner-title-visibility":"","ast-main-header-display":"","ast-hfb-above-header-display":"","ast-hfb-below-header-display":"","ast-hfb-mobile-header-display":"","site-post-title":"","ast-breadcrumbs-content":"","ast-featured-img":"","footer-sml-layout":"","theme-transparent-header-meta":"default","adv-header-id-meta":"","stick-header-meta":"","header-above-stick-meta":"","header-main-stick-meta":"","header-below-stick-meta":"","astra-migrate-meta-layouts":"set","ast-page-background-enabled":"default","ast-page-background-meta":{"desktop":{"background-color":"","background-image":"","background-repeat":"repeat","background-position":"center center","background-size":"auto","background-attachment":"scroll","background-type":"","background-media":"","overlay-type":"","overlay-color":"","overlay-gradient":""},"tablet":{"background-color":"","background-image":"","background-repeat":"repeat","background-position":"center center","background-size":"auto","background-attachment":"scroll","background-type":"","background-media":"","overlay-type":"","overlay-color":"","overlay-gradient":""},"mobile":{"background-color":"","background-image":"","background-repeat":"repeat","background-position":"center center","background-size":"auto","background-attachment":"scroll","background-type":"","background-media":"","overlay-type":"","overlay-color":"","overlay-gradient":""}},"ast-content-background-meta":{"desktop":{"background-color":"var(--ast-global-color-5)","background-image":"","background-repeat":"repeat","background-position":"center center","background-size":"auto","background-attachment":"scroll","background-type":"","background-media":"","overlay-type":"","overlay-color":"","overlay-gradient":""},"tablet":{"background-color":"var(--ast-global-color-5)","background-image":"","background-repeat":"repeat","background-position":"center center","background-size":"auto","background-attachment":"scroll","background-type":"","background-media":"","overlay-type":"","overlay-color":"","overlay-gradient":""},"mobile":{"background-color":"var(--ast-global-color-5)","background-image":"","background-repeat":"repeat","background-position":"center center","background-size":"auto","background-attachment":"scroll","background-type":"","background-media":"","overlay-type":"","overlay-color":"","overlay-gradient":""}}},"product_cat":[41],"product_tag":[],"_links":{"self":[{"href":"https:\/\/silvertactical.hu\/hu\/wp-json\/wp\/v2\/product\/1544"}],"collection":[{"href":"https:\/\/silvertactical.hu\/hu\/wp-json\/wp\/v2\/product"}],"about":[{"href":"https:\/\/silvertactical.hu\/hu\/wp-json\/wp\/v2\/types\/product"}],"version-history":[{"count":3,"href":"https:\/\/silvertactical.hu\/hu\/wp-json\/wp\/v2\/product\/1544\/revisions"}],"predecessor-version":[{"id":5717,"href":"https:\/\/silvertactical.hu\/hu\/wp-json\/wp\/v2\/product\/1544\/revisions\/5717"}],"wp:featuredmedia":[{"embeddable":true,"href":"https:\/\/silvertactical.hu\/hu\/wp-json\/wp\/v2\/media\/5715"}],"wp:attachment":[{"href":"https:\/\/silvertactical.hu\/hu\/wp-json\/wp\/v2\/media?parent=1544"}],"wp:term":[{"taxonomy":"product_cat","embeddable":true,"href":"https:\/\/silvertactical.hu\/hu\/wp-json\/wp\/v2\/product_cat?post=1544"},{"taxonomy":"product_tag","embeddable":true,"href":"https:\/\/silvertactical.hu\/hu\/wp-json\/wp\/v2\/product_tag?post=1544"}],"curies":[{"name":"wp","href":"https:\/\/api.w.org\/{rel}","templated":true}]}}