{"id":7057,"date":"2024-10-09T08:53:30","date_gmt":"2024-10-09T08:53:30","guid":{"rendered":"https:\/\/silvertactical.hu\/?post_type=product&#038;p=7057"},"modified":"2024-10-09T09:50:37","modified_gmt":"2024-10-09T09:50:37","slug":"pentagon-astir-spartan-warrior-t-shirt","status":"publish","type":"product","link":"https:\/\/silvertactical.hu\/hu\/item\/pentagon-astir-spartan-warrior-t-shirt\/","title":{"rendered":"PENTAGON \u2013 ASTIR \u201cSpartan Warrior\u201d  p\u00f3l\u00f3"},"content":{"rendered":"","protected":false},"excerpt":{"rendered":"<p><strong>ASTIR\u00a0<\/strong><strong>T-shirt (Spartan Warrior Stamp),\u00a0\u00a0<\/strong><\/p>\n<p>Ide\u00e1lis tev\u00e9kenys\u00e9gekhez vagy tengerparti s\u00e9t\u00e1khoz. Sz\u00e9p testhez\u00e1ll\u00f3 \u00e9s Ring Spun pamut anyag.<\/p>\n<p><strong>SPECIFICATIONS\u00a0<\/strong><\/p>\n<ul>\n<li>165Gsm anyags\u0171r\u0171s\u00e9g<\/li>\n<li>100% Ring-Spun pamut<\/li>\n<li>Comfort fit<\/li>\n<li>Szagtasz\u00edt\u00f3<\/li>\n<li>Gyorsan sz\u00e1rad\u00f3<\/li>\n<\/ul>","protected":false},"featured_media":6731,"template":"","meta":{"site-sidebar-layout":"default","site-content-layout":"","ast-site-content-layout":"default","site-content-style":"default","site-sidebar-style":"default","ast-global-header-display":"","ast-banner-title-visibility":"","ast-main-header-display":"","ast-hfb-above-header-display":"","ast-hfb-below-header-display":"","ast-hfb-mobile-header-display":"","site-post-title":"","ast-breadcrumbs-content":"","ast-featured-img":"","footer-sml-layout":"","theme-transparent-header-meta":"default","adv-header-id-meta":"","stick-header-meta":"","header-above-stick-meta":"","header-main-stick-meta":"","header-below-stick-meta":"","astra-migrate-meta-layouts":"set","ast-page-background-enabled":"default","ast-page-background-meta":{"desktop":{"background-color":"","background-image":"","background-repeat":"repeat","background-position":"center center","background-size":"auto","background-attachment":"scroll","background-type":"","background-media":"","overlay-type":"","overlay-color":"","overlay-gradient":""},"tablet":{"background-color":"","background-image":"","background-repeat":"repeat","background-position":"center center","background-size":"auto","background-attachment":"scroll","background-type":"","background-media":"","overlay-type":"","overlay-color":"","overlay-gradient":""},"mobile":{"background-color":"","background-image":"","background-repeat":"repeat","background-position":"center center","background-size":"auto","background-attachment":"scroll","background-type":"","background-media":"","overlay-type":"","overlay-color":"","overlay-gradient":""}},"ast-content-background-meta":{"desktop":{"background-color":"var(--ast-global-color-5)","background-image":"","background-repeat":"repeat","background-position":"center center","background-size":"auto","background-attachment":"scroll","background-type":"","background-media":"","overlay-type":"","overlay-color":"","overlay-gradient":""},"tablet":{"background-color":"var(--ast-global-color-5)","background-image":"","background-repeat":"repeat","background-position":"center center","background-size":"auto","background-attachment":"scroll","background-type":"","background-media":"","overlay-type":"","overlay-color":"","overlay-gradient":""},"mobile":{"background-color":"var(--ast-global-color-5)","background-image":"","background-repeat":"repeat","background-position":"center center","background-size":"auto","background-attachment":"scroll","background-type":"","background-media":"","overlay-type":"","overlay-color":"","overlay-gradient":""}}},"product_cat":[32],"product_tag":[],"_links":{"self":[{"href":"https:\/\/silvertactical.hu\/hu\/wp-json\/wp\/v2\/product\/7057"}],"collection":[{"href":"https:\/\/silvertactical.hu\/hu\/wp-json\/wp\/v2\/product"}],"about":[{"href":"https:\/\/silvertactical.hu\/hu\/wp-json\/wp\/v2\/types\/product"}],"version-history":[{"count":3,"href":"https:\/\/silvertactical.hu\/hu\/wp-json\/wp\/v2\/product\/7057\/revisions"}],"predecessor-version":[{"id":7060,"href":"https:\/\/silvertactical.hu\/hu\/wp-json\/wp\/v2\/product\/7057\/revisions\/7060"}],"wp:featuredmedia":[{"embeddable":true,"href":"https:\/\/silvertactical.hu\/hu\/wp-json\/wp\/v2\/media\/6731"}],"wp:attachment":[{"href":"https:\/\/silvertactical.hu\/hu\/wp-json\/wp\/v2\/media?parent=7057"}],"wp:term":[{"taxonomy":"product_cat","embeddable":true,"href":"https:\/\/silvertactical.hu\/hu\/wp-json\/wp\/v2\/product_cat?post=7057"},{"taxonomy":"product_tag","embeddable":true,"href":"https:\/\/silvertactical.hu\/hu\/wp-json\/wp\/v2\/product_tag?post=7057"}],"curies":[{"name":"wp","href":"https:\/\/api.w.org\/{rel}","templated":true}]}}