{"id":7071,"date":"2024-10-10T08:26:51","date_gmt":"2024-10-10T08:26:51","guid":{"rendered":"https:\/\/silvertactical.hu\/?post_type=product&#038;p=7071"},"modified":"2024-10-10T08:28:59","modified_gmt":"2024-10-10T08:28:59","slug":"pentagon-romeo-2-0-henley-polo-ing","status":"publish","type":"product","link":"https:\/\/silvertactical.hu\/hu\/item\/pentagon-romeo-2-0-henley-polo-ing\/","title":{"rendered":"PENTAGON \u2013 ROMEO 2.0 HENLEY P\u00f3l\u00f3 ing"},"content":{"rendered":"","protected":false},"excerpt":{"rendered":"<p><strong>ROMEO Henley Shirt<\/strong><\/p>\n<p>Elevate your wardrobe with the\u00a0<strong><u>Romeo Henley Shirt<\/u><\/strong>\u00daj\u00edtsa meg ruhat\u00e1r\u00e1t a Romeo Henley inggel, amely a st\u00edlus, a k\u00e9nyelem \u00e9s a kifinomults\u00e1g t\u00f6k\u00e9letes kever\u00e9ke. A 100%-ban kiv\u00e1l\u00f3 min\u0151s\u00e9g\u0171 pamutb\u00f3l k\u00e9sz\u00fclt ing csaknem 190 GSM sz\u00f6vets\u00faly\u00fa, kiv\u00e9teles stabilit\u00e1st \u00e9s kifinomult megjelen\u00e9st biztos\u00edt.<\/p>\n<p><strong>Premium Fabric:<\/strong>\u00a0Made from high-grade cotton, the\u00a0<strong>Romeo Henley\u00a0<\/strong>Pr\u00e9mium sz\u00f6vet: Kiv\u00e1l\u00f3 min\u0151s\u00e9g\u0171 pamutb\u00f3l k\u00e9sz\u00fclt, a Romeo Henley puha, \u00e9s luxus\u00e9rzetet biztos\u00edt a b\u0151r\u00f6n. A 190 GSM sz\u00f6vets\u00faly tart\u00f3ss\u00e1got \u00e9s tart\u00e1st ad, \u00edgy minden ruhat\u00e1r alapdarabja.<\/p>\n<p><strong>Elegant Design:<\/strong>\u00a0Eleg\u00e1ns diz\u00e1jn: Friss \u00e9s st\u00edlusos mandarin gall\u00e9rral \u00e9s k\u00e9tgombos els\u0151 r\u00e9sszel ez az ing id\u0151tlen eleganci\u00e1t \u00e9s modern hangulatot \u00e1raszt.<\/p>\n<p><strong>Comfort and Freshness:<\/strong>\u00a0The\u00a0<strong>ROMEO Henley\u00a0<\/strong>incorporates an odorless material process, keeping you feeling fresh throughout the day. Its regular fit offers a comfortable yet tailored look, suitable for various occasions.<\/p>\n<p><strong>Certified Quality<\/strong>: The fabric is certified under\u00a0<strong>OEKO-TEX 100<\/strong>, ensuring it meets high safety and environmental standards.<\/p>\n<p>Perfect for both casual outings and more formal gatherings, the\u00a0<strong>Romeo Henley Shirt\u00a0<\/strong>combines versatility with a touch of sophistication, making it an essential addition to your fashion repertoire.<\/p>\n<p><strong><u>FEATURES<\/u><\/strong><\/p>\n<ul>\n<li>100% high grade Cotton<\/li>\n<li>190gsm fabric weight<\/li>\n<li>Odorless material<\/li>\n<li>2 Button design placket<\/li>\n<li>Mandarin Collar pattern<\/li>\n<li>OEKO TEX 100 certification<\/li>\n<li>Regular fitting<\/li>\n<\/ul>","protected":false},"featured_media":7072,"template":"","meta":{"site-sidebar-layout":"default","site-content-layout":"","ast-site-content-layout":"default","site-content-style":"default","site-sidebar-style":"default","ast-global-header-display":"","ast-banner-title-visibility":"","ast-main-header-display":"","ast-hfb-above-header-display":"","ast-hfb-below-header-display":"","ast-hfb-mobile-header-display":"","site-post-title":"","ast-breadcrumbs-content":"","ast-featured-img":"","footer-sml-layout":"","theme-transparent-header-meta":"default","adv-header-id-meta":"","stick-header-meta":"","header-above-stick-meta":"","header-main-stick-meta":"","header-below-stick-meta":"","astra-migrate-meta-layouts":"set","ast-page-background-enabled":"default","ast-page-background-meta":{"desktop":{"background-color":"","background-image":"","background-repeat":"repeat","background-position":"center center","background-size":"auto","background-attachment":"scroll","background-type":"","background-media":"","overlay-type":"","overlay-color":"","overlay-gradient":""},"tablet":{"background-color":"","background-image":"","background-repeat":"repeat","background-position":"center center","background-size":"auto","background-attachment":"scroll","background-type":"","background-media":"","overlay-type":"","overlay-color":"","overlay-gradient":""},"mobile":{"background-color":"","background-image":"","background-repeat":"repeat","background-position":"center center","background-size":"auto","background-attachment":"scroll","background-type":"","background-media":"","overlay-type":"","overlay-color":"","overlay-gradient":""}},"ast-content-background-meta":{"desktop":{"background-color":"var(--ast-global-color-5)","background-image":"","background-repeat":"repeat","background-position":"center center","background-size":"auto","background-attachment":"scroll","background-type":"","background-media":"","overlay-type":"","overlay-color":"","overlay-gradient":""},"tablet":{"background-color":"var(--ast-global-color-5)","background-image":"","background-repeat":"repeat","background-position":"center center","background-size":"auto","background-attachment":"scroll","background-type":"","background-media":"","overlay-type":"","overlay-color":"","overlay-gradient":""},"mobile":{"background-color":"var(--ast-global-color-5)","background-image":"","background-repeat":"repeat","background-position":"center center","background-size":"auto","background-attachment":"scroll","background-type":"","background-media":"","overlay-type":"","overlay-color":"","overlay-gradient":""}}},"product_cat":[109],"product_tag":[],"_links":{"self":[{"href":"https:\/\/silvertactical.hu\/hu\/wp-json\/wp\/v2\/product\/7071"}],"collection":[{"href":"https:\/\/silvertactical.hu\/hu\/wp-json\/wp\/v2\/product"}],"about":[{"href":"https:\/\/silvertactical.hu\/hu\/wp-json\/wp\/v2\/types\/product"}],"version-history":[{"count":3,"href":"https:\/\/silvertactical.hu\/hu\/wp-json\/wp\/v2\/product\/7071\/revisions"}],"predecessor-version":[{"id":7079,"href":"https:\/\/silvertactical.hu\/hu\/wp-json\/wp\/v2\/product\/7071\/revisions\/7079"}],"wp:featuredmedia":[{"embeddable":true,"href":"https:\/\/silvertactical.hu\/hu\/wp-json\/wp\/v2\/media\/7072"}],"wp:attachment":[{"href":"https:\/\/silvertactical.hu\/hu\/wp-json\/wp\/v2\/media?parent=7071"}],"wp:term":[{"taxonomy":"product_cat","embeddable":true,"href":"https:\/\/silvertactical.hu\/hu\/wp-json\/wp\/v2\/product_cat?post=7071"},{"taxonomy":"product_tag","embeddable":true,"href":"https:\/\/silvertactical.hu\/hu\/wp-json\/wp\/v2\/product_tag?post=7071"}],"curies":[{"name":"wp","href":"https:\/\/api.w.org\/{rel}","templated":true}]}}