{"id":7213,"date":"2024-10-20T10:18:30","date_gmt":"2024-10-20T10:18:30","guid":{"rendered":"https:\/\/silvertactical.hu\/?post_type=product&#038;p=7213"},"modified":"2024-12-11T16:02:07","modified_gmt":"2024-12-11T16:02:07","slug":"helikon-tex-covert-tactical-hoodie","status":"publish","type":"product","link":"https:\/\/silvertactical.hu\/hu\/item\/helikon-tex-covert-tactical-hoodie\/","title":{"rendered":"HELIKON TEX &#8211; Covert Tactical Hoodie"},"content":{"rendered":"","protected":false},"excerpt":{"rendered":"<p>A COVERT TACTICAL HOODIE\u00ae egy k\u00f6nny\u0171, teljes cipz\u00e1ras kapucnis kab\u00e1t, \u00e9s egyben a \"legcivilebb\" kin\u00e9zet\u0171 is a k\u00edn\u00e1latunkban. Az egyszer\u0171, alacsony profil\u00fa szab\u00e1s, az elasztikus anyag \u00e9s a gondosan kiv\u00e1lasztott sz\u00ednek t\u00f6k\u00e9letess\u00e9 teszik ezt a pulcsit b\u00e1rmilyen v\u00e1rosi tev\u00e9kenys\u00e9ghez. K\u00e9t klasszikus el\u00fcls\u0151 zsebben elf\u00e9r minden l\u00e9nyeges dolog, amihez gyorsan \u00e9s k\u00f6nnyen hozz\u00e1 kell f\u00e9rni, de k\u00e9zmeleg\u00edt\u0151 zsebk\u00e9nt is haszn\u00e1lhat\u00f3 hideg napokon; ezen k\u00edv\u00fcl ezekben a zsebekben kisebb, cipz\u00e1rral z\u00e1r\u00f3d\u00f3 rejtett zsebek tal\u00e1lhat\u00f3k. K\u00e9t bels\u0151 h\u00e1l\u00f3s zsebben elf\u00e9r a p\u00e9nzt\u00e1rca vagy az iratok, \u00edgy neh\u00e9z ezeket ellopni vagy elvesz\u00edteni. A v\u00e1ll\u00e1n l\u00e9v\u0151 zsebeket rejtett cipz\u00e1rak z\u00e1rj\u00e1k, amelyek messzir\u0151l szinte l\u00e1thatatlanok.<\/p>\n<p>R\u00e9szletek:<br \/>\nElasztikus manzsett\u00e1k<br \/>\nCipz\u00e1ras zsebek bicepsz magass\u00e1gban<br \/>\n\u00c1ll\u00edthat\u00f3 kapucni<br \/>\nYKK\u00ae cipz\u00e1r<br \/>\nPoli\u00e9szter<br \/>\nNagy el\u00fcls\u0151 zsebek cipz\u00e1ros bels\u0151 zsebekkel<br \/>\nH\u00e1l\u00f3s bels\u0151 zsebek<\/p>","protected":false},"featured_media":7222,"template":"","meta":{"site-sidebar-layout":"default","site-content-layout":"","ast-site-content-layout":"default","site-content-style":"default","site-sidebar-style":"default","ast-global-header-display":"","ast-banner-title-visibility":"","ast-main-header-display":"","ast-hfb-above-header-display":"","ast-hfb-below-header-display":"","ast-hfb-mobile-header-display":"","site-post-title":"","ast-breadcrumbs-content":"","ast-featured-img":"","footer-sml-layout":"","theme-transparent-header-meta":"default","adv-header-id-meta":"","stick-header-meta":"","header-above-stick-meta":"","header-main-stick-meta":"","header-below-stick-meta":"","astra-migrate-meta-layouts":"set","ast-page-background-enabled":"default","ast-page-background-meta":{"desktop":{"background-color":"","background-image":"","background-repeat":"repeat","background-position":"center center","background-size":"auto","background-attachment":"scroll","background-type":"","background-media":"","overlay-type":"","overlay-color":"","overlay-gradient":""},"tablet":{"background-color":"","background-image":"","background-repeat":"repeat","background-position":"center center","background-size":"auto","background-attachment":"scroll","background-type":"","background-media":"","overlay-type":"","overlay-color":"","overlay-gradient":""},"mobile":{"background-color":"","background-image":"","background-repeat":"repeat","background-position":"center center","background-size":"auto","background-attachment":"scroll","background-type":"","background-media":"","overlay-type":"","overlay-color":"","overlay-gradient":""}},"ast-content-background-meta":{"desktop":{"background-color":"var(--ast-global-color-5)","background-image":"","background-repeat":"repeat","background-position":"center center","background-size":"auto","background-attachment":"scroll","background-type":"","background-media":"","overlay-type":"","overlay-color":"","overlay-gradient":""},"tablet":{"background-color":"var(--ast-global-color-5)","background-image":"","background-repeat":"repeat","background-position":"center center","background-size":"auto","background-attachment":"scroll","background-type":"","background-media":"","overlay-type":"","overlay-color":"","overlay-gradient":""},"mobile":{"background-color":"var(--ast-global-color-5)","background-image":"","background-repeat":"repeat","background-position":"center center","background-size":"auto","background-attachment":"scroll","background-type":"","background-media":"","overlay-type":"","overlay-color":"","overlay-gradient":""}}},"product_cat":[38,33,101],"product_tag":[12162,12160,12161,12158,12159,12157,12163,12156],"_links":{"self":[{"href":"https:\/\/silvertactical.hu\/hu\/wp-json\/wp\/v2\/product\/7213"}],"collection":[{"href":"https:\/\/silvertactical.hu\/hu\/wp-json\/wp\/v2\/product"}],"about":[{"href":"https:\/\/silvertactical.hu\/hu\/wp-json\/wp\/v2\/types\/product"}],"version-history":[{"count":2,"href":"https:\/\/silvertactical.hu\/hu\/wp-json\/wp\/v2\/product\/7213\/revisions"}],"predecessor-version":[{"id":7271,"href":"https:\/\/silvertactical.hu\/hu\/wp-json\/wp\/v2\/product\/7213\/revisions\/7271"}],"wp:featuredmedia":[{"embeddable":true,"href":"https:\/\/silvertactical.hu\/hu\/wp-json\/wp\/v2\/media\/7222"}],"wp:attachment":[{"href":"https:\/\/silvertactical.hu\/hu\/wp-json\/wp\/v2\/media?parent=7213"}],"wp:term":[{"taxonomy":"product_cat","embeddable":true,"href":"https:\/\/silvertactical.hu\/hu\/wp-json\/wp\/v2\/product_cat?post=7213"},{"taxonomy":"product_tag","embeddable":true,"href":"https:\/\/silvertactical.hu\/hu\/wp-json\/wp\/v2\/product_tag?post=7213"}],"curies":[{"name":"wp","href":"https:\/\/api.w.org\/{rel}","templated":true}]}}