{"id":7229,"date":"2024-10-21T09:50:24","date_gmt":"2024-10-21T09:50:24","guid":{"rendered":"https:\/\/silvertactical.hu\/?post_type=product&#038;p=7229"},"modified":"2024-11-02T00:00:17","modified_gmt":"2024-11-02T00:00:17","slug":"helikon-tex-patriot-jacket-double-fleece-2","status":"publish","type":"product","link":"https:\/\/silvertactical.hu\/hu\/item\/helikon-tex-patriot-jacket-double-fleece-2\/","title":{"rendered":"HELIKON TEX &#8211; Patriot Jacket Double Fleece"},"content":{"rendered":"","protected":false},"excerpt":{"rendered":"<h2 class=\"section-title\">Le\u00edr\u00e1s<\/h2>\n<div class=\"inner-clear\">\n<p>A Patriot Heavy Fleece Jacket a legfejlettebb pol\u00e1rkab\u00e1t k\u00edn\u00e1latunkban. Sz\u00e9ls\u0151s\u00e9ges id\u0151j\u00e1r\u00e1si k\u00f6r\u00fclm\u00e9nyek k\u00f6z\u00f6tti taktikai haszn\u00e1latra tervezt\u00e9k. A kab\u00e1t \u00e1ll\u00edthat\u00f3, kism\u00e9ret\u0171 v\u00e9d\u0151burkolatos kapucnival rendelkezik, valamint zsebekkel a taktikai eszk\u00f6z\u00f6k sz\u00e1m\u00e1ra. A mellzsebeken f\u00fclhallgat\u00f3 k\u00e1bel kivezet\u0151 lyukak \u00e9s kis eszk\u00f6zrendez\u0151k tal\u00e1lhat\u00f3k. H\u00e1rom k\u00fcls\u0151 zseb k\u00f6nnyen el\u00e9rhet\u0151 helyeken \u00e9s a fels\u0151 \u00e9s a bal als\u00f3 kab\u00e1tujjon tov\u00e1bbi t\u00e1rol\u00e1st tesz lehet\u0151v\u00e9. A k\u00f6ny\u00f6k\u00f6k meger\u0151s\u00edtettek a nagyobb kop\u00e1s\u00e1ll\u00f3s\u00e1g \u00e9rdek\u00e9ben. A kab\u00e1t manzsett\u00e1i egy\u00e9nileg \u00e1ll\u00edthat\u00f3k t\u00e9p\u0151z\u00e1rral, valamint rugalmas h\u00faz\u00f3zsin\u00f3rral a kapucniban \u00e9s a kab\u00e1t alj\u00e1n. A Patriot egy sokoldal\u00fa \u00e9s tart\u00f3s fels\u0151ruh\u00e1zat, amely hideg \u00e9ghajlatra is alkalmas.<\/p>\n<p class=\" translation-block\">Features:<br>\r\nProfiled elbow reinforcements<br>\r\nLoop panel on sleeves for personalization<br>\r\nZippered pocket on left forearm<br>\r\nZippered pockets placed bicep-high<br>\r\nElastic adjustment on the jackets bottom<br>\r\nSide zippered chest pockets with wiring eyelets, d-rings and electronic device pockets<br>\r\nHighly warming<br>\r\nAdjustable cuffs with hook&amp;loops<br>\r\nAdjustable hood<br>\r\nVentilation zippers in armpits<br>\r\nZippered back tunnel pocket<\/p>\n<\/div>","protected":false},"featured_media":7237,"template":"","meta":{"site-sidebar-layout":"default","site-content-layout":"","ast-site-content-layout":"default","site-content-style":"default","site-sidebar-style":"default","ast-global-header-display":"","ast-banner-title-visibility":"","ast-main-header-display":"","ast-hfb-above-header-display":"","ast-hfb-below-header-display":"","ast-hfb-mobile-header-display":"","site-post-title":"","ast-breadcrumbs-content":"","ast-featured-img":"","footer-sml-layout":"","theme-transparent-header-meta":"default","adv-header-id-meta":"","stick-header-meta":"","header-above-stick-meta":"","header-main-stick-meta":"","header-below-stick-meta":"","astra-migrate-meta-layouts":"set","ast-page-background-enabled":"default","ast-page-background-meta":{"desktop":{"background-color":"","background-image":"","background-repeat":"repeat","background-position":"center center","background-size":"auto","background-attachment":"scroll","background-type":"","background-media":"","overlay-type":"","overlay-color":"","overlay-gradient":""},"tablet":{"background-color":"","background-image":"","background-repeat":"repeat","background-position":"center center","background-size":"auto","background-attachment":"scroll","background-type":"","background-media":"","overlay-type":"","overlay-color":"","overlay-gradient":""},"mobile":{"background-color":"","background-image":"","background-repeat":"repeat","background-position":"center center","background-size":"auto","background-attachment":"scroll","background-type":"","background-media":"","overlay-type":"","overlay-color":"","overlay-gradient":""}},"ast-content-background-meta":{"desktop":{"background-color":"var(--ast-global-color-5)","background-image":"","background-repeat":"repeat","background-position":"center center","background-size":"auto","background-attachment":"scroll","background-type":"","background-media":"","overlay-type":"","overlay-color":"","overlay-gradient":""},"tablet":{"background-color":"var(--ast-global-color-5)","background-image":"","background-repeat":"repeat","background-position":"center center","background-size":"auto","background-attachment":"scroll","background-type":"","background-media":"","overlay-type":"","overlay-color":"","overlay-gradient":""},"mobile":{"background-color":"var(--ast-global-color-5)","background-image":"","background-repeat":"repeat","background-position":"center center","background-size":"auto","background-attachment":"scroll","background-type":"","background-media":"","overlay-type":"","overlay-color":"","overlay-gradient":""}}},"product_cat":[38],"product_tag":[],"_links":{"self":[{"href":"https:\/\/silvertactical.hu\/hu\/wp-json\/wp\/v2\/product\/7229"}],"collection":[{"href":"https:\/\/silvertactical.hu\/hu\/wp-json\/wp\/v2\/product"}],"about":[{"href":"https:\/\/silvertactical.hu\/hu\/wp-json\/wp\/v2\/types\/product"}],"version-history":[{"count":2,"href":"https:\/\/silvertactical.hu\/hu\/wp-json\/wp\/v2\/product\/7229\/revisions"}],"predecessor-version":[{"id":7241,"href":"https:\/\/silvertactical.hu\/hu\/wp-json\/wp\/v2\/product\/7229\/revisions\/7241"}],"wp:featuredmedia":[{"embeddable":true,"href":"https:\/\/silvertactical.hu\/hu\/wp-json\/wp\/v2\/media\/7237"}],"wp:attachment":[{"href":"https:\/\/silvertactical.hu\/hu\/wp-json\/wp\/v2\/media?parent=7229"}],"wp:term":[{"taxonomy":"product_cat","embeddable":true,"href":"https:\/\/silvertactical.hu\/hu\/wp-json\/wp\/v2\/product_cat?post=7229"},{"taxonomy":"product_tag","embeddable":true,"href":"https:\/\/silvertactical.hu\/hu\/wp-json\/wp\/v2\/product_tag?post=7229"}],"curies":[{"name":"wp","href":"https:\/\/api.w.org\/{rel}","templated":true}]}}