{"id":7242,"date":"2024-10-21T10:43:31","date_gmt":"2024-10-21T10:43:31","guid":{"rendered":"https:\/\/silvertactical.hu\/?post_type=product&#038;p=7242"},"modified":"2024-11-02T00:00:18","modified_gmt":"2024-11-02T00:00:18","slug":"helikon-tex-urban-tactical-hoodie-lite-kangaroo","status":"publish","type":"product","link":"https:\/\/silvertactical.hu\/hu\/item\/helikon-tex-urban-tactical-hoodie-lite-kangaroo\/","title":{"rendered":"HELIKON TEX &#8211; Urban Tactical Hoodie Lite (kangaroo)"},"content":{"rendered":"","protected":false},"excerpt":{"rendered":"<p>Az Urban Tactical Hoodie Lite (Kenguru) v\u00e1rosi k\u00f6rnyezetben v\u00e9gzett titkos m\u0171veletekhez k\u00e9sz\u00fclt. Azok is \u00e9rt\u00e9kelni fogj\u00e1k, akik klasszikusan szabott ruh\u00e1kat keresnek, amelyek k\u00e9nyelmes viseletet tesznek lehet\u0151v\u00e9 a mindennapi felszerel\u00e9sek sz\u00e1m\u00e1ra. A rugalmas sz\u00f6vet haszn\u00e1lat\u00e1nak k\u00f6sz\u00f6nhet\u0151en a fels\u0151 nem korl\u00e1tozza a mozg\u00e1st, a kenguru zseb\u00e9ben elhelyezett kisebb zsebek pedig lehet\u0151v\u00e9 teszik a felszerel\u00e9sek rendszerez\u00e9s\u00e9t \u00e9s meg\u00f3vj\u00e1k azokat az akci\u00f3 sor\u00e1n. A f\u0151 zseb f\u00f6l\u00f6tt egy cipz\u00e1ras zseb tal\u00e1lhat\u00f3, mely t\u00f6k\u00e9letes iratok vagy p\u00e9nzt\u00e1rca sz\u00e1ll\u00edt\u00e1s\u00e1ra. Mindk\u00e9t karj\u00e1n diszkr\u00e9t zsebek tal\u00e1lhat\u00f3k az apr\u00f3s\u00e1goknak \u00e9s t\u00e9p\u0151z\u00e1ras panelek, amelyekre patch-eket r\u00f6gz\u00edthet. Az \u00e1ltalunk haszn\u00e1lt pamut \u00e9s poli\u00e9szter kever\u00e9knek k\u00f6sz\u00f6nhet\u0151en a kapucnis pul\u00f3ver gyorsan sz\u00e1rad, \u00edgy a hidegebb napokon is t\u00f6k\u00e9letes lesz ak\u00e1r edz\u00e9shez is.<\/p>\n<p class=\" translation-block\">Features:<br>\r\nElastic cuffs<br>\r\nAdjustable hood<br>\r\nYKK\u00ae zippers<\/p>","protected":false},"featured_media":7249,"template":"","meta":{"site-sidebar-layout":"default","site-content-layout":"","ast-site-content-layout":"default","site-content-style":"default","site-sidebar-style":"default","ast-global-header-display":"","ast-banner-title-visibility":"","ast-main-header-display":"","ast-hfb-above-header-display":"","ast-hfb-below-header-display":"","ast-hfb-mobile-header-display":"","site-post-title":"","ast-breadcrumbs-content":"","ast-featured-img":"","footer-sml-layout":"","theme-transparent-header-meta":"default","adv-header-id-meta":"","stick-header-meta":"","header-above-stick-meta":"","header-main-stick-meta":"","header-below-stick-meta":"","astra-migrate-meta-layouts":"set","ast-page-background-enabled":"default","ast-page-background-meta":{"desktop":{"background-color":"","background-image":"","background-repeat":"repeat","background-position":"center center","background-size":"auto","background-attachment":"scroll","background-type":"","background-media":"","overlay-type":"","overlay-color":"","overlay-gradient":""},"tablet":{"background-color":"","background-image":"","background-repeat":"repeat","background-position":"center center","background-size":"auto","background-attachment":"scroll","background-type":"","background-media":"","overlay-type":"","overlay-color":"","overlay-gradient":""},"mobile":{"background-color":"","background-image":"","background-repeat":"repeat","background-position":"center center","background-size":"auto","background-attachment":"scroll","background-type":"","background-media":"","overlay-type":"","overlay-color":"","overlay-gradient":""}},"ast-content-background-meta":{"desktop":{"background-color":"var(--ast-global-color-5)","background-image":"","background-repeat":"repeat","background-position":"center center","background-size":"auto","background-attachment":"scroll","background-type":"","background-media":"","overlay-type":"","overlay-color":"","overlay-gradient":""},"tablet":{"background-color":"var(--ast-global-color-5)","background-image":"","background-repeat":"repeat","background-position":"center center","background-size":"auto","background-attachment":"scroll","background-type":"","background-media":"","overlay-type":"","overlay-color":"","overlay-gradient":""},"mobile":{"background-color":"var(--ast-global-color-5)","background-image":"","background-repeat":"repeat","background-position":"center center","background-size":"auto","background-attachment":"scroll","background-type":"","background-media":"","overlay-type":"","overlay-color":"","overlay-gradient":""}}},"product_cat":[38],"product_tag":[],"_links":{"self":[{"href":"https:\/\/silvertactical.hu\/hu\/wp-json\/wp\/v2\/product\/7242"}],"collection":[{"href":"https:\/\/silvertactical.hu\/hu\/wp-json\/wp\/v2\/product"}],"about":[{"href":"https:\/\/silvertactical.hu\/hu\/wp-json\/wp\/v2\/types\/product"}],"version-history":[{"count":1,"href":"https:\/\/silvertactical.hu\/hu\/wp-json\/wp\/v2\/product\/7242\/revisions"}],"predecessor-version":[{"id":7251,"href":"https:\/\/silvertactical.hu\/hu\/wp-json\/wp\/v2\/product\/7242\/revisions\/7251"}],"wp:featuredmedia":[{"embeddable":true,"href":"https:\/\/silvertactical.hu\/hu\/wp-json\/wp\/v2\/media\/7249"}],"wp:attachment":[{"href":"https:\/\/silvertactical.hu\/hu\/wp-json\/wp\/v2\/media?parent=7242"}],"wp:term":[{"taxonomy":"product_cat","embeddable":true,"href":"https:\/\/silvertactical.hu\/hu\/wp-json\/wp\/v2\/product_cat?post=7242"},{"taxonomy":"product_tag","embeddable":true,"href":"https:\/\/silvertactical.hu\/hu\/wp-json\/wp\/v2\/product_tag?post=7242"}],"curies":[{"name":"wp","href":"https:\/\/api.w.org\/{rel}","templated":true}]}}