{"id":7252,"date":"2024-10-21T11:32:25","date_gmt":"2024-10-21T11:32:25","guid":{"rendered":"https:\/\/silvertactical.hu\/?post_type=product&#038;p=7252"},"modified":"2024-11-02T00:00:18","modified_gmt":"2024-11-02T00:00:18","slug":"helikon-tex-tactical-t-shirt-topcool-2","status":"publish","type":"product","link":"https:\/\/silvertactical.hu\/hu\/item\/helikon-tex-tactical-t-shirt-topcool-2\/","title":{"rendered":"HELIKON TEX &#8211; TACTICAL T-Shirt &#8211; TopCool"},"content":{"rendered":"","protected":false},"excerpt":{"rendered":"<p>Mit\u0151l lesz egy h\u00e9tk\u00f6znapi p\u00f3l\u00f3 taktikai p\u00f3l\u00f3b\u00f3l? T\u00f6bb dolog miatt. El\u0151sz\u00f6r is: Topcool technol\u00f3gi\u00e1val bevont poli\u00e9szter anyagb\u00f3l k\u00e9sz\u00fclt, ami azt jelenti, hogy elvezeti a nedvess\u00e9get a testr\u0151l \u00e9s gyorsan sz\u00e1rad. M\u00e1sodszor: ujjra szerelt zsebekkel rendelkezik, napszem\u00fcveg-tart\u00f3kkal. Harmadszor: ezek alatt a zsebek alatt kis t\u00e9p\u0151z\u00e1ras panelek tal\u00e1lhat\u00f3k, amelyek alkalmasak a szem\u00e9lyre szab\u00e1sra. M\u00e9g a HTX log\u00f3t is diszkr\u00e9ten h\u00edmezt\u00e9k az ing alj\u00e1ra, \u00edgy a felhaszn\u00e1l\u00f3 sz\u00fcks\u00e9g eset\u00e9n elt\u00e1vol\u00edthatja. Csak v\u00e1lassza ki a k\u00edv\u00e1nt sz\u00ednt, \u00e9s haszn\u00e1lja.<\/p>\n<p class=\" translation-block\">Features:<br>\r\nFast drying<br>\r\nBicep pockets<br>\r\nLoop panel for personalization<br>\r\nSunglasses loop<br>\r\nHighly breathable<\/p>","protected":false},"featured_media":7255,"template":"","meta":{"site-sidebar-layout":"no-sidebar","site-content-layout":"page-builder","ast-site-content-layout":"full-width-container","site-content-style":"default","site-sidebar-style":"default","ast-global-header-display":"","ast-banner-title-visibility":"","ast-main-header-display":"","ast-hfb-above-header-display":"","ast-hfb-below-header-display":"","ast-hfb-mobile-header-display":"","site-post-title":"disabled","ast-breadcrumbs-content":"","ast-featured-img":"disabled","footer-sml-layout":"","theme-transparent-header-meta":"default","adv-header-id-meta":"","stick-header-meta":"","header-above-stick-meta":"","header-main-stick-meta":"","header-below-stick-meta":"","astra-migrate-meta-layouts":"set","ast-page-background-enabled":"default","ast-page-background-meta":{"desktop":{"background-color":"","background-image":"","background-repeat":"repeat","background-position":"center center","background-size":"auto","background-attachment":"scroll","background-type":"","background-media":"","overlay-type":"","overlay-color":"","overlay-gradient":""},"tablet":{"background-color":"","background-image":"","background-repeat":"repeat","background-position":"center center","background-size":"auto","background-attachment":"scroll","background-type":"","background-media":"","overlay-type":"","overlay-color":"","overlay-gradient":""},"mobile":{"background-color":"","background-image":"","background-repeat":"repeat","background-position":"center center","background-size":"auto","background-attachment":"scroll","background-type":"","background-media":"","overlay-type":"","overlay-color":"","overlay-gradient":""}},"ast-content-background-meta":{"desktop":{"background-color":"var(--ast-global-color-5)","background-image":"","background-repeat":"repeat","background-position":"center center","background-size":"auto","background-attachment":"scroll","background-type":"","background-media":"","overlay-type":"","overlay-color":"","overlay-gradient":""},"tablet":{"background-color":"var(--ast-global-color-5)","background-image":"","background-repeat":"repeat","background-position":"center center","background-size":"auto","background-attachment":"scroll","background-type":"","background-media":"","overlay-type":"","overlay-color":"","overlay-gradient":""},"mobile":{"background-color":"var(--ast-global-color-5)","background-image":"","background-repeat":"repeat","background-position":"center center","background-size":"auto","background-attachment":"scroll","background-type":"","background-media":"","overlay-type":"","overlay-color":"","overlay-gradient":""}}},"product_cat":[32],"product_tag":[],"_links":{"self":[{"href":"https:\/\/silvertactical.hu\/hu\/wp-json\/wp\/v2\/product\/7252"}],"collection":[{"href":"https:\/\/silvertactical.hu\/hu\/wp-json\/wp\/v2\/product"}],"about":[{"href":"https:\/\/silvertactical.hu\/hu\/wp-json\/wp\/v2\/types\/product"}],"version-history":[{"count":1,"href":"https:\/\/silvertactical.hu\/hu\/wp-json\/wp\/v2\/product\/7252\/revisions"}],"predecessor-version":[{"id":7259,"href":"https:\/\/silvertactical.hu\/hu\/wp-json\/wp\/v2\/product\/7252\/revisions\/7259"}],"wp:featuredmedia":[{"embeddable":true,"href":"https:\/\/silvertactical.hu\/hu\/wp-json\/wp\/v2\/media\/7255"}],"wp:attachment":[{"href":"https:\/\/silvertactical.hu\/hu\/wp-json\/wp\/v2\/media?parent=7252"}],"wp:term":[{"taxonomy":"product_cat","embeddable":true,"href":"https:\/\/silvertactical.hu\/hu\/wp-json\/wp\/v2\/product_cat?post=7252"},{"taxonomy":"product_tag","embeddable":true,"href":"https:\/\/silvertactical.hu\/hu\/wp-json\/wp\/v2\/product_tag?post=7252"}],"curies":[{"name":"wp","href":"https:\/\/api.w.org\/{rel}","templated":true}]}}