{"id":7263,"date":"2024-10-23T08:25:39","date_gmt":"2024-10-23T08:25:39","guid":{"rendered":"https:\/\/silvertactical.hu\/?post_type=product&#038;p=7263"},"modified":"2024-10-30T19:48:07","modified_gmt":"2024-10-30T19:48:07","slug":"helikon-tex-range-beanie-cap","status":"publish","type":"product","link":"https:\/\/silvertactical.hu\/hu\/item\/helikon-tex-range-beanie-cap\/","title":{"rendered":"HELIKON TEX &#8211; Range Beanie Cap"},"content":{"rendered":"","protected":false},"excerpt":{"rendered":"<p>A RANGE Beanie\u00ae sapka a h\u00edres USMC Beanie sapk\u00e1n alapul. K\u00f6nny\u0171, l\u00e9g\u00e1tereszt\u0151 \u00e9s m\u00e9gis nagyon meleg Grid Fleece anyagb\u00f3l k\u00e9sz\u00fclt sapka \u00fagy lett be\u00e1ll\u00edtva, hogy t\u00f6k\u00e9letesen illeszkedjen b\u00e1rmilyen f\u00fclv\u00e9d\u0151h\u00f6z. A sapka elej\u00e9n \u00e9s h\u00e1tulj\u00e1n k\u00e9t puha vel\u00far t\u00e9p\u0151z\u00e1r tal\u00e1lhat\u00f3 a tapaszokhoz. A sapka tetej\u00e9n egy kis vel\u00far n\u00e9gyzet tal\u00e1lhat\u00f3 az IFF tapasz sz\u00e1m\u00e1ra. Ezenk\u00edv\u00fcl a sapka h\u00e1tulj\u00e1n van egy kis, cipz\u00e1ras zseb a v\u00e9szhelyzeti f\u00fcldug\u00f3k vagy m\u00e1s hasonl\u00f3 apr\u00f3 t\u00e1rgyak sz\u00e1m\u00e1ra. H\u00e1tul, k\u00f6zvetlen\u00fcl a t\u00e9p\u0151z\u00e1r alatt tal\u00e1lhat\u00f3 egy zsin\u00f3rhurok, amivel a sapk\u00e1t karabinerre akaszthatod. A sapka kis m\u00e9ret\u00e9nek k\u00f6sz\u00f6nhet\u0151en mindig n\u00e1lad lehet.<\/p>\n<p class=\" translation-block\">Features:<br>\r\nMade of lightweight grid fleece<br>\r\nVelour velcro panels on front and back for personalization<br>\r\nSmall velour panel on top of the cap for IFF<br>\r\nSmall pocket on the back for emergency ear plugs of other similar small items<br>\r\nCord loop on the back for hanging the cap on carabiner<\/p>","protected":false},"featured_media":7266,"template":"","meta":{"site-sidebar-layout":"default","site-content-layout":"","ast-site-content-layout":"default","site-content-style":"default","site-sidebar-style":"default","ast-global-header-display":"","ast-banner-title-visibility":"","ast-main-header-display":"","ast-hfb-above-header-display":"","ast-hfb-below-header-display":"","ast-hfb-mobile-header-display":"","site-post-title":"","ast-breadcrumbs-content":"","ast-featured-img":"","footer-sml-layout":"","theme-transparent-header-meta":"default","adv-header-id-meta":"","stick-header-meta":"","header-above-stick-meta":"","header-main-stick-meta":"","header-below-stick-meta":"","astra-migrate-meta-layouts":"set","ast-page-background-enabled":"default","ast-page-background-meta":{"desktop":{"background-color":"","background-image":"","background-repeat":"repeat","background-position":"center center","background-size":"auto","background-attachment":"scroll","background-type":"","background-media":"","overlay-type":"","overlay-color":"","overlay-gradient":""},"tablet":{"background-color":"","background-image":"","background-repeat":"repeat","background-position":"center center","background-size":"auto","background-attachment":"scroll","background-type":"","background-media":"","overlay-type":"","overlay-color":"","overlay-gradient":""},"mobile":{"background-color":"","background-image":"","background-repeat":"repeat","background-position":"center center","background-size":"auto","background-attachment":"scroll","background-type":"","background-media":"","overlay-type":"","overlay-color":"","overlay-gradient":""}},"ast-content-background-meta":{"desktop":{"background-color":"var(--ast-global-color-5)","background-image":"","background-repeat":"repeat","background-position":"center center","background-size":"auto","background-attachment":"scroll","background-type":"","background-media":"","overlay-type":"","overlay-color":"","overlay-gradient":""},"tablet":{"background-color":"var(--ast-global-color-5)","background-image":"","background-repeat":"repeat","background-position":"center center","background-size":"auto","background-attachment":"scroll","background-type":"","background-media":"","overlay-type":"","overlay-color":"","overlay-gradient":""},"mobile":{"background-color":"var(--ast-global-color-5)","background-image":"","background-repeat":"repeat","background-position":"center center","background-size":"auto","background-attachment":"scroll","background-type":"","background-media":"","overlay-type":"","overlay-color":"","overlay-gradient":""}}},"product_cat":[93],"product_tag":[],"_links":{"self":[{"href":"https:\/\/silvertactical.hu\/hu\/wp-json\/wp\/v2\/product\/7263"}],"collection":[{"href":"https:\/\/silvertactical.hu\/hu\/wp-json\/wp\/v2\/product"}],"about":[{"href":"https:\/\/silvertactical.hu\/hu\/wp-json\/wp\/v2\/types\/product"}],"version-history":[{"count":1,"href":"https:\/\/silvertactical.hu\/hu\/wp-json\/wp\/v2\/product\/7263\/revisions"}],"predecessor-version":[{"id":7269,"href":"https:\/\/silvertactical.hu\/hu\/wp-json\/wp\/v2\/product\/7263\/revisions\/7269"}],"wp:featuredmedia":[{"embeddable":true,"href":"https:\/\/silvertactical.hu\/hu\/wp-json\/wp\/v2\/media\/7266"}],"wp:attachment":[{"href":"https:\/\/silvertactical.hu\/hu\/wp-json\/wp\/v2\/media?parent=7263"}],"wp:term":[{"taxonomy":"product_cat","embeddable":true,"href":"https:\/\/silvertactical.hu\/hu\/wp-json\/wp\/v2\/product_cat?post=7263"},{"taxonomy":"product_tag","embeddable":true,"href":"https:\/\/silvertactical.hu\/hu\/wp-json\/wp\/v2\/product_tag?post=7263"}],"curies":[{"name":"wp","href":"https:\/\/api.w.org\/{rel}","templated":true}]}}