{"id":5144,"date":"2023-12-09T17:39:12","date_gmt":"2023-12-09T17:39:12","guid":{"rendered":"https:\/\/silvertactical.wordwiseme.com\/?page_id=5144"},"modified":"2023-12-13T04:02:28","modified_gmt":"2023-12-13T04:02:28","slug":"bags-backpacks","status":"publish","type":"page","link":"https:\/\/silvertactical.hu\/sk\/bags-backpacks\/","title":{"rendered":"BAGS, BACKPACKS"},"content":{"rendered":"<div data-elementor-type=\"wp-page\" data-elementor-id=\"5144\" class=\"elementor elementor-5144\" data-elementor-post-type=\"page\">\n\t\t\t\t<div class=\"elementor-element elementor-element-34d39e3 e-flex e-con-boxed e-con e-parent\" data-id=\"34d39e3\" data-element_type=\"container\">\n\t\t\t\t\t<div class=\"e-con-inner\">\n\t\t<div class=\"elementor-element elementor-element-5788b88 e-flex e-con-boxed e-con e-child\" data-id=\"5788b88\" data-element_type=\"container\">\n\t\t\t\t\t<div class=\"e-con-inner\">\n\t\t<div class=\"elementor-element elementor-element-65b2f62 e-con-full e-flex e-con e-child\" data-id=\"65b2f62\" data-element_type=\"container\">\n\t\t\t\t<div class=\"elementor-element elementor-element-813d796 elementor-widget elementor-widget-shortcode\" data-id=\"813d796\" data-element_type=\"widget\" data-widget_type=\"shortcode.default\">\n\t\t\t\t<div class=\"elementor-widget-container\">\n\t\t\t\t\t<div class=\"elementor-shortcode\"><div class=\"woocommerce\">    <style>\n          <\/style>\n    <div class=\"sp-app\">\n      <div class=\"sparkwoo-pr my-4 render-5102\">\n                  <h4 class=\"sparkwoo-pr-title\">LAST SEEN<\/h4>\n                <div class=\"relative\">\n          <ul class=\"products columns-3\">\n<li class=\"!flex-[0_0_50%] !max-w-[50%] sm:!flex-[0_0_33.33%] sm:!max-w-[33.33%] md:!flex-[0_0_100%] md:!max-w-[100%] sparkwoo-pr-item desktop-align-left tablet-align-left mobile-align-left product type-product post-7017 status-publish first instock product_cat-gloves has-post-thumbnail taxable shipping-taxable purchasable product-type-simple\">\n\t<div class=\"tinv-wraper woocommerce tinv-wishlist tinvwl-above_thumb-add-to-cart tinvwl-loop-button-wrapper tinvwl-woocommerce_before_shop_loop_item\"\n\t data-tinvwl_product_id=\"7017\">\n\t<a role=\"button\" tabindex=\"0\" name=\"\" aria-label=\"\" class=\"tinvwl_add_to_wishlist_button tinvwl-icon-heart no-txt  tinvwl-position-above_thumb tinvwl-loop\" data-tinv-wl-list=\"[]\" data-tinv-wl-product=\"7017\" data-tinv-wl-productvariation=\"0\" data-tinv-wl-productvariations=\"[]\" data-tinv-wl-producttype=\"simple\" data-tinv-wl-action=\"add\"><\/a>\t\t<div\n\t\tclass=\"tinvwl-tooltip\"><\/div>\n<\/div>\n<a href=\"https:\/\/silvertactical.hu\/sk\/item\/pentagon-tactical-warrior-gloves\/?spwoo-event=eyJwbGFjZW1lbnRIb29rIjoic2hvcnRjb2RlIiwicHJvZHVjdHNNYW5hZ2VyIjoic3BhcmtydnAiLCJwbHVnaW4iOiJzcGFya3J2cCIsInJlY29tbWVuZGF0aW9uSWQiOjUxMDJ9\" class=\"woocommerce-LoopProduct-link woocommerce-loop-product__link\"><img fetchpriority=\"high\" decoding=\"async\" width=\"300\" height=\"300\" src=\"https:\/\/silvertactical.hu\/wp-content\/uploads\/2024\/10\/P20006-300x300.jpg\" class=\"attachment-woocommerce_thumbnail size-woocommerce_thumbnail\" alt=\"\" srcset=\"https:\/\/silvertactical.hu\/wp-content\/uploads\/2024\/10\/P20006-300x300.jpg 300w, https:\/\/silvertactical.hu\/wp-content\/uploads\/2024\/10\/P20006-150x150.jpg 150w, https:\/\/silvertactical.hu\/wp-content\/uploads\/2024\/10\/P20006-768x768.jpg 768w, https:\/\/silvertactical.hu\/wp-content\/uploads\/2024\/10\/P20006-12x12.jpg 12w, https:\/\/silvertactical.hu\/wp-content\/uploads\/2024\/10\/P20006-600x600.jpg 600w, https:\/\/silvertactical.hu\/wp-content\/uploads\/2024\/10\/P20006-100x100.jpg 100w, https:\/\/silvertactical.hu\/wp-content\/uploads\/2024\/10\/P20006.jpg 800w\" sizes=\"(max-width: 300px) 100vw, 300px\" \/><h2 class=\"woocommerce-loop-product__title\">PENTAGON &#8211; Tactical Warrior Gloves<\/h2>\n\t<span class=\"price\"><span class=\"woocommerce-Price-amount amount\"><bdi><span class=\"woocommerce-Price-currencySymbol\">&#70;&#116;<\/span>&nbsp;16,800<\/bdi><\/span><\/span>\n<\/a><a href=\"?add-to-cart=7017\" data-quantity=\"1\" class=\"ast-on-card-button ast-select-options-trigger product_type_simple add_to_cart_button ajax_add_to_cart\" data-product_id=\"7017\" data-product_sku=\"\" aria-label=\"Add to cart: \u201cPENTAGON - Tactical Warrior Gloves\u201d\" rel=\"nofollow\" data-no-translation-aria-label=\"\"> <span class=\"ast-card-action-tooltip\"> Prida\u0165 do ko\u0161\u00edka <\/span> <span class=\"ahfb-svg-iconset\"> <span class=\"ast-icon icon-basket\"><svg xmlns=\"http:\/\/www.w3.org\/2000\/svg\" xmlns:xlink=\"http:\/\/www.w3.org\/1999\/xlink\" version=\"1.1\" id=\"ast-basket-icon-svg\" x=\"0px\" y=\"0px\" width=\"100\" height=\"100\" viewbox=\"826 826 140 140\" enable-background=\"new 826 826 140 140\" xml:space=\"preserve\">\n\t\t\t\t<path d=\"M955.418,887.512c2.344,0,4.343,0.829,6.002,2.486c1.657,1.659,2.486,3.659,2.486,6.002c0,2.343-0.829,4.344-2.486,6.001  c-1.659,1.658-3.658,2.487-6.002,2.487h-0.994l-7.627,43.9c-0.354,2.033-1.326,3.713-2.917,5.04  c-1.593,1.326-3.405,1.989-5.438,1.989h-84.883c-2.033,0-3.846-0.663-5.438-1.989c-1.591-1.327-2.564-3.007-2.918-5.04l-7.626-43.9  h-0.995c-2.343,0-4.344-0.829-6.001-2.487c-1.658-1.657-2.487-3.658-2.487-6.001c0-2.343,0.829-4.343,2.487-6.002  c1.658-1.658,3.659-2.486,6.001-2.486H955.418z M860.256,940.563c1.149-0.089,2.111-0.585,2.885-1.491  c0.773-0.907,1.116-1.936,1.028-3.085l-2.122-27.586c-0.088-1.15-0.585-2.111-1.492-2.885c-0.906-0.774-1.934-1.117-3.083-1.028  c-1.149,0.088-2.111,0.586-2.885,1.492s-1.116,1.934-1.028,3.083l2.122,27.587c0.088,1.105,0.542,2.034,1.359,2.785  c0.818,0.752,1.78,1.128,2.885,1.128H860.256z M887.512,936.319v-27.587c0-1.149-0.42-2.144-1.26-2.984  c-0.84-0.84-1.834-1.26-2.984-1.26s-2.144,0.42-2.984,1.26c-0.84,0.841-1.26,1.835-1.26,2.984v27.587c0,1.149,0.42,2.145,1.26,2.984  c0.84,0.84,1.835,1.26,2.984,1.26s2.144-0.42,2.984-1.26C887.092,938.464,887.512,937.469,887.512,936.319z M912.977,936.319  v-27.587c0-1.149-0.42-2.144-1.26-2.984c-0.841-0.84-1.835-1.26-2.984-1.26s-2.145,0.42-2.984,1.26  c-0.84,0.841-1.26,1.835-1.26,2.984v27.587c0,1.149,0.42,2.145,1.26,2.984s1.835,1.26,2.984,1.26s2.144-0.42,2.984-1.26  C912.557,938.464,912.977,937.469,912.977,936.319z M936.319,936.65l2.122-27.587c0.088-1.149-0.254-2.177-1.027-3.083  s-1.735-1.404-2.885-1.492c-1.15-0.089-2.178,0.254-3.084,1.028c-0.906,0.773-1.404,1.734-1.492,2.885l-2.122,27.586  c-0.088,1.149,0.254,2.178,1.027,3.085c0.774,0.906,1.736,1.402,2.885,1.491h0.332c1.105,0,2.066-0.376,2.885-1.128  C935.777,938.685,936.23,937.756,936.319,936.65z M859.66,855.946l-6.167,27.322h-8.753l6.698-29.245  c0.84-3.89,2.807-7.062,5.902-9.516c3.095-2.453,6.632-3.68,10.611-3.68h11.074c0-1.149,0.42-2.144,1.26-2.984  c0.84-0.84,1.835-1.26,2.984-1.26h25.465c1.149,0,2.144,0.42,2.984,1.26c0.84,0.84,1.26,1.834,1.26,2.984h11.074  c3.979,0,7.516,1.227,10.611,3.68c3.094,2.454,5.062,5.626,5.901,9.516l6.697,29.245h-8.753l-6.168-27.322  c-0.486-1.945-1.491-3.537-3.017-4.774c-1.525-1.238-3.282-1.857-5.272-1.857h-11.074c0,1.15-0.42,2.144-1.26,2.984  c-0.841,0.84-1.835,1.26-2.984,1.26h-25.465c-1.149,0-2.144-0.42-2.984-1.26c-0.84-0.84-1.26-1.834-1.26-2.984h-11.074  c-1.99,0-3.747,0.619-5.272,1.857C861.152,852.409,860.146,854,859.66,855.946z\"\/>\n\t\t\t\t<\/svg><\/span> <\/span> <\/a><\/li>\n<\/ul>\n        <\/div>\n              <\/div>\n    <\/div>\n\n<\/div><\/div>\n\t\t\t\t<\/div>\n\t\t\t\t<\/div>\n\t\t\t\t<\/div>\n\t\t<div class=\"elementor-element elementor-element-6d1af91 e-con-full e-flex e-con e-child\" data-id=\"6d1af91\" data-element_type=\"container\">\n\t\t<div class=\"elementor-element elementor-element-89f19cc e-con-full e-flex e-con e-child\" data-id=\"89f19cc\" data-element_type=\"container\">\n\t\t\t\t<div class=\"elementor-element elementor-element-438b294 elementor-widget elementor-widget-image\" data-id=\"438b294\" data-element_type=\"widget\" data-widget_type=\"image.default\">\n\t\t\t\t<div class=\"elementor-widget-container\">\n\t\t\t\t\t\t\t\t\t\t<figure class=\"wp-caption\">\n\t\t\t\t\t\t\t\t\t\t\t<a href=\"#\">\n\t\t\t\t\t\t\t<img decoding=\"async\" width=\"255\" height=\"341\" src=\"https:\/\/silvertactical.hu\/wp-content\/uploads\/2023\/12\/120966.jpg\" class=\"attachment-full size-full wp-image-5147\" alt=\"\" srcset=\"https:\/\/silvertactical.hu\/wp-content\/uploads\/2023\/12\/120966.jpg 255w, https:\/\/silvertactical.hu\/wp-content\/uploads\/2023\/12\/120966-224x300.jpg 224w\" sizes=\"(max-width: 255px) 100vw, 255px\" \/>\t\t\t\t\t\t\t\t<\/a>\n\t\t\t\t\t\t\t\t\t\t\t<figcaption class=\"widget-image-caption wp-caption-text\">BACKPACKS<\/figcaption>\n\t\t\t\t\t\t\t\t\t\t<\/figure>\n\t\t\t\t\t\t\t<\/div>\n\t\t\t\t<\/div>\n\t\t\t\t<\/div>\n\t\t<div class=\"elementor-element elementor-element-2de10bc e-con-full e-flex e-con e-child\" data-id=\"2de10bc\" data-element_type=\"container\">\n\t\t\t\t<div class=\"elementor-element elementor-element-2ec17e8 elementor-widget elementor-widget-image\" data-id=\"2ec17e8\" data-element_type=\"widget\" data-widget_type=\"image.default\">\n\t\t\t\t<div class=\"elementor-widget-container\">\n\t\t\t\t\t\t\t\t\t\t<figure class=\"wp-caption\">\n\t\t\t\t\t\t\t\t\t\t\t<a href=\"#\">\n\t\t\t\t\t\t\t<img decoding=\"async\" width=\"255\" height=\"341\" src=\"https:\/\/silvertactical.hu\/wp-content\/uploads\/2023\/12\/208537.jpg\" class=\"attachment-full size-full wp-image-5150\" alt=\"\" srcset=\"https:\/\/silvertactical.hu\/wp-content\/uploads\/2023\/12\/208537.jpg 255w, https:\/\/silvertactical.hu\/wp-content\/uploads\/2023\/12\/208537-224x300.jpg 224w\" sizes=\"(max-width: 255px) 100vw, 255px\" \/>\t\t\t\t\t\t\t\t<\/a>\n\t\t\t\t\t\t\t\t\t\t\t<figcaption class=\"widget-image-caption wp-caption-text\">HYDRATION PACK<\/figcaption>\n\t\t\t\t\t\t\t\t\t\t<\/figure>\n\t\t\t\t\t\t\t<\/div>\n\t\t\t\t<\/div>\n\t\t\t\t<\/div>\n\t\t\t\t<\/div>\n\t\t<div class=\"elementor-element elementor-element-e53a23c e-con-full e-flex e-con e-child\" data-id=\"e53a23c\" data-element_type=\"container\">\n\t\t<div class=\"elementor-element elementor-element-05840a5 e-con-full e-flex e-con e-child\" data-id=\"05840a5\" data-element_type=\"container\">\n\t\t\t\t<div class=\"elementor-element elementor-element-b98ef0b elementor-widget__width-inherit elementor-widget elementor-widget-image\" data-id=\"b98ef0b\" data-element_type=\"widget\" data-widget_type=\"image.default\">\n\t\t\t\t<div class=\"elementor-widget-container\">\n\t\t\t\t\t\t\t\t\t\t<figure class=\"wp-caption\">\n\t\t\t\t\t\t\t\t\t\t\t<a href=\"#\">\n\t\t\t\t\t\t\t<img loading=\"lazy\" decoding=\"async\" width=\"255\" height=\"341\" src=\"https:\/\/silvertactical.hu\/wp-content\/uploads\/2023\/12\/921438.jpg\" class=\"attachment-full size-full wp-image-5148\" alt=\"\" srcset=\"https:\/\/silvertactical.hu\/wp-content\/uploads\/2023\/12\/921438.jpg 255w, https:\/\/silvertactical.hu\/wp-content\/uploads\/2023\/12\/921438-224x300.jpg 224w\" sizes=\"(max-width: 255px) 100vw, 255px\" \/>\t\t\t\t\t\t\t\t<\/a>\n\t\t\t\t\t\t\t\t\t\t\t<figcaption class=\"widget-image-caption wp-caption-text\">BAGS, POUCHES<\/figcaption>\n\t\t\t\t\t\t\t\t\t\t<\/figure>\n\t\t\t\t\t\t\t<\/div>\n\t\t\t\t<\/div>\n\t\t\t\t<\/div>\n\t\t\t\t<\/div>\n\t\t<div class=\"elementor-element elementor-element-fbb1d69 e-con-full e-flex e-con e-child\" data-id=\"fbb1d69\" data-element_type=\"container\">\n\t\t<div class=\"elementor-element elementor-element-6842698 e-con-full e-flex e-con e-child\" data-id=\"6842698\" data-element_type=\"container\">\n\t\t\t\t<div class=\"elementor-element elementor-element-5a8bc79 elementor-widget elementor-widget-image\" data-id=\"5a8bc79\" data-element_type=\"widget\" data-widget_type=\"image.default\">\n\t\t\t\t<div class=\"elementor-widget-container\">\n\t\t\t\t\t\t\t\t\t\t<figure class=\"wp-caption\">\n\t\t\t\t\t\t\t\t\t\t\t<a href=\"#\">\n\t\t\t\t\t\t\t<img loading=\"lazy\" decoding=\"async\" width=\"255\" height=\"341\" src=\"https:\/\/silvertactical.hu\/wp-content\/uploads\/2023\/12\/827289.jpg\" class=\"attachment-full size-full wp-image-5149\" alt=\"\" srcset=\"https:\/\/silvertactical.hu\/wp-content\/uploads\/2023\/12\/827289.jpg 255w, https:\/\/silvertactical.hu\/wp-content\/uploads\/2023\/12\/827289-224x300.jpg 224w\" sizes=\"(max-width: 255px) 100vw, 255px\" \/>\t\t\t\t\t\t\t\t<\/a>\n\t\t\t\t\t\t\t\t\t\t\t<figcaption class=\"widget-image-caption wp-caption-text\">PACKS, SPORTS BAG<\/figcaption>\n\t\t\t\t\t\t\t\t\t\t<\/figure>\n\t\t\t\t\t\t\t<\/div>\n\t\t\t\t<\/div>\n\t\t\t\t<\/div>\n\t\t\t\t<\/div>\n\t\t\t\t\t<\/div>\n\t\t\t\t<\/div>\n\t\t\t\t\t<\/div>\n\t\t\t\t<\/div>\n\t\t\t\t<\/div>","protected":false},"excerpt":{"rendered":"<p>BACKPACKS HYDRATION PACK BAGS, POUCHES PACKS, SPORTS BAG<\/p>","protected":false},"author":1,"featured_media":0,"parent":0,"menu_order":0,"comment_status":"closed","ping_status":"closed","template":"","meta":{"site-sidebar-layout":"no-sidebar","site-content-layout":"page-builder","ast-site-content-layout":"full-width-container","site-content-style":"default","site-sidebar-style":"default","ast-global-header-display":"","ast-banner-title-visibility":"","ast-main-header-display":"","ast-hfb-above-header-display":"","ast-hfb-below-header-display":"","ast-hfb-mobile-header-display":"","site-post-title":"disabled","ast-breadcrumbs-content":"","ast-featured-img":"disabled","footer-sml-layout":"","theme-transparent-header-meta":"","adv-header-id-meta":"","stick-header-meta":"","header-above-stick-meta":"","header-main-stick-meta":"","header-below-stick-meta":"","astra-migrate-meta-layouts":"set","ast-page-background-enabled":"default","ast-page-background-meta":{"desktop":{"background-color":"","background-image":"","background-repeat":"repeat","background-position":"center center","background-size":"auto","background-attachment":"scroll","background-type":"","background-media":"","overlay-type":"","overlay-color":"","overlay-gradient":""},"tablet":{"background-color":"","background-image":"","background-repeat":"repeat","background-position":"center center","background-size":"auto","background-attachment":"scroll","background-type":"","background-media":"","overlay-type":"","overlay-color":"","overlay-gradient":""},"mobile":{"background-color":"","background-image":"","background-repeat":"repeat","background-position":"center center","background-size":"auto","background-attachment":"scroll","background-type":"","background-media":"","overlay-type":"","overlay-color":"","overlay-gradient":""}},"ast-content-background-meta":{"desktop":{"background-color":"var(--ast-global-color-5)","background-image":"","background-repeat":"repeat","background-position":"center center","background-size":"auto","background-attachment":"scroll","background-type":"","background-media":"","overlay-type":"","overlay-color":"","overlay-gradient":""},"tablet":{"background-color":"var(--ast-global-color-5)","background-image":"","background-repeat":"repeat","background-position":"center center","background-size":"auto","background-attachment":"scroll","background-type":"","background-media":"","overlay-type":"","overlay-color":"","overlay-gradient":""},"mobile":{"background-color":"var(--ast-global-color-5)","background-image":"","background-repeat":"repeat","background-position":"center center","background-size":"auto","background-attachment":"scroll","background-type":"","background-media":"","overlay-type":"","overlay-color":"","overlay-gradient":""}},"footnotes":""},"_links":{"self":[{"href":"https:\/\/silvertactical.hu\/sk\/wp-json\/wp\/v2\/pages\/5144"}],"collection":[{"href":"https:\/\/silvertactical.hu\/sk\/wp-json\/wp\/v2\/pages"}],"about":[{"href":"https:\/\/silvertactical.hu\/sk\/wp-json\/wp\/v2\/types\/page"}],"author":[{"embeddable":true,"href":"https:\/\/silvertactical.hu\/sk\/wp-json\/wp\/v2\/users\/1"}],"replies":[{"embeddable":true,"href":"https:\/\/silvertactical.hu\/sk\/wp-json\/wp\/v2\/comments?post=5144"}],"version-history":[{"count":25,"href":"https:\/\/silvertactical.hu\/sk\/wp-json\/wp\/v2\/pages\/5144\/revisions"}],"predecessor-version":[{"id":5339,"href":"https:\/\/silvertactical.hu\/sk\/wp-json\/wp\/v2\/pages\/5144\/revisions\/5339"}],"wp:attachment":[{"href":"https:\/\/silvertactical.hu\/sk\/wp-json\/wp\/v2\/media?parent=5144"}],"curies":[{"name":"wp","href":"https:\/\/api.w.org\/{rel}","templated":true}]}}