{"id":1211,"date":"2023-11-27T11:46:20","date_gmt":"2023-11-27T11:46:20","guid":{"rendered":"https:\/\/silvertactical.wordwiseme.com\/?post_type=product&#038;p=1211"},"modified":"2024-10-02T08:44:13","modified_gmt":"2024-10-02T08:44:13","slug":"helikon-tex-urban-tactical-hoodie-fullzip","status":"publish","type":"product","link":"https:\/\/silvertactical.hu\/sk\/item\/helikon-tex-urban-tactical-hoodie-fullzip\/","title":{"rendered":"Helikon-Tex\u00ae &#8211; URBAN Tactical Hoodie (FullZip)\u00ae"},"content":{"rendered":"<p>Main YKK\u00ae zipper with chin guard<\/p>\n<p>Loop panel for personalization<\/p>\n<p>Vreck\u00e1 na zips vo v\u00fd\u0161ke bicepsu<\/p>\n<p>Ve\u013ek\u00e9 predn\u00e9 vreck\u00e1 s vn\u00fatorn\u00fdmi vreckami na zips<\/p>\n<p>Vn\u00fatorn\u00e9 sie\u0165ovan\u00e9 vreck\u00e1<\/p>\n<p>Drawstring adjustable hood<\/p>\n<p>Cuffed sleeves<\/p>\n<p>Mesh-lined hood<\/p>\n<p>YKK\u00ae zips<\/p>\n<p>&nbsp;<\/p>\n<p>URBAN TACTICAL HOODIE\u00ae is a lightweight, full zip hoodie jacket. Simple, low profile cut and elastic fabric make this jacket perfect for any urban operations. Two classic front pockets will accommodate all your essentials to which you need quick and easy access, but can also work as a hand warmer pockets in cold days. Additionally inside those pockets there are smaller, hidden pockets closed with a zipper. Two inner mesh pockets will fit your wallet or documents, preventing them from being stolen or lost. Zippered pockets on shoulders are closed with concealed zippers, almost invisible from a distance. On biceps there are large loop panels for personalization. Additional loop panel is on the back of adjustable hood.<\/p>\n<p>&nbsp;<\/p>\n<div class=\"product-additional\">\n<table id=\"product-attribute-specs-table\" class=\"data-table\">\n<tbody>\n<tr class=\"odd even\">\n<th class=\"label\">Weight [g]<\/th>\n<td class=\"data last\" data-attr-name=\"weight\">780<\/td>\n<\/tr>\n<tr class=\"even odd\">\n<th class=\"label\">Material<\/th>\n<td class=\"data last\" data-attr-name=\"material_en\">100% Polyester<\/td>\n<\/tr>\n<tr class=\"odd even\">\n<th class=\"label\">Grammage [g\/m2]<\/th>\n<td class=\"data last\" data-attr-name=\"grammage\">255<\/td>\n<\/tr>\n<tr class=\"even odd\">\n<th class=\"label\">EUROPEAN PATENT No<\/th>\n<td class=\"data last\" data-attr-name=\"product_eu_patent_no\">002991570-0004<\/td>\n<\/tr>\n<tr class=\"last odd even\">\n<th class=\"label\"><\/th>\n<td class=\"data last\" data-attr-name=\"washing_principles_en5\"><\/td>\n<\/tr>\n<\/tbody>\n<\/table>\n<\/div>\n<div class=\"product-additional sm--logo-container\">\n<div class=\"sm--logo-wrapper\"><a href=\"https:\/\/www.helikon-tex.com\/en_eur\/product-lines\/urban-line.html\"><img decoding=\"async\" src=\"https:\/\/dfr4rssi07fv7.cloudfront.net\/htx\/images\/technology\/jpg\/urban-line.jpg\" \/><\/a>\u00a0<img decoding=\"async\" src=\"https:\/\/dfr4rssi07fv7.cloudfront.net\/htx\/images\/technology\/jpg\/ykk.jpg\" \/><\/div>\n<\/div>\n<p><iframe src=\"https:\/\/www.youtube.com\/embed\/wfL7ZExP-TM\" width=\"560\" height=\"315\" frameborder=\"0\" allowfullscreen=\"allowfullscreen\" data-mce-fragment=\"1\"><\/iframe><\/p>","protected":false},"excerpt":{"rendered":"<p>Main YKK\u00ae zipper with chin guard<\/p>\n<p>Loop panel for personalization<\/p>\n<p>Vreck\u00e1 na zips vo v\u00fd\u0161ke bicepsu<\/p>\n<p>Ve\u013ek\u00e9 predn\u00e9 vreck\u00e1 s vn\u00fatorn\u00fdmi vreckami na zips<\/p>\n<p>Vn\u00fatorn\u00e9 sie\u0165ovan\u00e9 vreck\u00e1<\/p>\n<p>Drawstring adjustable hood<\/p>\n<p>Cuffed sleeves<\/p>\n<p>Mesh-lined hood<\/p>\n<p>YKK\u00ae zips<\/p>\n<p>&nbsp;<\/p>\n<p>URBAN TACTICAL HOODIE\u00ae is a lightweight, full zip hoodie jacket. Simple, low profile cut and elastic fabric make this jacket perfect for any urban operations. Two classic front pockets will accommodate all your essentials to which you need quick and easy access, but can also work as a hand warmer pockets in cold days. Additionally inside those pockets there are smaller, hidden pockets closed with a zipper. Two inner mesh pockets will fit your wallet or documents, preventing them from being stolen or lost. Zippered pockets on shoulders are closed with concealed zippers, almost invisible from a distance. On biceps there are large loop panels for personalization. Additional loop panel is on the back of adjustable hood.<\/p>\n<p>&nbsp;<\/p>\n<div class=\"product-additional\">\n<table id=\"product-attribute-specs-table\" class=\"data-table\">\n<tbody>\n<tr class=\"odd even\">\n<th class=\"label\">Weight [g]<\/th>\n<td class=\"data last\" data-attr-name=\"weight\">780<\/td>\n<\/tr>\n<tr class=\"even odd\">\n<th class=\"label\">Material<\/th>\n<td class=\"data last\" data-attr-name=\"material_en\">100% Polyester<\/td>\n<\/tr>\n<tr class=\"odd even\">\n<th class=\"label\">Grammage [g\/m2]<\/th>\n<td class=\"data last\" data-attr-name=\"grammage\">255<\/td>\n<\/tr>\n<tr class=\"even odd\">\n<th class=\"label\">EUROPEAN PATENT No<\/th>\n<td class=\"data last\" data-attr-name=\"product_eu_patent_no\">002991570-0004<\/td>\n<\/tr>\n<tr class=\"last odd even\">\n<th class=\"label\"><\/th>\n<td class=\"data last\" data-attr-name=\"washing_principles_en5\"><\/td>\n<\/tr>\n<\/tbody>\n<\/table>\n<\/div>\n<div class=\"product-additional sm--logo-container\">\n<div class=\"sm--logo-wrapper\"><a href=\"https:\/\/www.helikon-tex.com\/en_eur\/product-lines\/urban-line.html\"><img decoding=\"async\" src=\"https:\/\/dfr4rssi07fv7.cloudfront.net\/htx\/images\/technology\/jpg\/urban-line.jpg\" \/><\/a>\u00a0<img decoding=\"async\" src=\"https:\/\/dfr4rssi07fv7.cloudfront.net\/htx\/images\/technology\/jpg\/ykk.jpg\" \/><\/div>\n<\/div>\n<p><iframe src=\"https:\/\/www.youtube.com\/embed\/wfL7ZExP-TM\" width=\"560\" height=\"315\" frameborder=\"0\" allowfullscreen=\"allowfullscreen\" data-mce-fragment=\"1\"><\/iframe><\/p>","protected":false},"featured_media":3263,"template":"","meta":{"site-sidebar-layout":"default","site-content-layout":"","ast-site-content-layout":"default","site-content-style":"default","site-sidebar-style":"default","ast-global-header-display":"","ast-banner-title-visibility":"","ast-main-header-display":"","ast-hfb-above-header-display":"","ast-hfb-below-header-display":"","ast-hfb-mobile-header-display":"","site-post-title":"","ast-breadcrumbs-content":"","ast-featured-img":"","footer-sml-layout":"","theme-transparent-header-meta":"default","adv-header-id-meta":"","stick-header-meta":"","header-above-stick-meta":"","header-main-stick-meta":"","header-below-stick-meta":"","astra-migrate-meta-layouts":"set","ast-page-background-enabled":"default","ast-page-background-meta":{"desktop":{"background-color":"","background-image":"","background-repeat":"repeat","background-position":"center center","background-size":"auto","background-attachment":"scroll","background-type":"","background-media":"","overlay-type":"","overlay-color":"","overlay-gradient":""},"tablet":{"background-color":"","background-image":"","background-repeat":"repeat","background-position":"center center","background-size":"auto","background-attachment":"scroll","background-type":"","background-media":"","overlay-type":"","overlay-color":"","overlay-gradient":""},"mobile":{"background-color":"","background-image":"","background-repeat":"repeat","background-position":"center center","background-size":"auto","background-attachment":"scroll","background-type":"","background-media":"","overlay-type":"","overlay-color":"","overlay-gradient":""}},"ast-content-background-meta":{"desktop":{"background-color":"var(--ast-global-color-5)","background-image":"","background-repeat":"repeat","background-position":"center center","background-size":"auto","background-attachment":"scroll","background-type":"","background-media":"","overlay-type":"","overlay-color":"","overlay-gradient":""},"tablet":{"background-color":"var(--ast-global-color-5)","background-image":"","background-repeat":"repeat","background-position":"center center","background-size":"auto","background-attachment":"scroll","background-type":"","background-media":"","overlay-type":"","overlay-color":"","overlay-gradient":""},"mobile":{"background-color":"var(--ast-global-color-5)","background-image":"","background-repeat":"repeat","background-position":"center center","background-size":"auto","background-attachment":"scroll","background-type":"","background-media":"","overlay-type":"","overlay-color":"","overlay-gradient":""}}},"product_cat":[101],"product_tag":[],"_links":{"self":[{"href":"https:\/\/silvertactical.hu\/sk\/wp-json\/wp\/v2\/product\/1211"}],"collection":[{"href":"https:\/\/silvertactical.hu\/sk\/wp-json\/wp\/v2\/product"}],"about":[{"href":"https:\/\/silvertactical.hu\/sk\/wp-json\/wp\/v2\/types\/product"}],"version-history":[{"count":2,"href":"https:\/\/silvertactical.hu\/sk\/wp-json\/wp\/v2\/product\/1211\/revisions"}],"predecessor-version":[{"id":3268,"href":"https:\/\/silvertactical.hu\/sk\/wp-json\/wp\/v2\/product\/1211\/revisions\/3268"}],"wp:featuredmedia":[{"embeddable":true,"href":"https:\/\/silvertactical.hu\/sk\/wp-json\/wp\/v2\/media\/3263"}],"wp:attachment":[{"href":"https:\/\/silvertactical.hu\/sk\/wp-json\/wp\/v2\/media?parent=1211"}],"wp:term":[{"taxonomy":"product_cat","embeddable":true,"href":"https:\/\/silvertactical.hu\/sk\/wp-json\/wp\/v2\/product_cat?post=1211"},{"taxonomy":"product_tag","embeddable":true,"href":"https:\/\/silvertactical.hu\/sk\/wp-json\/wp\/v2\/product_tag?post=1211"}],"curies":[{"name":"wp","href":"https:\/\/api.w.org\/{rel}","templated":true}]}}