{"id":1263,"date":"2023-11-27T11:46:22","date_gmt":"2023-11-27T11:46:22","guid":{"rendered":"https:\/\/silvertactical.wordwiseme.com\/?post_type=product&#038;p=1263"},"modified":"2024-10-02T08:44:29","modified_gmt":"2024-10-02T08:44:29","slug":"helikon-tex-wanderer-cap","status":"publish","type":"product","link":"https:\/\/silvertactical.hu\/sk\/item\/helikon-tex-wanderer-cap\/","title":{"rendered":"Helikon-Tex\u00ae &#8211; WANDERER Cap"},"content":{"rendered":"<p>A klasszikus Watch Cap ut\u00e1n k\u00e9sz\u00fclt<\/p>\n<p>L\u00e9legz\u0151 anyag<\/p>\n<p>Dupla r\u00e9teg vastag merin\u00f3 gyapj\u00fa k\u00f6t\u00f6tt a legjobb melegs\u00e9g \u00e9rdek\u00e9ben<\/p>\n<p>Klasszikus, outdoor megjelen\u00e9s<\/p>\n<p>&nbsp;<\/p>\n<div class=\"product-additional\">\n<table id=\"product-attribute-specs-table\" class=\"data-table\">\n<tbody>\n<tr class=\"last even odd\">\n<th class=\"label\">Material<\/th>\n<td class=\"data last\" data-attr-name=\"material_en\">50% Merino Wool\/50% Acrylic<\/td>\n<\/tr>\n<\/tbody>\n<\/table>\n<\/div>\n<div class=\"product-additional sm--logo-container\">\n<div class=\"sm--logo-wrapper\"><a href=\"https:\/\/www.helikon-tex.com\/en_eur\/product-lines\/bushcraft-line.html\"><img decoding=\"async\" src=\"https:\/\/dfr4rssi07fv7.cloudfront.net\/htx\/images\/technology\/jpg\/bushcraft-line.jpg\" \/><\/a><img decoding=\"async\" src=\"https:\/\/dfr4rssi07fv7.cloudfront.net\/htx\/images\/technology\/jpg\/one-size.jpg\" \/><img decoding=\"async\" src=\"https:\/\/dfr4rssi07fv7.cloudfront.net\/htx\/images\/technology\/jpg\/merino-wool.jpg\" \/><\/div>\n<\/div>","protected":false},"excerpt":{"rendered":"<p>A klasszikus Watch Cap ut\u00e1n k\u00e9sz\u00fclt<\/p>\n<p>L\u00e9legz\u0151 anyag<\/p>\n<p>Dupla r\u00e9teg vastag merin\u00f3 gyapj\u00fa k\u00f6t\u00f6tt a legjobb melegs\u00e9g \u00e9rdek\u00e9ben<\/p>\n<p>Klasszikus, outdoor megjelen\u00e9s<\/p>\n<p>&nbsp;<\/p>\n<div class=\"product-additional\">\n<table id=\"product-attribute-specs-table\" class=\"data-table\">\n<tbody>\n<tr class=\"last even odd\">\n<th class=\"label\">Material<\/th>\n<td class=\"data last\" data-attr-name=\"material_en\">50% Merino Wool\/50% Acrylic<\/td>\n<\/tr>\n<\/tbody>\n<\/table>\n<\/div>\n<div class=\"product-additional sm--logo-container\">\n<div class=\"sm--logo-wrapper\"><a href=\"https:\/\/www.helikon-tex.com\/en_eur\/product-lines\/bushcraft-line.html\"><img decoding=\"async\" src=\"https:\/\/dfr4rssi07fv7.cloudfront.net\/htx\/images\/technology\/jpg\/bushcraft-line.jpg\" \/><\/a><img decoding=\"async\" src=\"https:\/\/dfr4rssi07fv7.cloudfront.net\/htx\/images\/technology\/jpg\/one-size.jpg\" \/><img decoding=\"async\" src=\"https:\/\/dfr4rssi07fv7.cloudfront.net\/htx\/images\/technology\/jpg\/merino-wool.jpg\" \/><\/div>\n<\/div>","protected":false},"featured_media":3059,"template":"","meta":{"site-sidebar-layout":"default","site-content-layout":"","ast-site-content-layout":"default","site-content-style":"default","site-sidebar-style":"default","ast-global-header-display":"","ast-banner-title-visibility":"","ast-main-header-display":"","ast-hfb-above-header-display":"","ast-hfb-below-header-display":"","ast-hfb-mobile-header-display":"","site-post-title":"","ast-breadcrumbs-content":"","ast-featured-img":"","footer-sml-layout":"","theme-transparent-header-meta":"default","adv-header-id-meta":"","stick-header-meta":"","header-above-stick-meta":"","header-main-stick-meta":"","header-below-stick-meta":"","astra-migrate-meta-layouts":"set","ast-page-background-enabled":"default","ast-page-background-meta":{"desktop":{"background-color":"","background-image":"","background-repeat":"repeat","background-position":"center center","background-size":"auto","background-attachment":"scroll","background-type":"","background-media":"","overlay-type":"","overlay-color":"","overlay-gradient":""},"tablet":{"background-color":"","background-image":"","background-repeat":"repeat","background-position":"center center","background-size":"auto","background-attachment":"scroll","background-type":"","background-media":"","overlay-type":"","overlay-color":"","overlay-gradient":""},"mobile":{"background-color":"","background-image":"","background-repeat":"repeat","background-position":"center center","background-size":"auto","background-attachment":"scroll","background-type":"","background-media":"","overlay-type":"","overlay-color":"","overlay-gradient":""}},"ast-content-background-meta":{"desktop":{"background-color":"var(--ast-global-color-5)","background-image":"","background-repeat":"repeat","background-position":"center center","background-size":"auto","background-attachment":"scroll","background-type":"","background-media":"","overlay-type":"","overlay-color":"","overlay-gradient":""},"tablet":{"background-color":"var(--ast-global-color-5)","background-image":"","background-repeat":"repeat","background-position":"center center","background-size":"auto","background-attachment":"scroll","background-type":"","background-media":"","overlay-type":"","overlay-color":"","overlay-gradient":""},"mobile":{"background-color":"var(--ast-global-color-5)","background-image":"","background-repeat":"repeat","background-position":"center center","background-size":"auto","background-attachment":"scroll","background-type":"","background-media":"","overlay-type":"","overlay-color":"","overlay-gradient":""}}},"product_cat":[93],"product_tag":[],"_links":{"self":[{"href":"https:\/\/silvertactical.hu\/sk\/wp-json\/wp\/v2\/product\/1263"}],"collection":[{"href":"https:\/\/silvertactical.hu\/sk\/wp-json\/wp\/v2\/product"}],"about":[{"href":"https:\/\/silvertactical.hu\/sk\/wp-json\/wp\/v2\/types\/product"}],"version-history":[{"count":3,"href":"https:\/\/silvertactical.hu\/sk\/wp-json\/wp\/v2\/product\/1263\/revisions"}],"predecessor-version":[{"id":3061,"href":"https:\/\/silvertactical.hu\/sk\/wp-json\/wp\/v2\/product\/1263\/revisions\/3061"}],"wp:featuredmedia":[{"embeddable":true,"href":"https:\/\/silvertactical.hu\/sk\/wp-json\/wp\/v2\/media\/3059"}],"wp:attachment":[{"href":"https:\/\/silvertactical.hu\/sk\/wp-json\/wp\/v2\/media?parent=1263"}],"wp:term":[{"taxonomy":"product_cat","embeddable":true,"href":"https:\/\/silvertactical.hu\/sk\/wp-json\/wp\/v2\/product_cat?post=1263"},{"taxonomy":"product_tag","embeddable":true,"href":"https:\/\/silvertactical.hu\/sk\/wp-json\/wp\/v2\/product_tag?post=1263"}],"curies":[{"name":"wp","href":"https:\/\/api.w.org\/{rel}","templated":true}]}}