{"id":1280,"date":"2023-11-27T11:46:23","date_gmt":"2023-11-27T11:46:23","guid":{"rendered":"https:\/\/silvertactical.wordwiseme.com\/?post_type=product&#038;p=1280"},"modified":"2024-10-02T08:44:35","modified_gmt":"2024-10-02T08:44:35","slug":"helikon-tex-blizzard-pants-stormstretch","status":"publish","type":"product","link":"https:\/\/silvertactical.hu\/sk\/item\/helikon-tex-blizzard-pants-stormstretch\/","title":{"rendered":"Helikon-Tex\u00ae &#8211; BLIZZARD Pants\u00ae &#8211; StormStretch\u00ae"},"content":{"rendered":"<p>Hibrid szerkezet, amely StormStretch\u00ae, \u00e9s VersaStretch\u00ae anyagokb\u00f3l \u00e1ll<\/p>\n<p>Der\u00e9k kivehet\u0151 \u00f6vvel<\/p>\n<p>50 mm sz\u00e9les \u00f6vb\u00fajtat\u00f3<\/p>\n<p>K\u00e9t klasszikus, meger\u0151s\u00edtett sz\u00e9llel rendelkez\u0151 cs\u00edp\u0151zseb<\/p>\n<p>K\u00e9t h\u00e1ts\u00f3 zseb<\/p>\n<p>K\u00e9t rakom\u00e1nyzseb bels\u0151 szervez\u0151kkel<\/p>\n<p>Meger\u0151s\u00edt\u00e9sek az als\u00f3 l\u00e1bon<\/p>\n<p>Rugalmas l\u00e1b mandzsetta be\u00e1ll\u00edt\u00e1ssal<\/p>\n<p>YKK\u00ae cipz\u00e1r<\/p>\n<p>Blizzard softshell pants are advanced, versatile, all-weather apparel, suitable for not only for mountain hiking but also for light trekking in the wild. The use of our 2-way elastic StormStretch\u00ae fabric provides durability and freedom of movement. The pants have spacious cargo pockets with internal organizer, pant leg reinforcements and boot-lace hooks. The knee reinforcements also work as a pocket for protective pad inserts. Additionally, the pants are equipped in side ventilation zippers. Blizzard Pants are oversized, which should be taken into consideration when buying. This makes them a perfect second layer when the weather conditions demands additional protection.<\/p>\n<div class=\"product-additional\">\n<table id=\"product-attribute-specs-table\" class=\"data-table\">\n<tbody>\n<tr class=\"odd even\">\n<th class=\"label\">Weight [g]<\/th>\n<td class=\"data last\" data-attr-name=\"weight\">500<\/td>\n<\/tr>\n<tr class=\"even odd\">\n<th class=\"label\">Material<\/th>\n<td class=\"data last\" data-attr-name=\"material_en\">98% Nylon, 2% Elastane<\/td>\n<\/tr>\n<tr class=\"odd even\">\n<th class=\"label\">Grammage [g\/m2]<\/th>\n<td class=\"data last\" data-attr-name=\"grammage\">145<\/td>\n<\/tr>\n<tr class=\"even odd\">\n<th class=\"label\">EUROPEAN PATENT No<\/th>\n<td class=\"data last\" data-attr-name=\"product_eu_patent_no\">002991570-0001<\/td>\n<\/tr>\n<\/tbody>\n<\/table>\n<\/div>\n<div class=\"product-additional sm--logo-container\">\n<div class=\"sm--logo-wrapper\"><\/div>\n<div class=\"sm--logo-wrapper\"><a href=\"https:\/\/www.helikon-tex.com\/en_eur\/linie-produktowe\/outback.html\"><img decoding=\"async\" src=\"https:\/\/dfr4rssi07fv7.cloudfront.net\/htx\/images\/technology\/jpg\/outback-line.jpg\" \/><\/a>\u00a0<img decoding=\"async\" src=\"https:\/\/dfr4rssi07fv7.cloudfront.net\/htx\/images\/technology\/jpg\/versastretch.jpg\" \/>\u00a0<img decoding=\"async\" src=\"https:\/\/dfr4rssi07fv7.cloudfront.net\/htx\/images\/technology\/jpg\/ykk.jpg\" \/>\u00a0<img decoding=\"async\" src=\"https:\/\/dfr4rssi07fv7.cloudfront.net\/htx\/images\/technology\/jpg\/stormstretch.jpg\" \/>\u00a0<img decoding=\"async\" src=\"https:\/\/dfr4rssi07fv7.cloudfront.net\/htx\/images\/technology\/jpg\/du-pont-teflon.jpg\" \/><\/div>\n<\/div>\n<p><iframe src=\"https:\/\/www.youtube.com\/embed\/zcjAa2mGvJE\" width=\"560\" height=\"315\" frameborder=\"0\" allowfullscreen=\"allowfullscreen\" data-mce-fragment=\"1\"><\/iframe><\/p>","protected":false},"excerpt":{"rendered":"<p>Hibrid szerkezet, amely StormStretch\u00ae, \u00e9s VersaStretch\u00ae anyagokb\u00f3l \u00e1ll<\/p>\n<p>Der\u00e9k kivehet\u0151 \u00f6vvel<\/p>\n<p>50 mm sz\u00e9les \u00f6vb\u00fajtat\u00f3<\/p>\n<p>K\u00e9t klasszikus, meger\u0151s\u00edtett sz\u00e9llel rendelkez\u0151 cs\u00edp\u0151zseb<\/p>\n<p>K\u00e9t h\u00e1ts\u00f3 zseb<\/p>\n<p>K\u00e9t rakom\u00e1nyzseb bels\u0151 szervez\u0151kkel<\/p>\n<p>Meger\u0151s\u00edt\u00e9sek az als\u00f3 l\u00e1bon<\/p>\n<p>Rugalmas l\u00e1b mandzsetta be\u00e1ll\u00edt\u00e1ssal<\/p>\n<p>YKK\u00ae cipz\u00e1r<\/p>\n<p>Blizzard softshell pants are advanced, versatile, all-weather apparel, suitable for not only for mountain hiking but also for light trekking in the wild. The use of our 2-way elastic StormStretch\u00ae fabric provides durability and freedom of movement. The pants have spacious cargo pockets with internal organizer, pant leg reinforcements and boot-lace hooks. The knee reinforcements also work as a pocket for protective pad inserts. Additionally, the pants are equipped in side ventilation zippers. Blizzard Pants are oversized, which should be taken into consideration when buying. This makes them a perfect second layer when the weather conditions demands additional protection.<\/p>\n<div class=\"product-additional\">\n<table id=\"product-attribute-specs-table\" class=\"data-table\">\n<tbody>\n<tr class=\"odd even\">\n<th class=\"label\">Weight [g]<\/th>\n<td class=\"data last\" data-attr-name=\"weight\">500<\/td>\n<\/tr>\n<tr class=\"even odd\">\n<th class=\"label\">Material<\/th>\n<td class=\"data last\" data-attr-name=\"material_en\">98% Nylon, 2% Elastane<\/td>\n<\/tr>\n<tr class=\"odd even\">\n<th class=\"label\">Grammage [g\/m2]<\/th>\n<td class=\"data last\" data-attr-name=\"grammage\">145<\/td>\n<\/tr>\n<tr class=\"even odd\">\n<th class=\"label\">EUROPEAN PATENT No<\/th>\n<td class=\"data last\" data-attr-name=\"product_eu_patent_no\">002991570-0001<\/td>\n<\/tr>\n<\/tbody>\n<\/table>\n<\/div>\n<div class=\"product-additional sm--logo-container\">\n<div class=\"sm--logo-wrapper\"><\/div>\n<div class=\"sm--logo-wrapper\"><a href=\"https:\/\/www.helikon-tex.com\/en_eur\/linie-produktowe\/outback.html\"><img decoding=\"async\" src=\"https:\/\/dfr4rssi07fv7.cloudfront.net\/htx\/images\/technology\/jpg\/outback-line.jpg\" \/><\/a>\u00a0<img decoding=\"async\" src=\"https:\/\/dfr4rssi07fv7.cloudfront.net\/htx\/images\/technology\/jpg\/versastretch.jpg\" \/>\u00a0<img decoding=\"async\" src=\"https:\/\/dfr4rssi07fv7.cloudfront.net\/htx\/images\/technology\/jpg\/ykk.jpg\" \/>\u00a0<img decoding=\"async\" src=\"https:\/\/dfr4rssi07fv7.cloudfront.net\/htx\/images\/technology\/jpg\/stormstretch.jpg\" \/>\u00a0<img decoding=\"async\" src=\"https:\/\/dfr4rssi07fv7.cloudfront.net\/htx\/images\/technology\/jpg\/du-pont-teflon.jpg\" \/><\/div>\n<\/div>\n<p><iframe src=\"https:\/\/www.youtube.com\/embed\/zcjAa2mGvJE\" width=\"560\" height=\"315\" frameborder=\"0\" allowfullscreen=\"allowfullscreen\" data-mce-fragment=\"1\"><\/iframe><\/p>","protected":false},"featured_media":4778,"template":"","meta":{"site-sidebar-layout":"default","site-content-layout":"","ast-site-content-layout":"default","site-content-style":"default","site-sidebar-style":"default","ast-global-header-display":"","ast-banner-title-visibility":"","ast-main-header-display":"","ast-hfb-above-header-display":"","ast-hfb-below-header-display":"","ast-hfb-mobile-header-display":"","site-post-title":"","ast-breadcrumbs-content":"","ast-featured-img":"","footer-sml-layout":"","theme-transparent-header-meta":"default","adv-header-id-meta":"","stick-header-meta":"","header-above-stick-meta":"","header-main-stick-meta":"","header-below-stick-meta":"","astra-migrate-meta-layouts":"set","ast-page-background-enabled":"default","ast-page-background-meta":{"desktop":{"background-color":"","background-image":"","background-repeat":"repeat","background-position":"center center","background-size":"auto","background-attachment":"scroll","background-type":"","background-media":"","overlay-type":"","overlay-color":"","overlay-gradient":""},"tablet":{"background-color":"","background-image":"","background-repeat":"repeat","background-position":"center center","background-size":"auto","background-attachment":"scroll","background-type":"","background-media":"","overlay-type":"","overlay-color":"","overlay-gradient":""},"mobile":{"background-color":"","background-image":"","background-repeat":"repeat","background-position":"center center","background-size":"auto","background-attachment":"scroll","background-type":"","background-media":"","overlay-type":"","overlay-color":"","overlay-gradient":""}},"ast-content-background-meta":{"desktop":{"background-color":"var(--ast-global-color-5)","background-image":"","background-repeat":"repeat","background-position":"center center","background-size":"auto","background-attachment":"scroll","background-type":"","background-media":"","overlay-type":"","overlay-color":"","overlay-gradient":""},"tablet":{"background-color":"var(--ast-global-color-5)","background-image":"","background-repeat":"repeat","background-position":"center center","background-size":"auto","background-attachment":"scroll","background-type":"","background-media":"","overlay-type":"","overlay-color":"","overlay-gradient":""},"mobile":{"background-color":"var(--ast-global-color-5)","background-image":"","background-repeat":"repeat","background-position":"center center","background-size":"auto","background-attachment":"scroll","background-type":"","background-media":"","overlay-type":"","overlay-color":"","overlay-gradient":""}}},"product_cat":[34],"product_tag":[],"_links":{"self":[{"href":"https:\/\/silvertactical.hu\/sk\/wp-json\/wp\/v2\/product\/1280"}],"collection":[{"href":"https:\/\/silvertactical.hu\/sk\/wp-json\/wp\/v2\/product"}],"about":[{"href":"https:\/\/silvertactical.hu\/sk\/wp-json\/wp\/v2\/types\/product"}],"version-history":[{"count":2,"href":"https:\/\/silvertactical.hu\/sk\/wp-json\/wp\/v2\/product\/1280\/revisions"}],"predecessor-version":[{"id":4783,"href":"https:\/\/silvertactical.hu\/sk\/wp-json\/wp\/v2\/product\/1280\/revisions\/4783"}],"wp:featuredmedia":[{"embeddable":true,"href":"https:\/\/silvertactical.hu\/sk\/wp-json\/wp\/v2\/media\/4778"}],"wp:attachment":[{"href":"https:\/\/silvertactical.hu\/sk\/wp-json\/wp\/v2\/media?parent=1280"}],"wp:term":[{"taxonomy":"product_cat","embeddable":true,"href":"https:\/\/silvertactical.hu\/sk\/wp-json\/wp\/v2\/product_cat?post=1280"},{"taxonomy":"product_tag","embeddable":true,"href":"https:\/\/silvertactical.hu\/sk\/wp-json\/wp\/v2\/product_tag?post=1280"}],"curies":[{"name":"wp","href":"https:\/\/api.w.org\/{rel}","templated":true}]}}