{"id":1487,"date":"2023-11-27T11:46:33","date_gmt":"2023-11-27T11:46:33","guid":{"rendered":"https:\/\/silvertactical.wordwiseme.com\/?post_type=product&#038;p=1487"},"modified":"2026-02-22T15:38:15","modified_gmt":"2026-02-22T15:38:15","slug":"helikon-tex-cougar-qsa-hid-jacket","status":"publish","type":"product","link":"https:\/\/silvertactical.hu\/sk\/item\/helikon-tex-cougar-qsa-hid-jacket\/","title":{"rendered":"Helikon-Tex\u00ae &#8211; COUGAR QSA\u2122 + HID\u2122 Jacket\u00ae"},"content":{"rendered":"<p>L\u00e9legez\u0151k\u00e9pess\u00e9g: 8000 g\/m2\/24 h<\/p>\n<p>\u00c1ll\u00edtha\u00f3 gall\u00e9r<\/p>\n<p>Zipz\u00e1ros h\u00f3nalj szell\u0151z\u0151 ny\u00edl\u00e1sok<\/p>\n<p>Rejtett azonos\u00edt\u00f3 panelek (k\u00e9t el\u00fcls\u0151 5 x 2,5 h\u00fcvelykes, egy h\u00e1ts\u00f3 10,5 x 4 h\u00fcvelykes)<\/p>\n<p>K\u00e9t fels\u0151 ujj\u00fa zseb<\/p>\n<p>Bels\u0151 t\u00e9p\u0151z\u00e1ras zseb<\/p>\n<p>Zipz\u00e1ros h\u00e1ts\u00f3 csatornazseb<\/p>\n<p>K\u00e9t oldals\u00f3 zseb, D-gy\u0171r\u0171kkel<\/p>\n<p>Quick Side Access \u2122 rendszer<\/p>\n<p>K\u00f6ny\u00f6k meger\u0151s\u00edt\u00e9sek<\/p>\n<p>T\u00e9p\u0151z\u00e1ras, \u00e1ll\u00edthat\u00f3 mandzsetta<\/p>\n<p>Alul rugalmas h\u00faz\u00f3zsin\u00f3r<\/p>\n<p>WooJin\u00ae csatok<\/p>\n<p>YKK\u00ae cipz\u00e1r<\/p>\n<p>&nbsp;<\/p>\n<div class=\"product-additional\">\n<table id=\"product-attribute-specs-table\" class=\"data-table\">\n<tbody>\n<tr class=\"odd even\">\n<th class=\"label\">Weight [g]<\/th>\n<td class=\"data last\" data-attr-name=\"weight\">1040<\/td>\n<\/tr>\n<tr class=\"even odd\">\n<th class=\"label\">Designation<\/th>\n<td class=\"data last\" data-attr-name=\"destiny_en\">Windblocker covert operations jacket<\/td>\n<\/tr>\n<tr class=\"odd even\">\n<th class=\"label\">Essential product features<\/th>\n<td class=\"data last\" data-attr-name=\"features_en4\">Breathable<\/p>\n<p>7 pockets<\/p>\n<p>Hidden ID panels<\/p>\n<p>QSA\u2122 system<\/td>\n<\/tr>\n<tr class=\"even odd\">\n<th class=\"label\">Fit<\/th>\n<td class=\"data last\" data-attr-name=\"fit_en\">Adjustable bottom, hood and cuffs<\/td>\n<\/tr>\n<tr class=\"odd even\">\n<th class=\"label\">Style<\/th>\n<td class=\"data last\" data-attr-name=\"style_en\">Straight, comfortable cut<\/td>\n<\/tr>\n<tr class=\"even odd\">\n<th class=\"label\">Material<\/th>\n<td class=\"data last\" data-attr-name=\"material_en\">100% Nylon<\/td>\n<\/tr>\n<tr class=\"odd even\">\n<th class=\"label\">EUROPEAN PATENT No<\/th>\n<td class=\"data last\" data-attr-name=\"product_eu_patent_no\">No 002184036-0001<\/td>\n<\/tr>\n<tr class=\"last even odd\">\n<th class=\"label\"><\/th>\n<td class=\"data last\" data-attr-name=\"washing_principles_en3\"><\/td>\n<\/tr>\n<\/tbody>\n<\/table>\n<\/div>\n<div class=\"product-additional sm--logo-container\">\n<div class=\"sm--logo-wrapper\"><a href=\"https:\/\/www.helikon-tex.com\/en_eur\/product-lines\/urban-line.html\"><img decoding=\"async\" src=\"https:\/\/dfr4rssi07fv7.cloudfront.net\/htx\/images\/technology\/jpg\/urban-line.jpg\" \/><\/a>\u00a0<img decoding=\"async\" src=\"https:\/\/dfr4rssi07fv7.cloudfront.net\/htx\/images\/technology\/jpg\/4way-elastic.jpg\" \/>\u00a0<img decoding=\"async\" src=\"https:\/\/dfr4rssi07fv7.cloudfront.net\/htx\/images\/technology\/jpg\/shark-skin-softshell.jpg\" \/>\u00a0<img decoding=\"async\" src=\"https:\/\/dfr4rssi07fv7.cloudfront.net\/htx\/images\/technology\/jpg\/du-pont-teflon.jpg\" \/>\u00a0<img decoding=\"async\" src=\"https:\/\/dfr4rssi07fv7.cloudfront.net\/htx\/images\/technology\/jpg\/ykk.jpg\" \/><\/div>\n<div class=\"sm--logo-wrapper\"><img decoding=\"async\" src=\"https:\/\/dfr4rssi07fv7.cloudfront.net\/htx\/images\/technology\/jpg\/woojin-plastic.jpg\" \/>\u00a0<img decoding=\"async\" src=\"https:\/\/dfr4rssi07fv7.cloudfront.net\/htx\/images\/technology\/jpg\/quick-side-access.jpg\" \/><\/div>\n<div>\n<p><iframe src=\"https:\/\/www.youtube.com\/embed\/1kxcc_vSoO0\" width=\"560\" height=\"315\" frameborder=\"0\" allowfullscreen=\"allowfullscreen\"><\/iframe><\/p>\n<\/div>\n<\/div>","protected":false},"excerpt":{"rendered":"<p>L\u00e9legez\u0151k\u00e9pess\u00e9g: 8000 g\/m2\/24 h<\/p>\n<p>\u00c1ll\u00edtha\u00f3 gall\u00e9r<\/p>\n<p>Zipz\u00e1ros h\u00f3nalj szell\u0151z\u0151 ny\u00edl\u00e1sok<\/p>\n<p>Rejtett azonos\u00edt\u00f3 panelek (k\u00e9t el\u00fcls\u0151 5 x 2,5 h\u00fcvelykes, egy h\u00e1ts\u00f3 10,5 x 4 h\u00fcvelykes)<\/p>\n<p>K\u00e9t fels\u0151 ujj\u00fa zseb<\/p>\n<p>Bels\u0151 t\u00e9p\u0151z\u00e1ras zseb<\/p>\n<p>Zipz\u00e1ros h\u00e1ts\u00f3 csatornazseb<\/p>\n<p>K\u00e9t oldals\u00f3 zseb, D-gy\u0171r\u0171kkel<\/p>\n<p>Quick Side Access \u2122 rendszer<\/p>\n<p>K\u00f6ny\u00f6k meger\u0151s\u00edt\u00e9sek<\/p>\n<p>T\u00e9p\u0151z\u00e1ras, \u00e1ll\u00edthat\u00f3 mandzsetta<\/p>\n<p>Alul rugalmas h\u00faz\u00f3zsin\u00f3r<\/p>\n<p>WooJin\u00ae csatok<\/p>\n<p>YKK\u00ae cipz\u00e1r<\/p>\n<p>&nbsp;<\/p>\n<p>Cougar<sup>\u00ae<\/sup>\u00a0is an urban light outer (softshell) garment. The fabric used protects from wind and light rain. Collar-stowable hood is easily adjustable via pocket-accessible drawstring and rear tab. The hood is quickly accessible, with hood pocket zippered with a two-way zipper. The jacket has three concealed ID panels, suitable for law enforcement stake-out jobs: two smaller front ones and one larger on the back. Two Velcro-attached blank ID panels are enclosed for the user to embroider or print suitable identification. Breast pockets have small organizers and D-rings for lanyards, upper-sleeve pockets have wiring eyelets. There\u2019s a fairly large velcro-closed inner pocket at lower left.<\/p>\n<p>Quick Side Access\u2122 (QSA\u2122) system allows easy access to belt-mounted tactical items. Due to QSA\u2122 ergonomic features the user gains access to belt-mounted e.g. holster in one fluid movement, to cut down reaction time in an emergency, life-threatening situation. Casual outlook and proper placement of the QSA\u2122 zippered slots would facilitate urban law enforcement operations.<\/p>\n<div class=\"product-additional\">\n<table id=\"product-attribute-specs-table\" class=\"data-table\">\n<tbody>\n<tr class=\"odd even\">\n<th class=\"label\">Weight [g]<\/th>\n<td class=\"data last\" data-attr-name=\"weight\">1040<\/td>\n<\/tr>\n<tr class=\"even odd\">\n<th class=\"label\">Designation<\/th>\n<td class=\"data last\" data-attr-name=\"destiny_en\">Windblocker covert operations jacket<\/td>\n<\/tr>\n<tr class=\"odd even\">\n<th class=\"label\">Essential product features<\/th>\n<td class=\"data last\" data-attr-name=\"features_en4\">Breathable<\/p>\n<p>7 pockets<\/p>\n<p>Hidden ID panels<\/p>\n<p>QSA\u2122 system<\/td>\n<\/tr>\n<tr class=\"even odd\">\n<th class=\"label\">Fit<\/th>\n<td class=\"data last\" data-attr-name=\"fit_en\">Adjustable bottom, hood and cuffs<\/td>\n<\/tr>\n<tr class=\"odd even\">\n<th class=\"label\">Style<\/th>\n<td class=\"data last\" data-attr-name=\"style_en\">Straight, comfortable cut<\/td>\n<\/tr>\n<tr class=\"even odd\">\n<th class=\"label\">Material<\/th>\n<td class=\"data last\" data-attr-name=\"material_en\">100% Nylon<\/td>\n<\/tr>\n<tr class=\"odd even\">\n<th class=\"label\">EUROPEAN PATENT No<\/th>\n<td class=\"data last\" data-attr-name=\"product_eu_patent_no\">No 002184036-0001<\/td>\n<\/tr>\n<tr class=\"last even odd\">\n<th class=\"label\"><\/th>\n<td class=\"data last\" data-attr-name=\"washing_principles_en3\"><\/td>\n<\/tr>\n<\/tbody>\n<\/table>\n<\/div>\n<div class=\"product-additional sm--logo-container\">\n<div class=\"sm--logo-wrapper\"><a href=\"https:\/\/www.helikon-tex.com\/en_eur\/product-lines\/urban-line.html\"><img decoding=\"async\" src=\"https:\/\/dfr4rssi07fv7.cloudfront.net\/htx\/images\/technology\/jpg\/urban-line.jpg\" \/><\/a>\u00a0<img decoding=\"async\" src=\"https:\/\/dfr4rssi07fv7.cloudfront.net\/htx\/images\/technology\/jpg\/4way-elastic.jpg\" \/>\u00a0<img decoding=\"async\" src=\"https:\/\/dfr4rssi07fv7.cloudfront.net\/htx\/images\/technology\/jpg\/shark-skin-softshell.jpg\" \/>\u00a0<img decoding=\"async\" src=\"https:\/\/dfr4rssi07fv7.cloudfront.net\/htx\/images\/technology\/jpg\/du-pont-teflon.jpg\" \/>\u00a0<img decoding=\"async\" src=\"https:\/\/dfr4rssi07fv7.cloudfront.net\/htx\/images\/technology\/jpg\/ykk.jpg\" \/><\/div>\n<div class=\"sm--logo-wrapper\"><img decoding=\"async\" src=\"https:\/\/dfr4rssi07fv7.cloudfront.net\/htx\/images\/technology\/jpg\/woojin-plastic.jpg\" \/>\u00a0<img decoding=\"async\" src=\"https:\/\/dfr4rssi07fv7.cloudfront.net\/htx\/images\/technology\/jpg\/quick-side-access.jpg\" \/><\/div>\n<div>\n<p><iframe src=\"https:\/\/www.youtube.com\/embed\/1kxcc_vSoO0\" width=\"560\" height=\"315\" frameborder=\"0\" allowfullscreen=\"allowfullscreen\"><\/iframe><\/p>\n<\/div>\n<\/div>","protected":false},"featured_media":3309,"template":"","meta":{"site-sidebar-layout":"default","site-content-layout":"","ast-site-content-layout":"default","site-content-style":"default","site-sidebar-style":"default","ast-global-header-display":"","ast-banner-title-visibility":"","ast-main-header-display":"","ast-hfb-above-header-display":"","ast-hfb-below-header-display":"","ast-hfb-mobile-header-display":"","site-post-title":"","ast-breadcrumbs-content":"","ast-featured-img":"","footer-sml-layout":"","theme-transparent-header-meta":"default","adv-header-id-meta":"","stick-header-meta":"","header-above-stick-meta":"","header-main-stick-meta":"","header-below-stick-meta":"","astra-migrate-meta-layouts":"set","ast-page-background-enabled":"default","ast-page-background-meta":{"desktop":{"background-color":"","background-image":"","background-repeat":"repeat","background-position":"center center","background-size":"auto","background-attachment":"scroll","background-type":"","background-media":"","overlay-type":"","overlay-color":"","overlay-gradient":""},"tablet":{"background-color":"","background-image":"","background-repeat":"repeat","background-position":"center center","background-size":"auto","background-attachment":"scroll","background-type":"","background-media":"","overlay-type":"","overlay-color":"","overlay-gradient":""},"mobile":{"background-color":"","background-image":"","background-repeat":"repeat","background-position":"center center","background-size":"auto","background-attachment":"scroll","background-type":"","background-media":"","overlay-type":"","overlay-color":"","overlay-gradient":""}},"ast-content-background-meta":{"desktop":{"background-color":"var(--ast-global-color-5)","background-image":"","background-repeat":"repeat","background-position":"center center","background-size":"auto","background-attachment":"scroll","background-type":"","background-media":"","overlay-type":"","overlay-color":"","overlay-gradient":""},"tablet":{"background-color":"var(--ast-global-color-5)","background-image":"","background-repeat":"repeat","background-position":"center center","background-size":"auto","background-attachment":"scroll","background-type":"","background-media":"","overlay-type":"","overlay-color":"","overlay-gradient":""},"mobile":{"background-color":"var(--ast-global-color-5)","background-image":"","background-repeat":"repeat","background-position":"center center","background-size":"auto","background-attachment":"scroll","background-type":"","background-media":"","overlay-type":"","overlay-color":"","overlay-gradient":""}}},"product_cat":[38],"product_tag":[],"_links":{"self":[{"href":"https:\/\/silvertactical.hu\/sk\/wp-json\/wp\/v2\/product\/1487"}],"collection":[{"href":"https:\/\/silvertactical.hu\/sk\/wp-json\/wp\/v2\/product"}],"about":[{"href":"https:\/\/silvertactical.hu\/sk\/wp-json\/wp\/v2\/types\/product"}],"version-history":[{"count":6,"href":"https:\/\/silvertactical.hu\/sk\/wp-json\/wp\/v2\/product\/1487\/revisions"}],"predecessor-version":[{"id":6787,"href":"https:\/\/silvertactical.hu\/sk\/wp-json\/wp\/v2\/product\/1487\/revisions\/6787"}],"wp:featuredmedia":[{"embeddable":true,"href":"https:\/\/silvertactical.hu\/sk\/wp-json\/wp\/v2\/media\/3309"}],"wp:attachment":[{"href":"https:\/\/silvertactical.hu\/sk\/wp-json\/wp\/v2\/media?parent=1487"}],"wp:term":[{"taxonomy":"product_cat","embeddable":true,"href":"https:\/\/silvertactical.hu\/sk\/wp-json\/wp\/v2\/product_cat?post=1487"},{"taxonomy":"product_tag","embeddable":true,"href":"https:\/\/silvertactical.hu\/sk\/wp-json\/wp\/v2\/product_tag?post=1487"}],"curies":[{"name":"wp","href":"https:\/\/api.w.org\/{rel}","templated":true}]}}