{"id":1491,"date":"2023-11-27T11:46:33","date_gmt":"2023-11-27T11:46:33","guid":{"rendered":"https:\/\/silvertactical.wordwiseme.com\/?post_type=product&#038;p=1491"},"modified":"2024-10-02T08:47:40","modified_gmt":"2024-10-02T08:47:40","slug":"helikon-tex-level-7-lightweight-winter-jacket-climashield-apex-100g","status":"publish","type":"product","link":"https:\/\/silvertactical.hu\/sk\/item\/helikon-tex-level-7-lightweight-winter-jacket-climashield-apex-100g\/","title":{"rendered":"Helikon-Tex\u00ae &#8211; LEVEL 7 LIGHTWEIGHT WINTER JACKET &#8211; CLIMASHIELD\u00ae APEX 100G"},"content":{"rendered":"<p>A Helikon-Tex Level 7 az\u00a0USA hideg id\u0151j\u00e1r\u00e1si ruh\u00e1zati rendszer\u00e9nek (ECWCS) megfelel\u0151je. A Level 7\u00a0t\u00e9li dzseki\u00a0egy v\u00e9gs\u0151, k\u00fcls\u0151 szigetel\u0151 r\u00e9teg, sz\u00e9ls\u0151s\u00e9ges hideg id\u0151ben val\u00f3 haszn\u00e1latra. A Climashield\u00ae Apex \u2122 szigetel\u00e9s melegen tartja a felhaszn\u00e1l\u00f3t b\u00e1rmilyen k\u00f6r\u00fclm\u00e9nyek k\u00f6z\u00f6tt. A LVL7 kab\u00e1t b\u00e1rmilyen alacsonyabb (ECWCS szerint) r\u00e9teggel viselhet\u0151.\u00a0A szigetel\u00e9s hidrof\u00f3b &#8211; nedvess\u00e9g eset\u00e9n gyorsan sz\u00e1rad. A k\u00fcls\u0151 nylon h\u00e9ja megv\u00e9d\u00a0a sz\u00e9lt\u0151l, \u00e9s a v\u00edzt\u0151l, mik\u00f6zben lehet\u0151v\u00e9 teszi a l\u00e9legz\u00e9st. A gall\u00e9rban tal\u00e1lhat\u00f3 a kapucni, amely a mellkas zseb\u00e9b\u0151l megk\u00f6thet\u0151 h\u00faz\u00f3val \u00e1ll\u00edthat\u00f3. A kapucni\u00a0puha, gyapj\u00fab\u00e9l\u00e9se n\u00f6veli a visel\u00e9si k\u00e9nyelmet, \u00e9s megakad\u00e1lyozza a kop\u00e1st. K\u00e9t, gyapj\u00faval b\u00e9lelt mellzseb v\u00e9di a kezet\u00a0a fagyt\u00f3l. A Level 7\u00a0kab\u00e1t k\u00f6nnyen \u00f6sszenyomhat\u00f3 an\u00e9lk\u00fcl, hogy elvesz\u00edten\u00e9 szigetel\u00e9si tulajdons\u00e1gait.<\/p>\n<p><iframe title=\"YouTube video player\" src=\"https:\/\/www.youtube.com\/embed\/JjOXQ2m7oIc\" width=\"560\" height=\"315\" frameborder=\"0\" allowfullscreen=\"allowfullscreen\" data-mce-fragment=\"1\"><\/iframe><\/p>","protected":false},"excerpt":{"rendered":"<p>A Helikon-Tex Level 7 az\u00a0USA hideg id\u0151j\u00e1r\u00e1si ruh\u00e1zati rendszer\u00e9nek (ECWCS) megfelel\u0151je. A Level 7\u00a0t\u00e9li dzseki\u00a0egy v\u00e9gs\u0151, k\u00fcls\u0151 szigetel\u0151 r\u00e9teg, sz\u00e9ls\u0151s\u00e9ges hideg id\u0151ben val\u00f3 haszn\u00e1latra. A Climashield\u00ae Apex \u2122 szigetel\u00e9s melegen tartja a felhaszn\u00e1l\u00f3t b\u00e1rmilyen k\u00f6r\u00fclm\u00e9nyek k\u00f6z\u00f6tt. A LVL7 kab\u00e1t b\u00e1rmilyen alacsonyabb (ECWCS szerint) r\u00e9teggel viselhet\u0151.\u00a0A szigetel\u00e9s hidrof\u00f3b &#8211; nedvess\u00e9g eset\u00e9n gyorsan sz\u00e1rad. A k\u00fcls\u0151 nylon h\u00e9ja megv\u00e9d\u00a0a sz\u00e9lt\u0151l, \u00e9s a v\u00edzt\u0151l, mik\u00f6zben lehet\u0151v\u00e9 teszi a l\u00e9legz\u00e9st. A gall\u00e9rban tal\u00e1lhat\u00f3 a kapucni, amely a mellkas zseb\u00e9b\u0151l megk\u00f6thet\u0151 h\u00faz\u00f3val \u00e1ll\u00edthat\u00f3. A kapucni\u00a0puha, gyapj\u00fab\u00e9l\u00e9se n\u00f6veli a visel\u00e9si k\u00e9nyelmet, \u00e9s megakad\u00e1lyozza a kop\u00e1st. K\u00e9t, gyapj\u00faval b\u00e9lelt mellzseb v\u00e9di a kezet\u00a0a fagyt\u00f3l. A Level 7\u00a0kab\u00e1t k\u00f6nnyen \u00f6sszenyomhat\u00f3 an\u00e9lk\u00fcl, hogy elvesz\u00edten\u00e9 szigetel\u00e9si tulajdons\u00e1gait.<\/p>\n<p><iframe title=\"YouTube video player\" src=\"https:\/\/www.youtube.com\/embed\/JjOXQ2m7oIc\" width=\"560\" height=\"315\" frameborder=\"0\" allowfullscreen=\"allowfullscreen\" data-mce-fragment=\"1\"><\/iframe><\/p>","protected":false},"featured_media":3557,"template":"","meta":{"site-sidebar-layout":"default","site-content-layout":"","ast-site-content-layout":"default","site-content-style":"default","site-sidebar-style":"default","ast-global-header-display":"","ast-banner-title-visibility":"","ast-main-header-display":"","ast-hfb-above-header-display":"","ast-hfb-below-header-display":"","ast-hfb-mobile-header-display":"","site-post-title":"","ast-breadcrumbs-content":"","ast-featured-img":"","footer-sml-layout":"","theme-transparent-header-meta":"default","adv-header-id-meta":"","stick-header-meta":"","header-above-stick-meta":"","header-main-stick-meta":"","header-below-stick-meta":"","astra-migrate-meta-layouts":"set","ast-page-background-enabled":"default","ast-page-background-meta":{"desktop":{"background-color":"","background-image":"","background-repeat":"repeat","background-position":"center center","background-size":"auto","background-attachment":"scroll","background-type":"","background-media":"","overlay-type":"","overlay-color":"","overlay-gradient":""},"tablet":{"background-color":"","background-image":"","background-repeat":"repeat","background-position":"center center","background-size":"auto","background-attachment":"scroll","background-type":"","background-media":"","overlay-type":"","overlay-color":"","overlay-gradient":""},"mobile":{"background-color":"","background-image":"","background-repeat":"repeat","background-position":"center center","background-size":"auto","background-attachment":"scroll","background-type":"","background-media":"","overlay-type":"","overlay-color":"","overlay-gradient":""}},"ast-content-background-meta":{"desktop":{"background-color":"var(--ast-global-color-5)","background-image":"","background-repeat":"repeat","background-position":"center center","background-size":"auto","background-attachment":"scroll","background-type":"","background-media":"","overlay-type":"","overlay-color":"","overlay-gradient":""},"tablet":{"background-color":"var(--ast-global-color-5)","background-image":"","background-repeat":"repeat","background-position":"center center","background-size":"auto","background-attachment":"scroll","background-type":"","background-media":"","overlay-type":"","overlay-color":"","overlay-gradient":""},"mobile":{"background-color":"var(--ast-global-color-5)","background-image":"","background-repeat":"repeat","background-position":"center center","background-size":"auto","background-attachment":"scroll","background-type":"","background-media":"","overlay-type":"","overlay-color":"","overlay-gradient":""}}},"product_cat":[38],"product_tag":[],"_links":{"self":[{"href":"https:\/\/silvertactical.hu\/sk\/wp-json\/wp\/v2\/product\/1491"}],"collection":[{"href":"https:\/\/silvertactical.hu\/sk\/wp-json\/wp\/v2\/product"}],"about":[{"href":"https:\/\/silvertactical.hu\/sk\/wp-json\/wp\/v2\/types\/product"}],"version-history":[{"count":2,"href":"https:\/\/silvertactical.hu\/sk\/wp-json\/wp\/v2\/product\/1491\/revisions"}],"predecessor-version":[{"id":3565,"href":"https:\/\/silvertactical.hu\/sk\/wp-json\/wp\/v2\/product\/1491\/revisions\/3565"}],"wp:featuredmedia":[{"embeddable":true,"href":"https:\/\/silvertactical.hu\/sk\/wp-json\/wp\/v2\/media\/3557"}],"wp:attachment":[{"href":"https:\/\/silvertactical.hu\/sk\/wp-json\/wp\/v2\/media?parent=1491"}],"wp:term":[{"taxonomy":"product_cat","embeddable":true,"href":"https:\/\/silvertactical.hu\/sk\/wp-json\/wp\/v2\/product_cat?post=1491"},{"taxonomy":"product_tag","embeddable":true,"href":"https:\/\/silvertactical.hu\/sk\/wp-json\/wp\/v2\/product_tag?post=1491"}],"curies":[{"name":"wp","href":"https:\/\/api.w.org\/{rel}","templated":true}]}}