{"id":1495,"date":"2023-11-27T11:46:33","date_gmt":"2023-11-27T11:46:33","guid":{"rendered":"https:\/\/silvertactical.wordwiseme.com\/?post_type=product&#038;p=1495"},"modified":"2024-10-02T08:45:49","modified_gmt":"2024-10-02T08:45:49","slug":"helikon-tex-wolfhound-jacket","status":"publish","type":"product","link":"https:\/\/silvertactical.hu\/sk\/item\/helikon-tex-wolfhound-jacket\/","title":{"rendered":"Helikon-Tex\u00ae &#8211; WOLFHOUND Jacket\u00ae"},"content":{"rendered":"<p>Anyaga: Climashield Apex insulation (67g\/m2), nylon ripstop outer layer<\/p>\n<p>S\u00falya: 435g<\/p>\n<p>Ha k\u00f6nny\u0171 meleg\u00edt\u0151 r\u00e9tegre van sz\u00fcks\u00e9g, \u00e9s a gyapj\u00fa nem felel meg a feladatnak, a Helikon-Tex Wolfhound a megment\u0151. Ezt a k\u00f6nny\u0171 kab\u00e1tot szigetel\u0151r\u00e9tegk\u00e9nt tervezt\u00e9k, ak\u00e1r \u00f6n\u00e1ll\u00f3an, ak\u00e1r valamilyen k\u00fcls\u0151 r\u00e9teggel kombin\u00e1lva. A Climashield\u00ae Apex \u2122 szigetel\u00e9s (ugyanaz, mint a Level 7 kab\u00e1tban) melegen tartja a felhaszn\u00e1l\u00f3t minden k\u00f6r\u00fclm\u00e9nyek k\u00f6z\u00f6tt. Nedvesen vill\u00e1mgyorsan sz\u00e1rad. A k\u00fcls\u0151 nylon h\u00e9ja l\u00e9legz\u0151, m\u00e9gis v\u00e9di a szigetel\u00e9st a s\u00e9r\u00fcl\u00e9sekt\u0151l, a visel\u0151j\u00e9t pedig a sz\u00e9l, \u00e9s az es\u0151 ellen. A h\u00f3naljban l\u00e9v\u0151 VersaStrech\u00ae sz\u00f6vetpanelek jav\u00edtj\u00e1k a l\u00e9g\u00e1raml\u00e1st, \u00e9s n\u00f6velik a k\u00e9nyelmet, ugyanakkor az ugyanazon anyagb\u00f3l k\u00e9sz\u00fclt mandzsett\u00e1k az ujjakat z\u00e1rva tartj\u00e1k, csapd\u00e1ba ejtik a meleg leveg\u0151t, \u00e9s megakad\u00e1lyozz\u00e1k a sz\u00e9l h\u0171t\u00e9s\u00e9t. A puha gyapj\u00fa gall\u00e9rb\u00e9l\u00e9s fokozza a visel\u00e9s k\u00e9nyelm\u00e9t, \u00e9s megakad\u00e1lyozza a kop\u00e1st.A kab\u00e1t k\u00f6nnyen \u00f6sszenyomhat\u00f3, \u00e9s j\u00f3l csomagolhat\u00f3 an\u00e9lk\u00fcl, hogy a szigetel\u00e9si tulajdons\u00e1gai elveszn\u00e9nek. Kiemelked\u0151 meleg\u00edt\u0151 tulajdons\u00e1gok, nagy l\u00e9legz\u0151k\u00e9pess\u00e9g, k\u00f6nny\u0171 s\u00faly \u00e9s nagy \u00f6sszenyomhat\u00f3s\u00e1g &#8211; mindez kombin\u00e1lva teszi a Wolfhoundot t\u00f6k\u00e9letess\u00e9 eg\u00e9sz \u00e9vben.<\/p>\n<p>Climashield\u00ae Apex \u2122 szigetel\u00e9s (67 g \/ m2)<\/p>\n<p>K\u00f6nny\u0171, \u00e9s \u00f6sszenyomhat\u00f3<\/p>\n<p>A h\u00f3nalj, \u00e9s a mandzsetta v\u00e9konyabb, rugalmas VersaStretch\u00ae anyagb\u00f3l<\/p>\n<p>K\u00e9t als\u00f3, zipz\u00e1ras k\u00fcls\u0151 zseb<\/p>\n<p>K\u00fcls\u0151 zipz\u00e1ras mellkasi zseb<\/p>\n<p>Bels\u0151 zipz\u00e1ras zseb<\/p>\n<p>Gyapj\u00faval b\u00e9lelt gall\u00e9r<\/p>\n<p>Alul \u00e1ll\u00edthat\u00f3, rugalmas h\u00faz\u00f3zsin\u00f3r<\/p>\n<p>YKK\u00ae cipz\u00e1r<\/p>\n<p><iframe src=\"https:\/\/www.youtube.com\/embed\/OjEhrbQ_HDU\" width=\"560\" height=\"315\" frameborder=\"0\" allowfullscreen=\"allowfullscreen\"><\/iframe><\/p>","protected":false},"excerpt":{"rendered":"<p>Anyaga: Climashield Apex insulation (67g\/m2), nylon ripstop outer layer<\/p>\n<p>S\u00falya: 435g<\/p>\n<p>Ha k\u00f6nny\u0171 meleg\u00edt\u0151 r\u00e9tegre van sz\u00fcks\u00e9g, \u00e9s a gyapj\u00fa nem felel meg a feladatnak, a Helikon-Tex Wolfhound a megment\u0151. Ezt a k\u00f6nny\u0171 kab\u00e1tot szigetel\u0151r\u00e9tegk\u00e9nt tervezt\u00e9k, ak\u00e1r \u00f6n\u00e1ll\u00f3an, ak\u00e1r valamilyen k\u00fcls\u0151 r\u00e9teggel kombin\u00e1lva. A Climashield\u00ae Apex \u2122 szigetel\u00e9s (ugyanaz, mint a Level 7 kab\u00e1tban) melegen tartja a felhaszn\u00e1l\u00f3t minden k\u00f6r\u00fclm\u00e9nyek k\u00f6z\u00f6tt. Nedvesen vill\u00e1mgyorsan sz\u00e1rad. A k\u00fcls\u0151 nylon h\u00e9ja l\u00e9legz\u0151, m\u00e9gis v\u00e9di a szigetel\u00e9st a s\u00e9r\u00fcl\u00e9sekt\u0151l, a visel\u0151j\u00e9t pedig a sz\u00e9l, \u00e9s az es\u0151 ellen. A h\u00f3naljban l\u00e9v\u0151 VersaStrech\u00ae sz\u00f6vetpanelek jav\u00edtj\u00e1k a l\u00e9g\u00e1raml\u00e1st, \u00e9s n\u00f6velik a k\u00e9nyelmet, ugyanakkor az ugyanazon anyagb\u00f3l k\u00e9sz\u00fclt mandzsett\u00e1k az ujjakat z\u00e1rva tartj\u00e1k, csapd\u00e1ba ejtik a meleg leveg\u0151t, \u00e9s megakad\u00e1lyozz\u00e1k a sz\u00e9l h\u0171t\u00e9s\u00e9t. A puha gyapj\u00fa gall\u00e9rb\u00e9l\u00e9s fokozza a visel\u00e9s k\u00e9nyelm\u00e9t, \u00e9s megakad\u00e1lyozza a kop\u00e1st.A kab\u00e1t k\u00f6nnyen \u00f6sszenyomhat\u00f3, \u00e9s j\u00f3l csomagolhat\u00f3 an\u00e9lk\u00fcl, hogy a szigetel\u00e9si tulajdons\u00e1gai elveszn\u00e9nek. Kiemelked\u0151 meleg\u00edt\u0151 tulajdons\u00e1gok, nagy l\u00e9legz\u0151k\u00e9pess\u00e9g, k\u00f6nny\u0171 s\u00faly \u00e9s nagy \u00f6sszenyomhat\u00f3s\u00e1g &#8211; mindez kombin\u00e1lva teszi a Wolfhoundot t\u00f6k\u00e9letess\u00e9 eg\u00e9sz \u00e9vben.<\/p>\n<p>Climashield\u00ae Apex \u2122 szigetel\u00e9s (67 g \/ m2)<\/p>\n<p>K\u00f6nny\u0171, \u00e9s \u00f6sszenyomhat\u00f3<\/p>\n<p>A h\u00f3nalj, \u00e9s a mandzsetta v\u00e9konyabb, rugalmas VersaStretch\u00ae anyagb\u00f3l<\/p>\n<p>K\u00e9t als\u00f3, zipz\u00e1ras k\u00fcls\u0151 zseb<\/p>\n<p>K\u00fcls\u0151 zipz\u00e1ras mellkasi zseb<\/p>\n<p>Bels\u0151 zipz\u00e1ras zseb<\/p>\n<p>Gyapj\u00faval b\u00e9lelt gall\u00e9r<\/p>\n<p>Alul \u00e1ll\u00edthat\u00f3, rugalmas h\u00faz\u00f3zsin\u00f3r<\/p>\n<p>YKK\u00ae cipz\u00e1r<\/p>\n<p><iframe src=\"https:\/\/www.youtube.com\/embed\/OjEhrbQ_HDU\" width=\"560\" height=\"315\" frameborder=\"0\" allowfullscreen=\"allowfullscreen\"><\/iframe><\/p>","protected":false},"featured_media":3504,"template":"","meta":{"site-sidebar-layout":"default","site-content-layout":"","ast-site-content-layout":"default","site-content-style":"default","site-sidebar-style":"default","ast-global-header-display":"","ast-banner-title-visibility":"","ast-main-header-display":"","ast-hfb-above-header-display":"","ast-hfb-below-header-display":"","ast-hfb-mobile-header-display":"","site-post-title":"","ast-breadcrumbs-content":"","ast-featured-img":"","footer-sml-layout":"","theme-transparent-header-meta":"default","adv-header-id-meta":"","stick-header-meta":"","header-above-stick-meta":"","header-main-stick-meta":"","header-below-stick-meta":"","astra-migrate-meta-layouts":"set","ast-page-background-enabled":"default","ast-page-background-meta":{"desktop":{"background-color":"","background-image":"","background-repeat":"repeat","background-position":"center center","background-size":"auto","background-attachment":"scroll","background-type":"","background-media":"","overlay-type":"","overlay-color":"","overlay-gradient":""},"tablet":{"background-color":"","background-image":"","background-repeat":"repeat","background-position":"center center","background-size":"auto","background-attachment":"scroll","background-type":"","background-media":"","overlay-type":"","overlay-color":"","overlay-gradient":""},"mobile":{"background-color":"","background-image":"","background-repeat":"repeat","background-position":"center center","background-size":"auto","background-attachment":"scroll","background-type":"","background-media":"","overlay-type":"","overlay-color":"","overlay-gradient":""}},"ast-content-background-meta":{"desktop":{"background-color":"var(--ast-global-color-5)","background-image":"","background-repeat":"repeat","background-position":"center center","background-size":"auto","background-attachment":"scroll","background-type":"","background-media":"","overlay-type":"","overlay-color":"","overlay-gradient":""},"tablet":{"background-color":"var(--ast-global-color-5)","background-image":"","background-repeat":"repeat","background-position":"center center","background-size":"auto","background-attachment":"scroll","background-type":"","background-media":"","overlay-type":"","overlay-color":"","overlay-gradient":""},"mobile":{"background-color":"var(--ast-global-color-5)","background-image":"","background-repeat":"repeat","background-position":"center center","background-size":"auto","background-attachment":"scroll","background-type":"","background-media":"","overlay-type":"","overlay-color":"","overlay-gradient":""}}},"product_cat":[38],"product_tag":[],"_links":{"self":[{"href":"https:\/\/silvertactical.hu\/sk\/wp-json\/wp\/v2\/product\/1495"}],"collection":[{"href":"https:\/\/silvertactical.hu\/sk\/wp-json\/wp\/v2\/product"}],"about":[{"href":"https:\/\/silvertactical.hu\/sk\/wp-json\/wp\/v2\/types\/product"}],"version-history":[{"count":2,"href":"https:\/\/silvertactical.hu\/sk\/wp-json\/wp\/v2\/product\/1495\/revisions"}],"predecessor-version":[{"id":3510,"href":"https:\/\/silvertactical.hu\/sk\/wp-json\/wp\/v2\/product\/1495\/revisions\/3510"}],"wp:featuredmedia":[{"embeddable":true,"href":"https:\/\/silvertactical.hu\/sk\/wp-json\/wp\/v2\/media\/3504"}],"wp:attachment":[{"href":"https:\/\/silvertactical.hu\/sk\/wp-json\/wp\/v2\/media?parent=1495"}],"wp:term":[{"taxonomy":"product_cat","embeddable":true,"href":"https:\/\/silvertactical.hu\/sk\/wp-json\/wp\/v2\/product_cat?post=1495"},{"taxonomy":"product_tag","embeddable":true,"href":"https:\/\/silvertactical.hu\/sk\/wp-json\/wp\/v2\/product_tag?post=1495"}],"curies":[{"name":"wp","href":"https:\/\/api.w.org\/{rel}","templated":true}]}}