{"id":1518,"date":"2023-11-27T11:46:34","date_gmt":"2023-11-27T11:46:34","guid":{"rendered":"https:\/\/silvertactical.wordwiseme.com\/?post_type=product&#038;p=1518"},"modified":"2024-10-02T08:45:56","modified_gmt":"2024-10-02T08:45:56","slug":"helikon-tex-tritan-bottle-wide-mouth-elevations-1-liter","status":"publish","type":"product","link":"https:\/\/silvertactical.hu\/sk\/item\/helikon-tex-tritan-bottle-wide-mouth-elevations-1-liter\/","title":{"rendered":"Helikon-Tex\u00ae &#8211; TRITAN\u2122 BOTTLE Wide Mouth Elevations (1 Liter)"},"content":{"rendered":"","protected":false},"excerpt":{"rendered":"<p>A Helikon-Tex TRITAN\u2122 BOTTLE lehet\u0151v\u00e9 teszi 1000 ml v\u00edz, vagy m\u00e1s folyad\u00e9k sz\u00e1ll\u00edt\u00e1s\u00e1t.<br \/>\nA Tritan\u2122 nem befoly\u00e1solja az \u00edz\u00e9t, \u00e9s t\u00f6k\u00e9letesen semleges a szervezet sz\u00e1m\u00e1ra.<br \/>\nEzenk\u00edv\u00fcl ez az anyag nagyon kem\u00e9ny, szinte elpuszt\u00edthatatlan.<br \/>\nA sz\u00e9les sz\u00e1j lehet\u0151v\u00e9 teszi patakb\u00f3l val\u00f3 t\u00f6lt\u00e9s\u00e9t is \u00e9s kan\u00e1llal k\u00f6nnyen keverhet\u0151 ha old\u00f3d\u00f3 hozz\u00e1val\u00f3t tesz bele.<br \/>\nA sz\u00e9les nyak megakad\u00e1lyozza, hogy t\u00e9len a tartalma lefagyjon.<br \/>\nA palackra a t\u00e9rk\u00e9pekr\u0151l ismert magass\u00e1gi jelek vannak nyomtatva.<\/p>\n<p>Tritan\u2122 anyagb\u00f3l k\u00e9sz\u00fcl<br \/>\n90 \u00b0C-ig folyad\u00e9kokhoz alkalmazhat\u00f3<br \/>\nBPA mentes<br \/>\n54 mm sz\u00e9les bemeneti ny\u00edl\u00e1s<br \/>\nKapacit\u00e1s: 1000ml<br \/>\nKompatibilis a Camp Cup, \u00e9s az Essential Kitbag\u00ae term\u00e9kkel<\/p>","protected":false},"featured_media":5570,"template":"","meta":{"site-sidebar-layout":"default","site-content-layout":"","ast-site-content-layout":"default","site-content-style":"default","site-sidebar-style":"default","ast-global-header-display":"","ast-banner-title-visibility":"","ast-main-header-display":"","ast-hfb-above-header-display":"","ast-hfb-below-header-display":"","ast-hfb-mobile-header-display":"","site-post-title":"","ast-breadcrumbs-content":"","ast-featured-img":"","footer-sml-layout":"","theme-transparent-header-meta":"default","adv-header-id-meta":"","stick-header-meta":"","header-above-stick-meta":"","header-main-stick-meta":"","header-below-stick-meta":"","astra-migrate-meta-layouts":"set","ast-page-background-enabled":"default","ast-page-background-meta":{"desktop":{"background-color":"","background-image":"","background-repeat":"repeat","background-position":"center center","background-size":"auto","background-attachment":"scroll","background-type":"","background-media":"","overlay-type":"","overlay-color":"","overlay-gradient":""},"tablet":{"background-color":"","background-image":"","background-repeat":"repeat","background-position":"center center","background-size":"auto","background-attachment":"scroll","background-type":"","background-media":"","overlay-type":"","overlay-color":"","overlay-gradient":""},"mobile":{"background-color":"","background-image":"","background-repeat":"repeat","background-position":"center center","background-size":"auto","background-attachment":"scroll","background-type":"","background-media":"","overlay-type":"","overlay-color":"","overlay-gradient":""}},"ast-content-background-meta":{"desktop":{"background-color":"var(--ast-global-color-5)","background-image":"","background-repeat":"repeat","background-position":"center center","background-size":"auto","background-attachment":"scroll","background-type":"","background-media":"","overlay-type":"","overlay-color":"","overlay-gradient":""},"tablet":{"background-color":"var(--ast-global-color-5)","background-image":"","background-repeat":"repeat","background-position":"center center","background-size":"auto","background-attachment":"scroll","background-type":"","background-media":"","overlay-type":"","overlay-color":"","overlay-gradient":""},"mobile":{"background-color":"var(--ast-global-color-5)","background-image":"","background-repeat":"repeat","background-position":"center center","background-size":"auto","background-attachment":"scroll","background-type":"","background-media":"","overlay-type":"","overlay-color":"","overlay-gradient":""}}},"product_cat":[140],"product_tag":[],"_links":{"self":[{"href":"https:\/\/silvertactical.hu\/sk\/wp-json\/wp\/v2\/product\/1518"}],"collection":[{"href":"https:\/\/silvertactical.hu\/sk\/wp-json\/wp\/v2\/product"}],"about":[{"href":"https:\/\/silvertactical.hu\/sk\/wp-json\/wp\/v2\/types\/product"}],"version-history":[{"count":2,"href":"https:\/\/silvertactical.hu\/sk\/wp-json\/wp\/v2\/product\/1518\/revisions"}],"predecessor-version":[{"id":5571,"href":"https:\/\/silvertactical.hu\/sk\/wp-json\/wp\/v2\/product\/1518\/revisions\/5571"}],"wp:featuredmedia":[{"embeddable":true,"href":"https:\/\/silvertactical.hu\/sk\/wp-json\/wp\/v2\/media\/5570"}],"wp:attachment":[{"href":"https:\/\/silvertactical.hu\/sk\/wp-json\/wp\/v2\/media?parent=1518"}],"wp:term":[{"taxonomy":"product_cat","embeddable":true,"href":"https:\/\/silvertactical.hu\/sk\/wp-json\/wp\/v2\/product_cat?post=1518"},{"taxonomy":"product_tag","embeddable":true,"href":"https:\/\/silvertactical.hu\/sk\/wp-json\/wp\/v2\/product_tag?post=1518"}],"curies":[{"name":"wp","href":"https:\/\/api.w.org\/{rel}","templated":true}]}}