{"id":7034,"date":"2024-10-09T07:36:29","date_gmt":"2024-10-09T07:36:29","guid":{"rendered":"https:\/\/silvertactical.hu\/?post_type=product&#038;p=7034"},"modified":"2024-10-09T07:50:23","modified_gmt":"2024-10-09T07:50:23","slug":"pentagon-astir-t-shirt-lion","status":"publish","type":"product","link":"https:\/\/silvertactical.hu\/sk\/item\/pentagon-astir-t-shirt-lion\/","title":{"rendered":"PENTAGON - ASTIR Tri\u010dko \"Lev\""},"content":{"rendered":"","protected":false},"excerpt":{"rendered":"<p><span class=\"Apple-converted-space\">ASTIR\u00a0<\/span><span style=\"color: #000000;\">T-shirt <\/span><\/p>\n<p><span style=\"color: #000000;\">Ide\u00e1lne na aktivity alebo prech\u00e1dzky po pl\u00e1\u017ei. Pr\u00edjemn\u00fd strih na telo a bavlnen\u00fd materi\u00e1l Ring Spun.<\/span><\/p>\n<p><span style=\"color: #000000;\">SPECIFICATIONS\u00a0<\/span><\/p>\n<ul>\n<li>\n<div><span style=\"color: #000000;\">165Gsm hmotnos\u0165 materi\u00e1lu<\/span><\/div>\n<\/li>\n<li>\n<div><span style=\"color: #000000;\">100% Ring-Spun bavlna<\/span><\/div>\n<\/li>\n<li>\n<div><span style=\"color: #000000;\">Comfort fit<\/span><\/div>\n<\/li>\n<li>\n<div><span style=\"color: #000000;\">Bez z\u00e1pachu<\/span><\/div>\n<\/li>\n<li>\n<div><span style=\"color: #000000;\">R\u00fdchle schnutie<\/span><\/div>\n<\/li>\n<\/ul>","protected":false},"featured_media":7037,"template":"","meta":{"site-sidebar-layout":"default","site-content-layout":"","ast-site-content-layout":"default","site-content-style":"default","site-sidebar-style":"default","ast-global-header-display":"","ast-banner-title-visibility":"","ast-main-header-display":"","ast-hfb-above-header-display":"","ast-hfb-below-header-display":"","ast-hfb-mobile-header-display":"","site-post-title":"","ast-breadcrumbs-content":"","ast-featured-img":"","footer-sml-layout":"","theme-transparent-header-meta":"default","adv-header-id-meta":"","stick-header-meta":"","header-above-stick-meta":"","header-main-stick-meta":"","header-below-stick-meta":"","astra-migrate-meta-layouts":"set","ast-page-background-enabled":"default","ast-page-background-meta":{"desktop":{"background-color":"","background-image":"","background-repeat":"repeat","background-position":"center center","background-size":"auto","background-attachment":"scroll","background-type":"","background-media":"","overlay-type":"","overlay-color":"","overlay-gradient":""},"tablet":{"background-color":"","background-image":"","background-repeat":"repeat","background-position":"center center","background-size":"auto","background-attachment":"scroll","background-type":"","background-media":"","overlay-type":"","overlay-color":"","overlay-gradient":""},"mobile":{"background-color":"","background-image":"","background-repeat":"repeat","background-position":"center center","background-size":"auto","background-attachment":"scroll","background-type":"","background-media":"","overlay-type":"","overlay-color":"","overlay-gradient":""}},"ast-content-background-meta":{"desktop":{"background-color":"var(--ast-global-color-5)","background-image":"","background-repeat":"repeat","background-position":"center center","background-size":"auto","background-attachment":"scroll","background-type":"","background-media":"","overlay-type":"","overlay-color":"","overlay-gradient":""},"tablet":{"background-color":"var(--ast-global-color-5)","background-image":"","background-repeat":"repeat","background-position":"center center","background-size":"auto","background-attachment":"scroll","background-type":"","background-media":"","overlay-type":"","overlay-color":"","overlay-gradient":""},"mobile":{"background-color":"var(--ast-global-color-5)","background-image":"","background-repeat":"repeat","background-position":"center center","background-size":"auto","background-attachment":"scroll","background-type":"","background-media":"","overlay-type":"","overlay-color":"","overlay-gradient":""}}},"product_cat":[32],"product_tag":[],"_links":{"self":[{"href":"https:\/\/silvertactical.hu\/sk\/wp-json\/wp\/v2\/product\/7034"}],"collection":[{"href":"https:\/\/silvertactical.hu\/sk\/wp-json\/wp\/v2\/product"}],"about":[{"href":"https:\/\/silvertactical.hu\/sk\/wp-json\/wp\/v2\/types\/product"}],"version-history":[{"count":5,"href":"https:\/\/silvertactical.hu\/sk\/wp-json\/wp\/v2\/product\/7034\/revisions"}],"predecessor-version":[{"id":7050,"href":"https:\/\/silvertactical.hu\/sk\/wp-json\/wp\/v2\/product\/7034\/revisions\/7050"}],"wp:featuredmedia":[{"embeddable":true,"href":"https:\/\/silvertactical.hu\/sk\/wp-json\/wp\/v2\/media\/7037"}],"wp:attachment":[{"href":"https:\/\/silvertactical.hu\/sk\/wp-json\/wp\/v2\/media?parent=7034"}],"wp:term":[{"taxonomy":"product_cat","embeddable":true,"href":"https:\/\/silvertactical.hu\/sk\/wp-json\/wp\/v2\/product_cat?post=7034"},{"taxonomy":"product_tag","embeddable":true,"href":"https:\/\/silvertactical.hu\/sk\/wp-json\/wp\/v2\/product_tag?post=7034"}],"curies":[{"name":"wp","href":"https:\/\/api.w.org\/{rel}","templated":true}]}}