{"id":7051,"date":"2024-10-09T08:47:24","date_gmt":"2024-10-09T08:47:24","guid":{"rendered":"https:\/\/silvertactical.hu\/?post_type=product&#038;p=7051"},"modified":"2024-10-09T08:48:34","modified_gmt":"2024-10-09T08:48:34","slug":"pentagon-astir-follow-the-leader-t-shirt","status":"publish","type":"product","link":"https:\/\/silvertactical.hu\/sk\/item\/pentagon-astir-follow-the-leader-t-shirt\/","title":{"rendered":"PENTAGON &#8211; ASTIR &#8220;Follow the Leader&#8221; T- Shirt"},"content":{"rendered":"","protected":false},"excerpt":{"rendered":"<p><strong><span class=\"Apple-converted-space\">ASTIR\u00a0<\/span><span style=\"color: #000000;\">T-shirt (Follow the Leader Stamp)<\/span><span style=\"color: #000000;\">,<\/span>\u00a0\u00a0<\/strong><\/p>\n<p><span style=\"color: #000000;\">Ide\u00e1lne na aktivity alebo prech\u00e1dzky po pl\u00e1\u017ei. Pr\u00edjemn\u00fd strih na telo a bavlnen\u00fd materi\u00e1l Ring Spun.<\/span><\/p>\n<p><strong><span style=\"color: #000000;\">SPECIFICATIONS<\/span>\u00a0<\/strong><\/p>\n<ul>\n<li>\n<div><span style=\"color: #000000;\">165Gsm hmotnos\u0165 materi\u00e1lu<\/span><\/div>\n<\/li>\n<li>\n<div><span style=\"color: #000000;\">100% Ring-Spun bavlna<\/span><\/div>\n<\/li>\n<li>\n<div><span style=\"color: #000000;\">Comfort fit<\/span><\/div>\n<\/li>\n<li>\n<div><span style=\"color: #000000;\">Bez z\u00e1pachu<\/span><\/div>\n<\/li>\n<li>\n<div><span style=\"color: #000000;\">R\u00fdchle schnutie<\/span><\/div>\n<\/li>\n<\/ul>","protected":false},"featured_media":6729,"template":"","meta":{"site-sidebar-layout":"default","site-content-layout":"","ast-site-content-layout":"default","site-content-style":"default","site-sidebar-style":"default","ast-global-header-display":"","ast-banner-title-visibility":"","ast-main-header-display":"","ast-hfb-above-header-display":"","ast-hfb-below-header-display":"","ast-hfb-mobile-header-display":"","site-post-title":"","ast-breadcrumbs-content":"","ast-featured-img":"","footer-sml-layout":"","theme-transparent-header-meta":"default","adv-header-id-meta":"","stick-header-meta":"","header-above-stick-meta":"","header-main-stick-meta":"","header-below-stick-meta":"","astra-migrate-meta-layouts":"set","ast-page-background-enabled":"default","ast-page-background-meta":{"desktop":{"background-color":"","background-image":"","background-repeat":"repeat","background-position":"center center","background-size":"auto","background-attachment":"scroll","background-type":"","background-media":"","overlay-type":"","overlay-color":"","overlay-gradient":""},"tablet":{"background-color":"","background-image":"","background-repeat":"repeat","background-position":"center center","background-size":"auto","background-attachment":"scroll","background-type":"","background-media":"","overlay-type":"","overlay-color":"","overlay-gradient":""},"mobile":{"background-color":"","background-image":"","background-repeat":"repeat","background-position":"center center","background-size":"auto","background-attachment":"scroll","background-type":"","background-media":"","overlay-type":"","overlay-color":"","overlay-gradient":""}},"ast-content-background-meta":{"desktop":{"background-color":"var(--ast-global-color-5)","background-image":"","background-repeat":"repeat","background-position":"center center","background-size":"auto","background-attachment":"scroll","background-type":"","background-media":"","overlay-type":"","overlay-color":"","overlay-gradient":""},"tablet":{"background-color":"var(--ast-global-color-5)","background-image":"","background-repeat":"repeat","background-position":"center center","background-size":"auto","background-attachment":"scroll","background-type":"","background-media":"","overlay-type":"","overlay-color":"","overlay-gradient":""},"mobile":{"background-color":"var(--ast-global-color-5)","background-image":"","background-repeat":"repeat","background-position":"center center","background-size":"auto","background-attachment":"scroll","background-type":"","background-media":"","overlay-type":"","overlay-color":"","overlay-gradient":""}}},"product_cat":[32],"product_tag":[],"_links":{"self":[{"href":"https:\/\/silvertactical.hu\/sk\/wp-json\/wp\/v2\/product\/7051"}],"collection":[{"href":"https:\/\/silvertactical.hu\/sk\/wp-json\/wp\/v2\/product"}],"about":[{"href":"https:\/\/silvertactical.hu\/sk\/wp-json\/wp\/v2\/types\/product"}],"version-history":[{"count":2,"href":"https:\/\/silvertactical.hu\/sk\/wp-json\/wp\/v2\/product\/7051\/revisions"}],"predecessor-version":[{"id":7056,"href":"https:\/\/silvertactical.hu\/sk\/wp-json\/wp\/v2\/product\/7051\/revisions\/7056"}],"wp:featuredmedia":[{"embeddable":true,"href":"https:\/\/silvertactical.hu\/sk\/wp-json\/wp\/v2\/media\/6729"}],"wp:attachment":[{"href":"https:\/\/silvertactical.hu\/sk\/wp-json\/wp\/v2\/media?parent=7051"}],"wp:term":[{"taxonomy":"product_cat","embeddable":true,"href":"https:\/\/silvertactical.hu\/sk\/wp-json\/wp\/v2\/product_cat?post=7051"},{"taxonomy":"product_tag","embeddable":true,"href":"https:\/\/silvertactical.hu\/sk\/wp-json\/wp\/v2\/product_tag?post=7051"}],"curies":[{"name":"wp","href":"https:\/\/api.w.org\/{rel}","templated":true}]}}