{"id":7071,"date":"2024-10-10T08:26:51","date_gmt":"2024-10-10T08:26:51","guid":{"rendered":"https:\/\/silvertactical.hu\/?post_type=product&#038;p=7071"},"modified":"2024-10-10T08:28:59","modified_gmt":"2024-10-10T08:28:59","slug":"pentagon-romeo-2-0-henley-polo-ing","status":"publish","type":"product","link":"https:\/\/silvertactical.hu\/sk\/item\/pentagon-romeo-2-0-henley-polo-ing\/","title":{"rendered":"PENTAGON \u2013 ROMEO 2.0 HENLEY poloko\u0161ele"},"content":{"rendered":"","protected":false},"excerpt":{"rendered":"<p><strong>ROMEO Henley Shirt<\/strong><\/p>\n<p>Elevate your wardrobe with the\u00a0<strong><u>Romeo Henley Shirt<\/u><\/strong>Pozdvihnite svoj \u0161atn\u00edk ko\u0161e\u013eou Romeo Henley, dokonalou zmesou \u0161t\u00fdlu, pohodlia a sofistikovanosti. T\u00e1to ko\u0161e\u013ea vyroben\u00e1 zo 100% bavlny vysokej kvality pon\u00faka hmotnos\u0165 tkaniny takmer 190 GSM, poskytuje v\u00fdnimo\u010dn\u00fa stabilitu a rafinovan\u00fd vzh\u013ead.<\/p>\n<p><strong>Premium Fabric:<\/strong>\u00a0Made from high-grade cotton, the\u00a0<strong>Romeo Henley\u00a0<\/strong>Premium Fabric: Vyroben\u00e9 z vysoko kvalitnej bavlny, Romeo Henley zais\u0165uje m\u00e4kk\u00fd a luxusn\u00fd pocit na poko\u017eke. Hmotnos\u0165 tkaniny 190 GSM dod\u00e1va odolnos\u0165 a \u0161trukt\u00faru, v\u010faka \u010domu je z\u00e1kladn\u00fdm k\u00faskom ka\u017ed\u00e9ho \u0161atn\u00edka.<\/p>\n<p><strong>Elegant Design:<\/strong>\u00a0Elegantn\u00fd dizajn: T\u00e1to ko\u0161e\u013ea so svie\u017eim a \u0161t\u00fdlov\u00fdm mandar\u00ednkov\u00fdm golierom s l\u00e9gou na dva gomb\u00edky vy\u017earuje nad\u010dasov\u00fa eleganciu a modern\u00fd n\u00e1dych.<\/p>\n<p><strong>Comfort and Freshness:<\/strong>\u00a0The\u00a0<strong>ROMEO Henley\u00a0<\/strong>incorporates an odorless material process, keeping you feeling fresh throughout the day. Its regular fit offers a comfortable yet tailored look, suitable for various occasions.<\/p>\n<p><strong>Certified Quality<\/strong>: The fabric is certified under\u00a0<strong>OEKO-TEX 100<\/strong>, ensuring it meets high safety and environmental standards.<\/p>\n<p>Perfect for both casual outings and more formal gatherings, the\u00a0<strong>Romeo Henley Shirt\u00a0<\/strong>combines versatility with a touch of sophistication, making it an essential addition to your fashion repertoire.<\/p>\n<p><strong><u>FEATURES<\/u><\/strong><\/p>\n<ul>\n<li>100% high grade Cotton<\/li>\n<li>190gsm fabric weight<\/li>\n<li>Odorless material<\/li>\n<li>2 Button design placket<\/li>\n<li>Mandarin Collar pattern<\/li>\n<li>OEKO TEX 100 certification<\/li>\n<li>Regular fitting<\/li>\n<\/ul>","protected":false},"featured_media":7072,"template":"","meta":{"site-sidebar-layout":"default","site-content-layout":"","ast-site-content-layout":"default","site-content-style":"default","site-sidebar-style":"default","ast-global-header-display":"","ast-banner-title-visibility":"","ast-main-header-display":"","ast-hfb-above-header-display":"","ast-hfb-below-header-display":"","ast-hfb-mobile-header-display":"","site-post-title":"","ast-breadcrumbs-content":"","ast-featured-img":"","footer-sml-layout":"","theme-transparent-header-meta":"default","adv-header-id-meta":"","stick-header-meta":"","header-above-stick-meta":"","header-main-stick-meta":"","header-below-stick-meta":"","astra-migrate-meta-layouts":"set","ast-page-background-enabled":"default","ast-page-background-meta":{"desktop":{"background-color":"","background-image":"","background-repeat":"repeat","background-position":"center center","background-size":"auto","background-attachment":"scroll","background-type":"","background-media":"","overlay-type":"","overlay-color":"","overlay-gradient":""},"tablet":{"background-color":"","background-image":"","background-repeat":"repeat","background-position":"center center","background-size":"auto","background-attachment":"scroll","background-type":"","background-media":"","overlay-type":"","overlay-color":"","overlay-gradient":""},"mobile":{"background-color":"","background-image":"","background-repeat":"repeat","background-position":"center center","background-size":"auto","background-attachment":"scroll","background-type":"","background-media":"","overlay-type":"","overlay-color":"","overlay-gradient":""}},"ast-content-background-meta":{"desktop":{"background-color":"var(--ast-global-color-5)","background-image":"","background-repeat":"repeat","background-position":"center center","background-size":"auto","background-attachment":"scroll","background-type":"","background-media":"","overlay-type":"","overlay-color":"","overlay-gradient":""},"tablet":{"background-color":"var(--ast-global-color-5)","background-image":"","background-repeat":"repeat","background-position":"center center","background-size":"auto","background-attachment":"scroll","background-type":"","background-media":"","overlay-type":"","overlay-color":"","overlay-gradient":""},"mobile":{"background-color":"var(--ast-global-color-5)","background-image":"","background-repeat":"repeat","background-position":"center center","background-size":"auto","background-attachment":"scroll","background-type":"","background-media":"","overlay-type":"","overlay-color":"","overlay-gradient":""}}},"product_cat":[109],"product_tag":[],"_links":{"self":[{"href":"https:\/\/silvertactical.hu\/sk\/wp-json\/wp\/v2\/product\/7071"}],"collection":[{"href":"https:\/\/silvertactical.hu\/sk\/wp-json\/wp\/v2\/product"}],"about":[{"href":"https:\/\/silvertactical.hu\/sk\/wp-json\/wp\/v2\/types\/product"}],"version-history":[{"count":3,"href":"https:\/\/silvertactical.hu\/sk\/wp-json\/wp\/v2\/product\/7071\/revisions"}],"predecessor-version":[{"id":7079,"href":"https:\/\/silvertactical.hu\/sk\/wp-json\/wp\/v2\/product\/7071\/revisions\/7079"}],"wp:featuredmedia":[{"embeddable":true,"href":"https:\/\/silvertactical.hu\/sk\/wp-json\/wp\/v2\/media\/7072"}],"wp:attachment":[{"href":"https:\/\/silvertactical.hu\/sk\/wp-json\/wp\/v2\/media?parent=7071"}],"wp:term":[{"taxonomy":"product_cat","embeddable":true,"href":"https:\/\/silvertactical.hu\/sk\/wp-json\/wp\/v2\/product_cat?post=7071"},{"taxonomy":"product_tag","embeddable":true,"href":"https:\/\/silvertactical.hu\/sk\/wp-json\/wp\/v2\/product_tag?post=7071"}],"curies":[{"name":"wp","href":"https:\/\/api.w.org\/{rel}","templated":true}]}}