{"id":7213,"date":"2024-10-20T10:18:30","date_gmt":"2024-10-20T10:18:30","guid":{"rendered":"https:\/\/silvertactical.hu\/?post_type=product&#038;p=7213"},"modified":"2024-12-11T16:02:07","modified_gmt":"2024-12-11T16:02:07","slug":"helikon-tex-covert-tactical-hoodie","status":"publish","type":"product","link":"https:\/\/silvertactical.hu\/sk\/item\/helikon-tex-covert-tactical-hoodie\/","title":{"rendered":"HELIKON TEX &#8211; Covert Tactical Hoodie"},"content":{"rendered":"","protected":false},"excerpt":{"rendered":"<p>COVERT TACTICAL HOODIE\u00ae je \u013eahk\u00e1 bunda s kapuc\u0148ou na zips a tie\u017e najviac \"civilne\" vyzeraj\u00faca v na\u0161om sortimente. V\u010faka jednoduch\u00e9mu n\u00edzkoprofilov\u00e9mu strihu, stre\u010dov\u00e9mu materi\u00e1lu a starostlivo vybran\u00fdm farb\u00e1m je t\u00e1to mikina ide\u00e1lna na ak\u00fako\u013evek mestsk\u00fa aktivitu. Dve klasick\u00e9 predn\u00e9 vreck\u00e1 pojm\u00fa v\u0161etky n\u00e1le\u017eitosti, ktor\u00e9 potrebuj\u00fa r\u00fdchly a jednoduch\u00fd pr\u00edstup, ale daj\u00fa sa pou\u017ei\u0165 aj ako vrecko na zahriatie r\u00fak v chladn\u00fdch d\u0148och; navy\u0161e tieto vreck\u00e1 maj\u00fa men\u0161ie skryt\u00e9 vreck\u00e1 na zips. Dve vn\u00fatorn\u00e9 sie\u0165ovan\u00e9 vreck\u00e1 pojm\u00fa va\u0161u pe\u0148a\u017eenku alebo doklady, tak\u017ee je \u0165a\u017ek\u00e9 ich ukradn\u00fa\u0165 alebo strati\u0165. Vreck\u00e1 na ramen\u00e1ch sa zap\u00ednaj\u00fa na skryt\u00e9 zipsy, ktor\u00e9 s\u00fa z dia\u013eky takmer nevidite\u013en\u00e9<\/p>\n<p>Podrobnosti:<br \/>\nElastick\u00e9 man\u017eety<br \/>\nVreck\u00e1 na zips vo v\u00fd\u0161ke bicepsu<br \/>\nNastavite\u013en\u00e1 kapuc\u0148a<br \/>\nYKK\u00ae zips<br \/>\nMade of Polyester<br \/>\nVe\u013ek\u00e9 predn\u00e9 vreck\u00e1 s vn\u00fatorn\u00fdmi vreckami na zips<br \/>\nVn\u00fatorn\u00e9 sie\u0165ovan\u00e9 vreck\u00e1<\/p>","protected":false},"featured_media":7222,"template":"","meta":{"site-sidebar-layout":"default","site-content-layout":"","ast-site-content-layout":"default","site-content-style":"default","site-sidebar-style":"default","ast-global-header-display":"","ast-banner-title-visibility":"","ast-main-header-display":"","ast-hfb-above-header-display":"","ast-hfb-below-header-display":"","ast-hfb-mobile-header-display":"","site-post-title":"","ast-breadcrumbs-content":"","ast-featured-img":"","footer-sml-layout":"","theme-transparent-header-meta":"default","adv-header-id-meta":"","stick-header-meta":"","header-above-stick-meta":"","header-main-stick-meta":"","header-below-stick-meta":"","astra-migrate-meta-layouts":"set","ast-page-background-enabled":"default","ast-page-background-meta":{"desktop":{"background-color":"","background-image":"","background-repeat":"repeat","background-position":"center center","background-size":"auto","background-attachment":"scroll","background-type":"","background-media":"","overlay-type":"","overlay-color":"","overlay-gradient":""},"tablet":{"background-color":"","background-image":"","background-repeat":"repeat","background-position":"center center","background-size":"auto","background-attachment":"scroll","background-type":"","background-media":"","overlay-type":"","overlay-color":"","overlay-gradient":""},"mobile":{"background-color":"","background-image":"","background-repeat":"repeat","background-position":"center center","background-size":"auto","background-attachment":"scroll","background-type":"","background-media":"","overlay-type":"","overlay-color":"","overlay-gradient":""}},"ast-content-background-meta":{"desktop":{"background-color":"var(--ast-global-color-5)","background-image":"","background-repeat":"repeat","background-position":"center center","background-size":"auto","background-attachment":"scroll","background-type":"","background-media":"","overlay-type":"","overlay-color":"","overlay-gradient":""},"tablet":{"background-color":"var(--ast-global-color-5)","background-image":"","background-repeat":"repeat","background-position":"center center","background-size":"auto","background-attachment":"scroll","background-type":"","background-media":"","overlay-type":"","overlay-color":"","overlay-gradient":""},"mobile":{"background-color":"var(--ast-global-color-5)","background-image":"","background-repeat":"repeat","background-position":"center center","background-size":"auto","background-attachment":"scroll","background-type":"","background-media":"","overlay-type":"","overlay-color":"","overlay-gradient":""}}},"product_cat":[38,33,101],"product_tag":[12162,12160,12161,12158,12159,12157,12163,12156],"_links":{"self":[{"href":"https:\/\/silvertactical.hu\/sk\/wp-json\/wp\/v2\/product\/7213"}],"collection":[{"href":"https:\/\/silvertactical.hu\/sk\/wp-json\/wp\/v2\/product"}],"about":[{"href":"https:\/\/silvertactical.hu\/sk\/wp-json\/wp\/v2\/types\/product"}],"version-history":[{"count":2,"href":"https:\/\/silvertactical.hu\/sk\/wp-json\/wp\/v2\/product\/7213\/revisions"}],"predecessor-version":[{"id":7271,"href":"https:\/\/silvertactical.hu\/sk\/wp-json\/wp\/v2\/product\/7213\/revisions\/7271"}],"wp:featuredmedia":[{"embeddable":true,"href":"https:\/\/silvertactical.hu\/sk\/wp-json\/wp\/v2\/media\/7222"}],"wp:attachment":[{"href":"https:\/\/silvertactical.hu\/sk\/wp-json\/wp\/v2\/media?parent=7213"}],"wp:term":[{"taxonomy":"product_cat","embeddable":true,"href":"https:\/\/silvertactical.hu\/sk\/wp-json\/wp\/v2\/product_cat?post=7213"},{"taxonomy":"product_tag","embeddable":true,"href":"https:\/\/silvertactical.hu\/sk\/wp-json\/wp\/v2\/product_tag?post=7213"}],"curies":[{"name":"wp","href":"https:\/\/api.w.org\/{rel}","templated":true}]}}