{"id":7229,"date":"2024-10-21T09:50:24","date_gmt":"2024-10-21T09:50:24","guid":{"rendered":"https:\/\/silvertactical.hu\/?post_type=product&#038;p=7229"},"modified":"2024-11-02T00:00:17","modified_gmt":"2024-11-02T00:00:17","slug":"helikon-tex-patriot-jacket-double-fleece-2","status":"publish","type":"product","link":"https:\/\/silvertactical.hu\/sk\/item\/helikon-tex-patriot-jacket-double-fleece-2\/","title":{"rendered":"HELIKON TEX &#8211; Patriot Jacket Double Fleece"},"content":{"rendered":"","protected":false},"excerpt":{"rendered":"<h2 class=\"section-title\">Popis<\/h2>\n<div class=\"inner-clear\">\n<p>Patriot Heavy Fleece Jacket je najpokro\u010dilej\u0161ia fleecov\u00e1 bunda v na\u0161om sortimente. Navrhnut\u00e9 pre taktick\u00e9 pou\u017eitie v extr\u00e9mnych poveternostn\u00fdch podmienkach. Bunda m\u00e1 nastavite\u013en\u00fa kapuc\u0148u s malou kapuc\u0148ou a vreck\u00e1 na taktick\u00fa v\u00fdstroj. N\u00e1prsn\u00e9 vreck\u00e1 maj\u00fa otvory na v\u00fdstup k\u00e1bla sl\u00fachadiel a mal\u00e9 organiz\u00e9ry na zariadenia. Tri vonkaj\u0161ie vreck\u00e1 na \u013eahko dostupn\u00fdch miestach a na \u013eavom hornom a dolnom ruk\u00e1ve umo\u017e\u0148uj\u00fa \u010fal\u0161ie ulo\u017eenie. Lakte s\u00fa vystu\u017een\u00e9 pre v\u00e4\u010d\u0161iu odolnos\u0165 proti opotrebovaniu. Man\u017eety bundy je mo\u017en\u00e9 individu\u00e1lne nastavi\u0165 pomocou such\u00e9ho zipsu a elastick\u00fdch \u0161n\u00farok v kapucni a spodnej \u010dasti bundy. Patriot je v\u0161estrann\u00e9 a odoln\u00e9 vrchn\u00e9 oble\u010denie vhodn\u00e9 do chladn\u00e9ho podnebia.<\/p>\n<p class=\" translation-block\">Features:<br>\r\nProfiled elbow reinforcements<br>\r\nLoop panel on sleeves for personalization<br>\r\nZippered pocket on left forearm<br>\r\nZippered pockets placed bicep-high<br>\r\nElastic adjustment on the jackets bottom<br>\r\nSide zippered chest pockets with wiring eyelets, d-rings and electronic device pockets<br>\r\nHighly warming<br>\r\nAdjustable cuffs with hook&amp;loops<br>\r\nAdjustable hood<br>\r\nVentilation zippers in armpits<br>\r\nZippered back tunnel pocket<\/p>\n<\/div>","protected":false},"featured_media":7237,"template":"","meta":{"site-sidebar-layout":"default","site-content-layout":"","ast-site-content-layout":"default","site-content-style":"default","site-sidebar-style":"default","ast-global-header-display":"","ast-banner-title-visibility":"","ast-main-header-display":"","ast-hfb-above-header-display":"","ast-hfb-below-header-display":"","ast-hfb-mobile-header-display":"","site-post-title":"","ast-breadcrumbs-content":"","ast-featured-img":"","footer-sml-layout":"","theme-transparent-header-meta":"default","adv-header-id-meta":"","stick-header-meta":"","header-above-stick-meta":"","header-main-stick-meta":"","header-below-stick-meta":"","astra-migrate-meta-layouts":"set","ast-page-background-enabled":"default","ast-page-background-meta":{"desktop":{"background-color":"","background-image":"","background-repeat":"repeat","background-position":"center center","background-size":"auto","background-attachment":"scroll","background-type":"","background-media":"","overlay-type":"","overlay-color":"","overlay-gradient":""},"tablet":{"background-color":"","background-image":"","background-repeat":"repeat","background-position":"center center","background-size":"auto","background-attachment":"scroll","background-type":"","background-media":"","overlay-type":"","overlay-color":"","overlay-gradient":""},"mobile":{"background-color":"","background-image":"","background-repeat":"repeat","background-position":"center center","background-size":"auto","background-attachment":"scroll","background-type":"","background-media":"","overlay-type":"","overlay-color":"","overlay-gradient":""}},"ast-content-background-meta":{"desktop":{"background-color":"var(--ast-global-color-5)","background-image":"","background-repeat":"repeat","background-position":"center center","background-size":"auto","background-attachment":"scroll","background-type":"","background-media":"","overlay-type":"","overlay-color":"","overlay-gradient":""},"tablet":{"background-color":"var(--ast-global-color-5)","background-image":"","background-repeat":"repeat","background-position":"center center","background-size":"auto","background-attachment":"scroll","background-type":"","background-media":"","overlay-type":"","overlay-color":"","overlay-gradient":""},"mobile":{"background-color":"var(--ast-global-color-5)","background-image":"","background-repeat":"repeat","background-position":"center center","background-size":"auto","background-attachment":"scroll","background-type":"","background-media":"","overlay-type":"","overlay-color":"","overlay-gradient":""}}},"product_cat":[38],"product_tag":[],"_links":{"self":[{"href":"https:\/\/silvertactical.hu\/sk\/wp-json\/wp\/v2\/product\/7229"}],"collection":[{"href":"https:\/\/silvertactical.hu\/sk\/wp-json\/wp\/v2\/product"}],"about":[{"href":"https:\/\/silvertactical.hu\/sk\/wp-json\/wp\/v2\/types\/product"}],"version-history":[{"count":2,"href":"https:\/\/silvertactical.hu\/sk\/wp-json\/wp\/v2\/product\/7229\/revisions"}],"predecessor-version":[{"id":7241,"href":"https:\/\/silvertactical.hu\/sk\/wp-json\/wp\/v2\/product\/7229\/revisions\/7241"}],"wp:featuredmedia":[{"embeddable":true,"href":"https:\/\/silvertactical.hu\/sk\/wp-json\/wp\/v2\/media\/7237"}],"wp:attachment":[{"href":"https:\/\/silvertactical.hu\/sk\/wp-json\/wp\/v2\/media?parent=7229"}],"wp:term":[{"taxonomy":"product_cat","embeddable":true,"href":"https:\/\/silvertactical.hu\/sk\/wp-json\/wp\/v2\/product_cat?post=7229"},{"taxonomy":"product_tag","embeddable":true,"href":"https:\/\/silvertactical.hu\/sk\/wp-json\/wp\/v2\/product_tag?post=7229"}],"curies":[{"name":"wp","href":"https:\/\/api.w.org\/{rel}","templated":true}]}}