{"id":7242,"date":"2024-10-21T10:43:31","date_gmt":"2024-10-21T10:43:31","guid":{"rendered":"https:\/\/silvertactical.hu\/?post_type=product&#038;p=7242"},"modified":"2024-11-02T00:00:18","modified_gmt":"2024-11-02T00:00:18","slug":"helikon-tex-urban-tactical-hoodie-lite-kangaroo","status":"publish","type":"product","link":"https:\/\/silvertactical.hu\/sk\/item\/helikon-tex-urban-tactical-hoodie-lite-kangaroo\/","title":{"rendered":"HELIKON TEX &#8211; Urban Tactical Hoodie Lite (kangaroo)"},"content":{"rendered":"","protected":false},"excerpt":{"rendered":"<p>Urban Tactical Hoodie Lite (Kangaroo) je navrhnut\u00e1 pre skryt\u00e9 oper\u00e1cie v mestskom prostred\u00ed. Ocenia ho aj t\u00ed, ktor\u00ed h\u013eadaj\u00fa klasicky \u0161it\u00e9 oble\u010denie umo\u017e\u0148uj\u00face pohodln\u00e9 nosenie ku ka\u017edodenn\u00e9mu outfitu. V\u010faka pou\u017eitiu elastickej l\u00e1tky zvr\u0161ok neobmedzuje v pohybe a men\u0161ie vreck\u00e1 v klokani vrecku v\u00e1m umo\u017enia organizova\u0165 si v\u00fdbavu a chr\u00e1ni\u0165 ju po\u010das akcie. Nad hlavn\u00fdm vreckom je vrecko na zips, ide\u00e1lne na pren\u00e1\u0161anie dokladov alebo pe\u0148a\u017eenky. Obe ramen\u00e1 maj\u00fa diskr\u00e9tne vreck\u00e1 na drobnosti a panely so such\u00fdm zipsom na pripevnenie patch. V\u010faka zmesi bavlny a polyesteru, ktor\u00fa pou\u017e\u00edvame, mikina r\u00fdchlo schne, tak\u017ee bude ide\u00e1lna aj na tr\u00e9ning v chladnej\u0161\u00edch d\u0148och.<\/p>\n<p class=\" translation-block\">Features:<br>\r\nElastic cuffs<br>\r\nAdjustable hood<br>\r\nYKK\u00ae zippers<\/p>","protected":false},"featured_media":7249,"template":"","meta":{"site-sidebar-layout":"default","site-content-layout":"","ast-site-content-layout":"default","site-content-style":"default","site-sidebar-style":"default","ast-global-header-display":"","ast-banner-title-visibility":"","ast-main-header-display":"","ast-hfb-above-header-display":"","ast-hfb-below-header-display":"","ast-hfb-mobile-header-display":"","site-post-title":"","ast-breadcrumbs-content":"","ast-featured-img":"","footer-sml-layout":"","theme-transparent-header-meta":"default","adv-header-id-meta":"","stick-header-meta":"","header-above-stick-meta":"","header-main-stick-meta":"","header-below-stick-meta":"","astra-migrate-meta-layouts":"set","ast-page-background-enabled":"default","ast-page-background-meta":{"desktop":{"background-color":"","background-image":"","background-repeat":"repeat","background-position":"center center","background-size":"auto","background-attachment":"scroll","background-type":"","background-media":"","overlay-type":"","overlay-color":"","overlay-gradient":""},"tablet":{"background-color":"","background-image":"","background-repeat":"repeat","background-position":"center center","background-size":"auto","background-attachment":"scroll","background-type":"","background-media":"","overlay-type":"","overlay-color":"","overlay-gradient":""},"mobile":{"background-color":"","background-image":"","background-repeat":"repeat","background-position":"center center","background-size":"auto","background-attachment":"scroll","background-type":"","background-media":"","overlay-type":"","overlay-color":"","overlay-gradient":""}},"ast-content-background-meta":{"desktop":{"background-color":"var(--ast-global-color-5)","background-image":"","background-repeat":"repeat","background-position":"center center","background-size":"auto","background-attachment":"scroll","background-type":"","background-media":"","overlay-type":"","overlay-color":"","overlay-gradient":""},"tablet":{"background-color":"var(--ast-global-color-5)","background-image":"","background-repeat":"repeat","background-position":"center center","background-size":"auto","background-attachment":"scroll","background-type":"","background-media":"","overlay-type":"","overlay-color":"","overlay-gradient":""},"mobile":{"background-color":"var(--ast-global-color-5)","background-image":"","background-repeat":"repeat","background-position":"center center","background-size":"auto","background-attachment":"scroll","background-type":"","background-media":"","overlay-type":"","overlay-color":"","overlay-gradient":""}}},"product_cat":[38],"product_tag":[],"_links":{"self":[{"href":"https:\/\/silvertactical.hu\/sk\/wp-json\/wp\/v2\/product\/7242"}],"collection":[{"href":"https:\/\/silvertactical.hu\/sk\/wp-json\/wp\/v2\/product"}],"about":[{"href":"https:\/\/silvertactical.hu\/sk\/wp-json\/wp\/v2\/types\/product"}],"version-history":[{"count":1,"href":"https:\/\/silvertactical.hu\/sk\/wp-json\/wp\/v2\/product\/7242\/revisions"}],"predecessor-version":[{"id":7251,"href":"https:\/\/silvertactical.hu\/sk\/wp-json\/wp\/v2\/product\/7242\/revisions\/7251"}],"wp:featuredmedia":[{"embeddable":true,"href":"https:\/\/silvertactical.hu\/sk\/wp-json\/wp\/v2\/media\/7249"}],"wp:attachment":[{"href":"https:\/\/silvertactical.hu\/sk\/wp-json\/wp\/v2\/media?parent=7242"}],"wp:term":[{"taxonomy":"product_cat","embeddable":true,"href":"https:\/\/silvertactical.hu\/sk\/wp-json\/wp\/v2\/product_cat?post=7242"},{"taxonomy":"product_tag","embeddable":true,"href":"https:\/\/silvertactical.hu\/sk\/wp-json\/wp\/v2\/product_tag?post=7242"}],"curies":[{"name":"wp","href":"https:\/\/api.w.org\/{rel}","templated":true}]}}