{"id":7252,"date":"2024-10-21T11:32:25","date_gmt":"2024-10-21T11:32:25","guid":{"rendered":"https:\/\/silvertactical.hu\/?post_type=product&#038;p=7252"},"modified":"2024-11-02T00:00:18","modified_gmt":"2024-11-02T00:00:18","slug":"helikon-tex-tactical-t-shirt-topcool-2","status":"publish","type":"product","link":"https:\/\/silvertactical.hu\/sk\/item\/helikon-tex-tactical-t-shirt-topcool-2\/","title":{"rendered":"HELIKON TEX &#8211; TACTICAL T-Shirt &#8211; TopCool"},"content":{"rendered":"","protected":false},"excerpt":{"rendered":"<p>\u010co rob\u00ed z le\u017e\u00e9rneho tri\u010dka taktick\u00e9 tri\u010dko? Kv\u00f4li nieko\u013ek\u00fdm veciam. Po prv\u00e9: je vyroben\u00fd z polyesterov\u00e9ho materi\u00e1lu potiahnut\u00e9ho technol\u00f3giou Topcool, \u010do znamen\u00e1, \u017ee odv\u00e1dza vlhkos\u0165 od tela a r\u00fdchlo schne. Po druh\u00e9, m\u00e1 vreck\u00e1 na ruk\u00e1voch s dr\u017eiakmi na slne\u010dn\u00e9 okuliare. Po tretie, pod t\u00fdmito vreckami s\u00fa mal\u00e9 panely so such\u00fdm zipsom na prisp\u00f4sobenie. Dokonca aj logo HTX je diskr\u00e9tne vy\u0161it\u00e9 na spodnej \u010dasti tri\u010dka, tak\u017ee ho pou\u017e\u00edvate\u013e m\u00f4\u017ee v pr\u00edpade potreby odstr\u00e1ni\u0165. Sta\u010d\u00ed si vybra\u0165 po\u017eadovan\u00fa farbu a pou\u017ei\u0165 ju.<\/p>\n<p class=\" translation-block\">Features:<br>\r\nFast drying<br>\r\nBicep pockets<br>\r\nLoop panel for personalization<br>\r\nSunglasses loop<br>\r\nHighly breathable<\/p>","protected":false},"featured_media":7255,"template":"","meta":{"site-sidebar-layout":"no-sidebar","site-content-layout":"page-builder","ast-site-content-layout":"full-width-container","site-content-style":"default","site-sidebar-style":"default","ast-global-header-display":"","ast-banner-title-visibility":"","ast-main-header-display":"","ast-hfb-above-header-display":"","ast-hfb-below-header-display":"","ast-hfb-mobile-header-display":"","site-post-title":"disabled","ast-breadcrumbs-content":"","ast-featured-img":"disabled","footer-sml-layout":"","theme-transparent-header-meta":"default","adv-header-id-meta":"","stick-header-meta":"","header-above-stick-meta":"","header-main-stick-meta":"","header-below-stick-meta":"","astra-migrate-meta-layouts":"set","ast-page-background-enabled":"default","ast-page-background-meta":{"desktop":{"background-color":"","background-image":"","background-repeat":"repeat","background-position":"center center","background-size":"auto","background-attachment":"scroll","background-type":"","background-media":"","overlay-type":"","overlay-color":"","overlay-gradient":""},"tablet":{"background-color":"","background-image":"","background-repeat":"repeat","background-position":"center center","background-size":"auto","background-attachment":"scroll","background-type":"","background-media":"","overlay-type":"","overlay-color":"","overlay-gradient":""},"mobile":{"background-color":"","background-image":"","background-repeat":"repeat","background-position":"center center","background-size":"auto","background-attachment":"scroll","background-type":"","background-media":"","overlay-type":"","overlay-color":"","overlay-gradient":""}},"ast-content-background-meta":{"desktop":{"background-color":"var(--ast-global-color-5)","background-image":"","background-repeat":"repeat","background-position":"center center","background-size":"auto","background-attachment":"scroll","background-type":"","background-media":"","overlay-type":"","overlay-color":"","overlay-gradient":""},"tablet":{"background-color":"var(--ast-global-color-5)","background-image":"","background-repeat":"repeat","background-position":"center center","background-size":"auto","background-attachment":"scroll","background-type":"","background-media":"","overlay-type":"","overlay-color":"","overlay-gradient":""},"mobile":{"background-color":"var(--ast-global-color-5)","background-image":"","background-repeat":"repeat","background-position":"center center","background-size":"auto","background-attachment":"scroll","background-type":"","background-media":"","overlay-type":"","overlay-color":"","overlay-gradient":""}}},"product_cat":[32],"product_tag":[],"_links":{"self":[{"href":"https:\/\/silvertactical.hu\/sk\/wp-json\/wp\/v2\/product\/7252"}],"collection":[{"href":"https:\/\/silvertactical.hu\/sk\/wp-json\/wp\/v2\/product"}],"about":[{"href":"https:\/\/silvertactical.hu\/sk\/wp-json\/wp\/v2\/types\/product"}],"version-history":[{"count":1,"href":"https:\/\/silvertactical.hu\/sk\/wp-json\/wp\/v2\/product\/7252\/revisions"}],"predecessor-version":[{"id":7259,"href":"https:\/\/silvertactical.hu\/sk\/wp-json\/wp\/v2\/product\/7252\/revisions\/7259"}],"wp:featuredmedia":[{"embeddable":true,"href":"https:\/\/silvertactical.hu\/sk\/wp-json\/wp\/v2\/media\/7255"}],"wp:attachment":[{"href":"https:\/\/silvertactical.hu\/sk\/wp-json\/wp\/v2\/media?parent=7252"}],"wp:term":[{"taxonomy":"product_cat","embeddable":true,"href":"https:\/\/silvertactical.hu\/sk\/wp-json\/wp\/v2\/product_cat?post=7252"},{"taxonomy":"product_tag","embeddable":true,"href":"https:\/\/silvertactical.hu\/sk\/wp-json\/wp\/v2\/product_tag?post=7252"}],"curies":[{"name":"wp","href":"https:\/\/api.w.org\/{rel}","templated":true}]}}