{"id":7263,"date":"2024-10-23T08:25:39","date_gmt":"2024-10-23T08:25:39","guid":{"rendered":"https:\/\/silvertactical.hu\/?post_type=product&#038;p=7263"},"modified":"2024-10-30T19:48:07","modified_gmt":"2024-10-30T19:48:07","slug":"helikon-tex-range-beanie-cap","status":"publish","type":"product","link":"https:\/\/silvertactical.hu\/sk\/item\/helikon-tex-range-beanie-cap\/","title":{"rendered":"HELIKON TEX &#8211; Range Beanie Cap"},"content":{"rendered":"","protected":false},"excerpt":{"rendered":"<p>RANGE Beanie\u00ae je zalo\u017een\u00e1 na sl\u00e1vnej USMC Beanie. T\u00e1to \u010diapka je vyroben\u00e1 z \u013eahk\u00e9ho, priedu\u0161n\u00e9ho a napriek tomu ve\u013emi tepl\u00e9ho materi\u00e1lu Grid Fleece a je prisp\u00f4soben\u00e1 tak, aby dokonale sedela s ak\u00fdmko\u013evek chr\u00e1ni\u010dom sluchu. Na prednej a zadnej strane \u0161iltovky s\u00fa dva m\u00e4kk\u00e9 semi\u0161ov\u00e9 such\u00e9 zipsy na n\u00e1\u0161ivky. V hornej \u010dasti \u0161iltovky je mal\u00fd semi\u0161ov\u00fd \u0161tvorec pre n\u00e1\u0161ivku IFF. Okrem toho je na zadnej strane \u0161iltovky mal\u00e9 vrecko na zips na n\u00fadzov\u00e9 \u0161tuple do u\u0161\u00ed alebo in\u00e9 podobn\u00e9 drobnosti. Vzadu priamo pod such\u00fdm zipsom je p\u00fatko na \u0161n\u00farku, pomocou ktor\u00e9ho m\u00f4\u017eete \u010diapku zavesi\u0165 na karab\u00ednku. V\u010faka mal\u00fdm rozmerom \u010diapky ju m\u00f4\u017eete ma\u0165 st\u00e1le pri sebe.<\/p>\n<p class=\" translation-block\">Features:<br>\r\nMade of lightweight grid fleece<br>\r\nVelour velcro panels on front and back for personalization<br>\r\nSmall velour panel on top of the cap for IFF<br>\r\nSmall pocket on the back for emergency ear plugs of other similar small items<br>\r\nCord loop on the back for hanging the cap on carabiner<\/p>","protected":false},"featured_media":7266,"template":"","meta":{"site-sidebar-layout":"default","site-content-layout":"","ast-site-content-layout":"default","site-content-style":"default","site-sidebar-style":"default","ast-global-header-display":"","ast-banner-title-visibility":"","ast-main-header-display":"","ast-hfb-above-header-display":"","ast-hfb-below-header-display":"","ast-hfb-mobile-header-display":"","site-post-title":"","ast-breadcrumbs-content":"","ast-featured-img":"","footer-sml-layout":"","theme-transparent-header-meta":"default","adv-header-id-meta":"","stick-header-meta":"","header-above-stick-meta":"","header-main-stick-meta":"","header-below-stick-meta":"","astra-migrate-meta-layouts":"set","ast-page-background-enabled":"default","ast-page-background-meta":{"desktop":{"background-color":"","background-image":"","background-repeat":"repeat","background-position":"center center","background-size":"auto","background-attachment":"scroll","background-type":"","background-media":"","overlay-type":"","overlay-color":"","overlay-gradient":""},"tablet":{"background-color":"","background-image":"","background-repeat":"repeat","background-position":"center center","background-size":"auto","background-attachment":"scroll","background-type":"","background-media":"","overlay-type":"","overlay-color":"","overlay-gradient":""},"mobile":{"background-color":"","background-image":"","background-repeat":"repeat","background-position":"center center","background-size":"auto","background-attachment":"scroll","background-type":"","background-media":"","overlay-type":"","overlay-color":"","overlay-gradient":""}},"ast-content-background-meta":{"desktop":{"background-color":"var(--ast-global-color-5)","background-image":"","background-repeat":"repeat","background-position":"center center","background-size":"auto","background-attachment":"scroll","background-type":"","background-media":"","overlay-type":"","overlay-color":"","overlay-gradient":""},"tablet":{"background-color":"var(--ast-global-color-5)","background-image":"","background-repeat":"repeat","background-position":"center center","background-size":"auto","background-attachment":"scroll","background-type":"","background-media":"","overlay-type":"","overlay-color":"","overlay-gradient":""},"mobile":{"background-color":"var(--ast-global-color-5)","background-image":"","background-repeat":"repeat","background-position":"center center","background-size":"auto","background-attachment":"scroll","background-type":"","background-media":"","overlay-type":"","overlay-color":"","overlay-gradient":""}}},"product_cat":[93],"product_tag":[],"_links":{"self":[{"href":"https:\/\/silvertactical.hu\/sk\/wp-json\/wp\/v2\/product\/7263"}],"collection":[{"href":"https:\/\/silvertactical.hu\/sk\/wp-json\/wp\/v2\/product"}],"about":[{"href":"https:\/\/silvertactical.hu\/sk\/wp-json\/wp\/v2\/types\/product"}],"version-history":[{"count":1,"href":"https:\/\/silvertactical.hu\/sk\/wp-json\/wp\/v2\/product\/7263\/revisions"}],"predecessor-version":[{"id":7269,"href":"https:\/\/silvertactical.hu\/sk\/wp-json\/wp\/v2\/product\/7263\/revisions\/7269"}],"wp:featuredmedia":[{"embeddable":true,"href":"https:\/\/silvertactical.hu\/sk\/wp-json\/wp\/v2\/media\/7266"}],"wp:attachment":[{"href":"https:\/\/silvertactical.hu\/sk\/wp-json\/wp\/v2\/media?parent=7263"}],"wp:term":[{"taxonomy":"product_cat","embeddable":true,"href":"https:\/\/silvertactical.hu\/sk\/wp-json\/wp\/v2\/product_cat?post=7263"},{"taxonomy":"product_tag","embeddable":true,"href":"https:\/\/silvertactical.hu\/sk\/wp-json\/wp\/v2\/product_tag?post=7263"}],"curies":[{"name":"wp","href":"https:\/\/api.w.org\/{rel}","templated":true}]}}